{"id":1017,"date":"2018-03-21T15:45:26","date_gmt":"2018-03-21T20:45:26","guid":{"rendered":"https:\/\/agroser.com.co\/site\/?post_type=product&#038;p=1017"},"modified":"2022-10-24T18:56:55","modified_gmt":"2022-10-24T23:56:55","slug":"bioclean","status":"publish","type":"product","link":"https:\/\/www.agroserag.com\/site\/shop\/biotec\/bioclean\/","title":{"rendered":"BIOCLEAN"},"content":{"rendered":"<p><strong>BIOCLEAN<sup>\u00ae<\/sup><\/strong> es un fungicida formulado a base de lactosuero, caracterizado por su alto contenido en \u00e1cidos org\u00e1nicos y prote\u00ednas con capacidades antimicrobianas.<\/p>\n<p><strong>BIOCLEAN<sup>\u00ae<\/sup><\/strong>\u00a0presenta actividad preventiva y curativa frente al ataque de hongos y bacterias pat\u00f3genas.<br \/>\nSu contenido en lactoferrina le confiere car\u00e1cter preventivo, actuando esta como secuestrante de hierro libre en los sitios de infecci\u00f3n, privando de este nutriente al pat\u00f3geno e influyendo en su capacidad de reproducci\u00f3n.<\/p>\n<p>Los \u00e1cidos org\u00e1nicos poseen la capacidad de aumentar la permeabilidad de la membrana celular y liberar el contenido citoplasm\u00e1tico del pat\u00f3geno, otorg\u00e1ndole a\u00a0<strong>BIOCLEAN<sup>\u00ae<\/sup><\/strong>\u00a0propiedades curativas.<\/p>\n","protected":false},"excerpt":{"rendered":"<p>BIOCLEAN\u00ae es un fungicida formulado a base de lactosuero, caracterizado por su alto contenido en \u00e1cidos org\u00e1nicos y prote\u00ednas con capacidades antimicrobianas. BIOCLEAN\u00ae\u00a0presenta actividad preventiva y curativa frente al ataque de hongos y bacterias pat\u00f3genas. Su contenido en lactoferrina le confiere car\u00e1cter preventivo, actuando esta como secuestrante de hierro libre en los sitios de infecci\u00f3n, [&hellip;]<\/p>\n","protected":false},"featured_media":15718,"template":"","meta":{"om_disable_all_campaigns":false,"_uag_custom_page_level_css":"","_monsterinsights_skip_tracking":false,"_monsterinsights_sitenote_active":false,"_monsterinsights_sitenote_note":"","_monsterinsights_sitenote_category":0},"product_brand":[],"product_cat":[38],"product_tag":[],"class_list":{"0":"post-1017","1":"product","2":"type-product","3":"status-publish","4":"has-post-thumbnail","6":"product_cat-biotec","8":"first","9":"instock","10":"taxable","11":"shipping-taxable","12":"product-type-simple"},"aioseo_notices":[],"uagb_featured_image_src":{"full":["https:\/\/www.agroserag.com\/site\/wp-content\/uploads\/2019\/07\/Bioclean_500.jpg",500,500,false],"thumbnail":["https:\/\/www.agroserag.com\/site\/wp-content\/uploads\/2019\/07\/Bioclean_500.jpg",150,150,false],"medium":["https:\/\/www.agroserag.com\/site\/wp-content\/uploads\/2019\/07\/Bioclean_500.jpg",300,300,false],"medium_large":["https:\/\/www.agroserag.com\/site\/wp-content\/uploads\/2019\/07\/Bioclean_500.jpg",500,500,false],"large":["https:\/\/www.agroserag.com\/site\/wp-content\/uploads\/2019\/07\/Bioclean_500.jpg",500,500,false],"1536x1536":["https:\/\/www.agroserag.com\/site\/wp-content\/uploads\/2019\/07\/Bioclean_500.jpg",500,500,false],"2048x2048":["https:\/\/www.agroserag.com\/site\/wp-content\/uploads\/2019\/07\/Bioclean_500.jpg",500,500,false],"woocommerce_thumbnail":["https:\/\/www.agroserag.com\/site\/wp-content\/uploads\/2019\/07\/Bioclean_500.jpg",265,265,false],"woocommerce_single":["https:\/\/www.agroserag.com\/site\/wp-content\/uploads\/2019\/07\/Bioclean_500.jpg",450,450,false],"woocommerce_gallery_thumbnail":["https:\/\/www.agroserag.com\/site\/wp-content\/uploads\/2019\/07\/Bioclean_500.jpg",100,100,false],"sow-carousel-default":["https:\/\/www.agroserag.com\/site\/wp-content\/uploads\/2019\/07\/Bioclean_500.jpg",182,182,false]},"uagb_author_info":{"display_name":"Agroser","author_link":false},"uagb_comment_info":0,"uagb_excerpt":"BIOCLEAN\u00ae es un fungicida formulado a base de lactosuero, caracterizado por su alto contenido en \u00e1cidos org\u00e1nicos y prote\u00ednas con capacidades antimicrobianas. BIOCLEAN\u00ae\u00a0presenta actividad preventiva y curativa frente al ataque de hongos y bacterias pat\u00f3genas. Su contenido en lactoferrina le confiere car\u00e1cter preventivo, actuando esta como secuestrante de hierro libre en los sitios de infecci\u00f3n,&hellip;","_links":{"self":[{"href":"https:\/\/www.agroserag.com\/site\/wp-json\/wp\/v2\/product\/1017","targetHints":{"allow":["GET"]}}],"collection":[{"href":"https:\/\/www.agroserag.com\/site\/wp-json\/wp\/v2\/product"}],"about":[{"href":"https:\/\/www.agroserag.com\/site\/wp-json\/wp\/v2\/types\/product"}],"wp:featuredmedia":[{"embeddable":true,"href":"https:\/\/www.agroserag.com\/site\/wp-json\/wp\/v2\/media\/15718"}],"wp:attachment":[{"href":"https:\/\/www.agroserag.com\/site\/wp-json\/wp\/v2\/media?parent=1017"}],"wp:term":[{"taxonomy":"product_brand","embeddable":true,"href":"https:\/\/www.agroserag.com\/site\/wp-json\/wp\/v2\/product_brand?post=1017"},{"taxonomy":"product_cat","embeddable":true,"href":"https:\/\/www.agroserag.com\/site\/wp-json\/wp\/v2\/product_cat?post=1017"},{"taxonomy":"product_tag","embeddable":true,"href":"https:\/\/www.agroserag.com\/site\/wp-json\/wp\/v2\/product_tag?post=1017"}],"curies":[{"name":"wp","href":"https:\/\/api.w.org\/{rel}","templated":true}]}}