{"id":1399,"date":"2019-07-07T11:11:39","date_gmt":"2019-07-07T16:11:39","guid":{"rendered":"https:\/\/www.agroserag.com\/site\/?post_type=product&#038;p=1399"},"modified":"2024-12-02T15:15:23","modified_gmt":"2024-12-02T20:15:23","slug":"crusher-ec","status":"publish","type":"product","link":"https:\/\/www.agroserag.com\/site\/shop\/proteccion\/herbicidas\/crusher-ec\/","title":{"rendered":"CRUSHER  EC"},"content":{"rendered":"<p><strong>CRUSHER EC<\/strong>\u00a0es un herbicida sist\u00e9mico pre-emergente recomendado para el control de gram\u00edneas anuales y ciertas malezas de hoja ancha en el cultivo de arroz. El lugar de absorci\u00f3n m\u00e1s importante es el primer nudo de las pl\u00e1ntulas en el proceso de germinaci\u00f3n, inhibi\u00e9ndoles el crecimiento, causando su muerte.<\/p>\n","protected":false},"excerpt":{"rendered":"<p><img loading=\"lazy\" decoding=\"async\" class=\"alignnone wp-image-16546 size-full\" src=\"https:\/\/www.agroserag.com\/site\/wp-content\/uploads\/2019\/07\/Logo-Crusher_miniatura.png\" alt=\"\" width=\"190\" height=\"60\" \/><br \/>\nI.A: Butaclor<br \/>\nREGISTRO ICA: PL0001222022<br \/>\nCATEGOR\u00cdA TOXICOL\u00d3GICA: 4 LIGERAMENTE PELIGROSO<\/p>\n","protected":false},"featured_media":16547,"template":"","meta":{"om_disable_all_campaigns":false,"_uag_custom_page_level_css":"","_monsterinsights_skip_tracking":false,"_monsterinsights_sitenote_active":false,"_monsterinsights_sitenote_note":"","_monsterinsights_sitenote_category":0},"product_brand":[],"product_cat":[19,18],"product_tag":[],"class_list":{"0":"post-1399","1":"product","2":"type-product","3":"status-publish","4":"has-post-thumbnail","6":"product_cat-herbicidas","7":"product_cat-proteccion","9":"first","10":"instock","11":"taxable","12":"shipping-taxable","13":"product-type-simple"},"aioseo_notices":[],"uagb_featured_image_src":{"full":["https:\/\/www.agroserag.com\/site\/wp-content\/uploads\/2019\/07\/Logo-Crusher-2023.png",500,500,false],"thumbnail":["https:\/\/www.agroserag.com\/site\/wp-content\/uploads\/2019\/07\/Logo-Crusher-2023.png",150,150,false],"medium":["https:\/\/www.agroserag.com\/site\/wp-content\/uploads\/2019\/07\/Logo-Crusher-2023.png",300,300,false],"medium_large":["https:\/\/www.agroserag.com\/site\/wp-content\/uploads\/2019\/07\/Logo-Crusher-2023.png",500,500,false],"large":["https:\/\/www.agroserag.com\/site\/wp-content\/uploads\/2019\/07\/Logo-Crusher-2023.png",500,500,false],"1536x1536":["https:\/\/www.agroserag.com\/site\/wp-content\/uploads\/2019\/07\/Logo-Crusher-2023.png",500,500,false],"2048x2048":["https:\/\/www.agroserag.com\/site\/wp-content\/uploads\/2019\/07\/Logo-Crusher-2023.png",500,500,false],"woocommerce_thumbnail":["https:\/\/www.agroserag.com\/site\/wp-content\/uploads\/2019\/07\/Logo-Crusher-2023.png",265,265,false],"woocommerce_single":["https:\/\/www.agroserag.com\/site\/wp-content\/uploads\/2019\/07\/Logo-Crusher-2023.png",450,450,false],"woocommerce_gallery_thumbnail":["https:\/\/www.agroserag.com\/site\/wp-content\/uploads\/2019\/07\/Logo-Crusher-2023.png",100,100,false],"sow-carousel-default":["https:\/\/www.agroserag.com\/site\/wp-content\/uploads\/2019\/07\/Logo-Crusher-2023.png",182,182,false]},"uagb_author_info":{"display_name":"Mar\u00eda Fernanda Figueroa","author_link":false},"uagb_comment_info":0,"uagb_excerpt":"I.A: Butaclor REGISTRO ICA: PL0001222022 CATEGOR\u00cdA TOXICOL\u00d3GICA: 4 LIGERAMENTE PELIGROSO","_links":{"self":[{"href":"https:\/\/www.agroserag.com\/site\/wp-json\/wp\/v2\/product\/1399","targetHints":{"allow":["GET"]}}],"collection":[{"href":"https:\/\/www.agroserag.com\/site\/wp-json\/wp\/v2\/product"}],"about":[{"href":"https:\/\/www.agroserag.com\/site\/wp-json\/wp\/v2\/types\/product"}],"wp:featuredmedia":[{"embeddable":true,"href":"https:\/\/www.agroserag.com\/site\/wp-json\/wp\/v2\/media\/16547"}],"wp:attachment":[{"href":"https:\/\/www.agroserag.com\/site\/wp-json\/wp\/v2\/media?parent=1399"}],"wp:term":[{"taxonomy":"product_brand","embeddable":true,"href":"https:\/\/www.agroserag.com\/site\/wp-json\/wp\/v2\/product_brand?post=1399"},{"taxonomy":"product_cat","embeddable":true,"href":"https:\/\/www.agroserag.com\/site\/wp-json\/wp\/v2\/product_cat?post=1399"},{"taxonomy":"product_tag","embeddable":true,"href":"https:\/\/www.agroserag.com\/site\/wp-json\/wp\/v2\/product_tag?post=1399"}],"curies":[{"name":"wp","href":"https:\/\/api.w.org\/{rel}","templated":true}]}}