{"id":1401,"date":"2019-07-07T11:17:40","date_gmt":"2019-07-07T16:17:40","guid":{"rendered":"https:\/\/www.agroserag.com\/site\/?post_type=product&#038;p=1401"},"modified":"2024-11-29T11:49:53","modified_gmt":"2024-11-29T16:49:53","slug":"desafio-ec","status":"publish","type":"product","link":"https:\/\/www.agroserag.com\/site\/shop\/proteccion\/herbicidas\/desafio-ec\/","title":{"rendered":"DESAFIO EC"},"content":{"rendered":"<p><strong>DESAFIO<sup>\u00ae<\/sup> EC<\/strong>, es un herbicida post-emergente sist\u00e9mico, recomendado para el control de malezas gram\u00edneas,\u00a0 de r\u00e1pida absorci\u00f3n a trav\u00e9s del follaje de las plantas. Es traslocado a los tejidos meristematicos de la planta, donde ejerce su acci\u00f3n herbicida.<\/p>\n<p><strong>DESAFIO<sup>\u00ae<\/sup> EC<\/strong>, es compatible \u00fanicamente con los herbicidas pre-emergentes Pendimetalina, Thiazopir\u00a0 y Oxadiazon para el control post-emergente y residual de las malezas en el cultivo del arroz.<\/p>\n","protected":false},"excerpt":{"rendered":"<p><img loading=\"lazy\" decoding=\"async\" class=\"alignnone wp-image-16548 size-full\" src=\"https:\/\/www.agroserag.com\/site\/wp-content\/uploads\/2019\/07\/Logo-Desafio_miniatura.png\" alt=\"\" width=\"190\" height=\"60\" \/><br \/>\nI.A:\u00a0 Cyhalofop butyl<br \/>\nREGISTRO ICA: PL0013722023<br \/>\nCATEGOR\u00cdA TOXICOL\u00d3GICA: 4 LIGERAMENTE PELIGROSO<\/p>\n","protected":false},"featured_media":16549,"template":"","meta":{"om_disable_all_campaigns":false,"_uag_custom_page_level_css":"","_monsterinsights_skip_tracking":false,"_monsterinsights_sitenote_active":false,"_monsterinsights_sitenote_note":"","_monsterinsights_sitenote_category":0},"product_brand":[],"product_cat":[19,18],"product_tag":[],"class_list":{"0":"post-1401","1":"product","2":"type-product","3":"status-publish","4":"has-post-thumbnail","6":"product_cat-herbicidas","7":"product_cat-proteccion","9":"first","10":"instock","11":"taxable","12":"shipping-taxable","13":"product-type-simple"},"aioseo_notices":[],"uagb_featured_image_src":{"full":["https:\/\/www.agroserag.com\/site\/wp-content\/uploads\/2019\/07\/Logo-Desafio-2023.png",500,500,false],"thumbnail":["https:\/\/www.agroserag.com\/site\/wp-content\/uploads\/2019\/07\/Logo-Desafio-2023.png",150,150,false],"medium":["https:\/\/www.agroserag.com\/site\/wp-content\/uploads\/2019\/07\/Logo-Desafio-2023.png",300,300,false],"medium_large":["https:\/\/www.agroserag.com\/site\/wp-content\/uploads\/2019\/07\/Logo-Desafio-2023.png",500,500,false],"large":["https:\/\/www.agroserag.com\/site\/wp-content\/uploads\/2019\/07\/Logo-Desafio-2023.png",500,500,false],"1536x1536":["https:\/\/www.agroserag.com\/site\/wp-content\/uploads\/2019\/07\/Logo-Desafio-2023.png",500,500,false],"2048x2048":["https:\/\/www.agroserag.com\/site\/wp-content\/uploads\/2019\/07\/Logo-Desafio-2023.png",500,500,false],"woocommerce_thumbnail":["https:\/\/www.agroserag.com\/site\/wp-content\/uploads\/2019\/07\/Logo-Desafio-2023.png",265,265,false],"woocommerce_single":["https:\/\/www.agroserag.com\/site\/wp-content\/uploads\/2019\/07\/Logo-Desafio-2023.png",450,450,false],"woocommerce_gallery_thumbnail":["https:\/\/www.agroserag.com\/site\/wp-content\/uploads\/2019\/07\/Logo-Desafio-2023.png",100,100,false],"sow-carousel-default":["https:\/\/www.agroserag.com\/site\/wp-content\/uploads\/2019\/07\/Logo-Desafio-2023.png",182,182,false]},"uagb_author_info":{"display_name":"Mar\u00eda Fernanda Figueroa","author_link":false},"uagb_comment_info":0,"uagb_excerpt":"I.A:\u00a0 Cyhalofop butyl REGISTRO ICA: PL0013722023 CATEGOR\u00cdA TOXICOL\u00d3GICA: 4 LIGERAMENTE PELIGROSO","_links":{"self":[{"href":"https:\/\/www.agroserag.com\/site\/wp-json\/wp\/v2\/product\/1401","targetHints":{"allow":["GET"]}}],"collection":[{"href":"https:\/\/www.agroserag.com\/site\/wp-json\/wp\/v2\/product"}],"about":[{"href":"https:\/\/www.agroserag.com\/site\/wp-json\/wp\/v2\/types\/product"}],"wp:featuredmedia":[{"embeddable":true,"href":"https:\/\/www.agroserag.com\/site\/wp-json\/wp\/v2\/media\/16549"}],"wp:attachment":[{"href":"https:\/\/www.agroserag.com\/site\/wp-json\/wp\/v2\/media?parent=1401"}],"wp:term":[{"taxonomy":"product_brand","embeddable":true,"href":"https:\/\/www.agroserag.com\/site\/wp-json\/wp\/v2\/product_brand?post=1401"},{"taxonomy":"product_cat","embeddable":true,"href":"https:\/\/www.agroserag.com\/site\/wp-json\/wp\/v2\/product_cat?post=1401"},{"taxonomy":"product_tag","embeddable":true,"href":"https:\/\/www.agroserag.com\/site\/wp-json\/wp\/v2\/product_tag?post=1401"}],"curies":[{"name":"wp","href":"https:\/\/api.w.org\/{rel}","templated":true}]}}