{"id":1414,"date":"2019-07-07T11:44:46","date_gmt":"2019-07-07T16:44:46","guid":{"rendered":"https:\/\/www.agroserag.com\/site\/?post_type=product&#038;p=1414"},"modified":"2022-01-19T19:36:45","modified_gmt":"2022-01-20T00:36:45","slug":"glyfosan-forte","status":"publish","type":"product","link":"https:\/\/www.agroserag.com\/site\/shop\/proteccion\/herbicidas\/glyfosan-forte\/","title":{"rendered":"GLYFOSAN FORTE"},"content":{"rendered":"<p>En Arroz Riego se recomienda aplicar <strong>GLYFOSAN<sup>\u00ae<\/sup> FORTE SL<\/strong>, 15 d\u00edas antes de la siembra del cultivo y 33 d\u00edas despu\u00e9s de haber sido preparado el terreno en forma convencional.<\/p>\n<p>En Arroz de Secano se debe aplicar en post-emergencia a la maleza y presiembra al cultivo, se recomienda utilizar <strong>GLYFOSAN<sup>\u00ae<\/sup> FORTE SL<\/strong>, en no-labranza dejando que despu\u00e9s de preparado el lote emerjan las malezas, hasta que alcancen una altura de 25 a 30 cm, para luego\u00a0 aplicar el herbicida: Sembrar 15 d\u00edas despu\u00e9s.<\/p>\n","protected":false},"excerpt":{"rendered":"<p><img loading=\"lazy\" decoding=\"async\" class=\"alignnone size-full wp-image-15789\" src=\"https:\/\/www.agroserag.com\/site\/wp-content\/uploads\/2021\/08\/Glyfosan_Forte-1.jpg\" alt=\"\" width=\"190\" height=\"60\" \/><br \/>\nI.A: Glifosato<br \/>\nREGISTRO ICA: 1267<br \/>\nCATEGOR\u00cdA TOXICOL\u00d3GICA: III LIGERAMENTE PELIGROSO<\/p>\n","protected":false},"featured_media":15598,"template":"","meta":{"om_disable_all_campaigns":false,"_uag_custom_page_level_css":"","_monsterinsights_skip_tracking":false,"_monsterinsights_sitenote_active":false,"_monsterinsights_sitenote_note":"","_monsterinsights_sitenote_category":0},"product_brand":[],"product_cat":[19,18],"product_tag":[],"class_list":{"0":"post-1414","1":"product","2":"type-product","3":"status-publish","4":"has-post-thumbnail","6":"product_cat-herbicidas","7":"product_cat-proteccion","9":"first","10":"instock","11":"taxable","12":"shipping-taxable","13":"product-type-simple"},"aioseo_notices":[],"uagb_featured_image_src":{"full":["https:\/\/www.agroserag.com\/site\/wp-content\/uploads\/2021\/08\/Glyfosan_Forte.jpg",500,500,false],"thumbnail":["https:\/\/www.agroserag.com\/site\/wp-content\/uploads\/2021\/08\/Glyfosan_Forte.jpg",150,150,false],"medium":["https:\/\/www.agroserag.com\/site\/wp-content\/uploads\/2021\/08\/Glyfosan_Forte.jpg",300,300,false],"medium_large":["https:\/\/www.agroserag.com\/site\/wp-content\/uploads\/2021\/08\/Glyfosan_Forte.jpg",500,500,false],"large":["https:\/\/www.agroserag.com\/site\/wp-content\/uploads\/2021\/08\/Glyfosan_Forte.jpg",500,500,false],"1536x1536":["https:\/\/www.agroserag.com\/site\/wp-content\/uploads\/2021\/08\/Glyfosan_Forte.jpg",500,500,false],"2048x2048":["https:\/\/www.agroserag.com\/site\/wp-content\/uploads\/2021\/08\/Glyfosan_Forte.jpg",500,500,false],"woocommerce_thumbnail":["https:\/\/www.agroserag.com\/site\/wp-content\/uploads\/2021\/08\/Glyfosan_Forte.jpg",265,265,false],"woocommerce_single":["https:\/\/www.agroserag.com\/site\/wp-content\/uploads\/2021\/08\/Glyfosan_Forte.jpg",450,450,false],"woocommerce_gallery_thumbnail":["https:\/\/www.agroserag.com\/site\/wp-content\/uploads\/2021\/08\/Glyfosan_Forte.jpg",100,100,false],"sow-carousel-default":["https:\/\/www.agroserag.com\/site\/wp-content\/uploads\/2021\/08\/Glyfosan_Forte.jpg",182,182,false]},"uagb_author_info":{"display_name":"Mar\u00eda Fernanda Figueroa","author_link":false},"uagb_comment_info":0,"uagb_excerpt":"I.A: Glifosato REGISTRO ICA: 1267 CATEGOR\u00cdA TOXICOL\u00d3GICA: III LIGERAMENTE PELIGROSO","_links":{"self":[{"href":"https:\/\/www.agroserag.com\/site\/wp-json\/wp\/v2\/product\/1414","targetHints":{"allow":["GET"]}}],"collection":[{"href":"https:\/\/www.agroserag.com\/site\/wp-json\/wp\/v2\/product"}],"about":[{"href":"https:\/\/www.agroserag.com\/site\/wp-json\/wp\/v2\/types\/product"}],"wp:featuredmedia":[{"embeddable":true,"href":"https:\/\/www.agroserag.com\/site\/wp-json\/wp\/v2\/media\/15598"}],"wp:attachment":[{"href":"https:\/\/www.agroserag.com\/site\/wp-json\/wp\/v2\/media?parent=1414"}],"wp:term":[{"taxonomy":"product_brand","embeddable":true,"href":"https:\/\/www.agroserag.com\/site\/wp-json\/wp\/v2\/product_brand?post=1414"},{"taxonomy":"product_cat","embeddable":true,"href":"https:\/\/www.agroserag.com\/site\/wp-json\/wp\/v2\/product_cat?post=1414"},{"taxonomy":"product_tag","embeddable":true,"href":"https:\/\/www.agroserag.com\/site\/wp-json\/wp\/v2\/product_tag?post=1414"}],"curies":[{"name":"wp","href":"https:\/\/api.w.org\/{rel}","templated":true}]}}