{"id":1424,"date":"2019-07-07T12:38:52","date_gmt":"2019-07-07T17:38:52","guid":{"rendered":"https:\/\/www.agroserag.com\/site\/?post_type=product&#038;p=1424"},"modified":"2022-04-07T16:21:47","modified_gmt":"2022-04-07T21:21:47","slug":"limpiamaiz-90-wg","status":"publish","type":"product","link":"https:\/\/www.agroserag.com\/site\/shop\/proteccion\/herbicidas\/limpiamaiz-90-wg\/","title":{"rendered":"LIMPIAMAIZ 90 WG"},"content":{"rendered":"<p><strong>LIMPIAMAIZ<\/strong><strong><sup>\u00ae<\/sup><\/strong><strong> 90 WG<\/strong><strong>, <\/strong>es un herbicida para el control de malezas en ma\u00edz. Es absorbido principalmente por las ra\u00edces pero tambi\u00e9n por las hojas de las malezas, inhibiendo la fotos\u00edntesis y controlando principalmente malezas dicotiled\u00f3neas (hoja ancha) y algunas gram\u00edneas (monocotiled\u00f3neas).<\/p>\n<p>Estas caracter\u00edsticas y su compatibilidad con los cultivos recomendados permiten elegir el tiempo de aplicaci\u00f3n entre pre-emergencia y post-emergencia temprana.<\/p>\n<p><strong>LIMPIAMAIZ<\/strong><strong><sup>\u00ae<\/sup><\/strong><strong> 90 WG<\/strong>, debe ser aplicado con suficiente humedad en el suelo y su uso puede ser igualmente pre o post-emergente, seg\u00fan la necesidad.<\/p>\n","protected":false},"excerpt":{"rendered":"<p><img loading=\"lazy\" decoding=\"async\" class=\"alignnone size-full wp-image-15794\" src=\"https:\/\/www.agroserag.com\/site\/wp-content\/uploads\/2021\/08\/Limpiamiaz_90WG.jpg\" alt=\"\" width=\"190\" height=\"60\" \/><br \/>\nI.A: -Atrazina<br \/>\nREGISTRO ICA: 1546<br \/>\nCATEGOR\u00cdA TOXICOL\u00d3GICA: III LIGERAMENTE PELIGROSO<\/p>\n","protected":false},"featured_media":15606,"template":"","meta":{"om_disable_all_campaigns":false,"_uag_custom_page_level_css":"","_monsterinsights_skip_tracking":false,"_monsterinsights_sitenote_active":false,"_monsterinsights_sitenote_note":"","_monsterinsights_sitenote_category":0},"product_brand":[],"product_cat":[19,18],"product_tag":[],"class_list":{"0":"post-1424","1":"product","2":"type-product","3":"status-publish","4":"has-post-thumbnail","6":"product_cat-herbicidas","7":"product_cat-proteccion","9":"first","10":"instock","11":"taxable","12":"shipping-taxable","13":"product-type-simple"},"aioseo_notices":[],"uagb_featured_image_src":{"full":["https:\/\/www.agroserag.com\/site\/wp-content\/uploads\/2021\/08\/Limpiamaiz_90WG.jpg",500,500,false],"thumbnail":["https:\/\/www.agroserag.com\/site\/wp-content\/uploads\/2021\/08\/Limpiamaiz_90WG.jpg",150,150,false],"medium":["https:\/\/www.agroserag.com\/site\/wp-content\/uploads\/2021\/08\/Limpiamaiz_90WG.jpg",300,300,false],"medium_large":["https:\/\/www.agroserag.com\/site\/wp-content\/uploads\/2021\/08\/Limpiamaiz_90WG.jpg",500,500,false],"large":["https:\/\/www.agroserag.com\/site\/wp-content\/uploads\/2021\/08\/Limpiamaiz_90WG.jpg",500,500,false],"1536x1536":["https:\/\/www.agroserag.com\/site\/wp-content\/uploads\/2021\/08\/Limpiamaiz_90WG.jpg",500,500,false],"2048x2048":["https:\/\/www.agroserag.com\/site\/wp-content\/uploads\/2021\/08\/Limpiamaiz_90WG.jpg",500,500,false],"woocommerce_thumbnail":["https:\/\/www.agroserag.com\/site\/wp-content\/uploads\/2021\/08\/Limpiamaiz_90WG.jpg",265,265,false],"woocommerce_single":["https:\/\/www.agroserag.com\/site\/wp-content\/uploads\/2021\/08\/Limpiamaiz_90WG.jpg",450,450,false],"woocommerce_gallery_thumbnail":["https:\/\/www.agroserag.com\/site\/wp-content\/uploads\/2021\/08\/Limpiamaiz_90WG.jpg",100,100,false],"sow-carousel-default":["https:\/\/www.agroserag.com\/site\/wp-content\/uploads\/2021\/08\/Limpiamaiz_90WG.jpg",182,182,false]},"uagb_author_info":{"display_name":"Mar\u00eda Fernanda Figueroa","author_link":false},"uagb_comment_info":0,"uagb_excerpt":"I.A: -Atrazina REGISTRO ICA: 1546 CATEGOR\u00cdA TOXICOL\u00d3GICA: III LIGERAMENTE PELIGROSO","_links":{"self":[{"href":"https:\/\/www.agroserag.com\/site\/wp-json\/wp\/v2\/product\/1424","targetHints":{"allow":["GET"]}}],"collection":[{"href":"https:\/\/www.agroserag.com\/site\/wp-json\/wp\/v2\/product"}],"about":[{"href":"https:\/\/www.agroserag.com\/site\/wp-json\/wp\/v2\/types\/product"}],"wp:featuredmedia":[{"embeddable":true,"href":"https:\/\/www.agroserag.com\/site\/wp-json\/wp\/v2\/media\/15606"}],"wp:attachment":[{"href":"https:\/\/www.agroserag.com\/site\/wp-json\/wp\/v2\/media?parent=1424"}],"wp:term":[{"taxonomy":"product_brand","embeddable":true,"href":"https:\/\/www.agroserag.com\/site\/wp-json\/wp\/v2\/product_brand?post=1424"},{"taxonomy":"product_cat","embeddable":true,"href":"https:\/\/www.agroserag.com\/site\/wp-json\/wp\/v2\/product_cat?post=1424"},{"taxonomy":"product_tag","embeddable":true,"href":"https:\/\/www.agroserag.com\/site\/wp-json\/wp\/v2\/product_tag?post=1424"}],"curies":[{"name":"wp","href":"https:\/\/api.w.org\/{rel}","templated":true}]}}