{"id":1435,"date":"2019-07-07T13:48:37","date_gmt":"2019-07-07T18:48:37","guid":{"rendered":"https:\/\/www.agroserag.com\/site\/?post_type=product&#038;p=1435"},"modified":"2023-10-18T11:36:11","modified_gmt":"2023-10-18T16:36:11","slug":"proparroz-80-wg","status":"publish","type":"product","link":"https:\/\/www.agroserag.com\/site\/shop\/proteccion\/herbicidas\/proparroz-80-wg\/","title":{"rendered":"PROPARROZ 80 WG"},"content":{"rendered":"<p><strong>PROPARROZ 80 WG <\/strong>es un herbicida selectivo de post-emergencia para uso exclusivo en arroz, que elimina por contacto gram\u00edneas anuales, la mayor\u00eda de las malezas de hoja ancha y varias especies de ciper\u00e1ceas en los arrozales. Para obtener los mejores resultados, se debe preparar y nivelar bien el terreno, de manera que quede libre de terrones y as\u00ed lograr la germinaci\u00f3n m\u00e1s completa del arroz y las malezas. Aunque est\u00e1 probado que el Propanil no causa da\u00f1o al arroz, puede ocasionar peque\u00f1as quemazones pudiendo esta aumentar cuando se aplica a temperaturas mayores de 35 grados cent\u00edgrados<\/p>\n","protected":false},"excerpt":{"rendered":"<p><img loading=\"lazy\" decoding=\"async\" class=\"alignnone size-full wp-image-15803\" src=\"https:\/\/www.agroserag.com\/site\/wp-content\/uploads\/2021\/08\/Proparroz_80WG-1.jpg\" alt=\"\" width=\"190\" height=\"60\" \/><br \/>\nI.A: Propanil<br \/>\nREGISTRO ICA: PL0000402023<br \/>\nCATEGOR\u00cdA TOXICOL\u00d3GICA: III MEDIANAMENTE TOXICO<\/p>\n","protected":false},"featured_media":15626,"template":"","meta":{"om_disable_all_campaigns":false,"_uag_custom_page_level_css":"","_monsterinsights_skip_tracking":false,"_monsterinsights_sitenote_active":false,"_monsterinsights_sitenote_note":"","_monsterinsights_sitenote_category":0},"product_brand":[],"product_cat":[19,18],"product_tag":[],"class_list":{"0":"post-1435","1":"product","2":"type-product","3":"status-publish","4":"has-post-thumbnail","6":"product_cat-herbicidas","7":"product_cat-proteccion","9":"first","10":"instock","11":"taxable","12":"shipping-taxable","13":"product-type-simple"},"aioseo_notices":[],"uagb_featured_image_src":{"full":["https:\/\/www.agroserag.com\/site\/wp-content\/uploads\/2021\/08\/Proparroz_80WG.jpg",500,500,false],"thumbnail":["https:\/\/www.agroserag.com\/site\/wp-content\/uploads\/2021\/08\/Proparroz_80WG.jpg",150,150,false],"medium":["https:\/\/www.agroserag.com\/site\/wp-content\/uploads\/2021\/08\/Proparroz_80WG.jpg",300,300,false],"medium_large":["https:\/\/www.agroserag.com\/site\/wp-content\/uploads\/2021\/08\/Proparroz_80WG.jpg",500,500,false],"large":["https:\/\/www.agroserag.com\/site\/wp-content\/uploads\/2021\/08\/Proparroz_80WG.jpg",500,500,false],"1536x1536":["https:\/\/www.agroserag.com\/site\/wp-content\/uploads\/2021\/08\/Proparroz_80WG.jpg",500,500,false],"2048x2048":["https:\/\/www.agroserag.com\/site\/wp-content\/uploads\/2021\/08\/Proparroz_80WG.jpg",500,500,false],"woocommerce_thumbnail":["https:\/\/www.agroserag.com\/site\/wp-content\/uploads\/2021\/08\/Proparroz_80WG.jpg",265,265,false],"woocommerce_single":["https:\/\/www.agroserag.com\/site\/wp-content\/uploads\/2021\/08\/Proparroz_80WG.jpg",450,450,false],"woocommerce_gallery_thumbnail":["https:\/\/www.agroserag.com\/site\/wp-content\/uploads\/2021\/08\/Proparroz_80WG.jpg",100,100,false],"sow-carousel-default":["https:\/\/www.agroserag.com\/site\/wp-content\/uploads\/2021\/08\/Proparroz_80WG.jpg",182,182,false]},"uagb_author_info":{"display_name":"Mar\u00eda Fernanda Figueroa","author_link":false},"uagb_comment_info":0,"uagb_excerpt":"I.A: Propanil REGISTRO ICA: PL0000402023 CATEGOR\u00cdA TOXICOL\u00d3GICA: III MEDIANAMENTE TOXICO","_links":{"self":[{"href":"https:\/\/www.agroserag.com\/site\/wp-json\/wp\/v2\/product\/1435","targetHints":{"allow":["GET"]}}],"collection":[{"href":"https:\/\/www.agroserag.com\/site\/wp-json\/wp\/v2\/product"}],"about":[{"href":"https:\/\/www.agroserag.com\/site\/wp-json\/wp\/v2\/types\/product"}],"wp:featuredmedia":[{"embeddable":true,"href":"https:\/\/www.agroserag.com\/site\/wp-json\/wp\/v2\/media\/15626"}],"wp:attachment":[{"href":"https:\/\/www.agroserag.com\/site\/wp-json\/wp\/v2\/media?parent=1435"}],"wp:term":[{"taxonomy":"product_brand","embeddable":true,"href":"https:\/\/www.agroserag.com\/site\/wp-json\/wp\/v2\/product_brand?post=1435"},{"taxonomy":"product_cat","embeddable":true,"href":"https:\/\/www.agroserag.com\/site\/wp-json\/wp\/v2\/product_cat?post=1435"},{"taxonomy":"product_tag","embeddable":true,"href":"https:\/\/www.agroserag.com\/site\/wp-json\/wp\/v2\/product_tag?post=1435"}],"curies":[{"name":"wp","href":"https:\/\/api.w.org\/{rel}","templated":true}]}}