{"id":1441,"date":"2019-07-07T14:20:55","date_gmt":"2019-07-07T19:20:55","guid":{"rendered":"https:\/\/www.agroserag.com\/site\/?post_type=product&#038;p=1441"},"modified":"2022-01-19T19:25:14","modified_gmt":"2022-01-20T00:25:14","slug":"slider-240-sl","status":"publish","type":"product","link":"https:\/\/www.agroserag.com\/site\/shop\/proteccion\/herbicidas\/slider-240-sl\/","title":{"rendered":"SLIDER 240 SL"},"content":{"rendered":"<p><strong>SLIDER 240 SL<\/strong>, es un herbicida selectivo de acci\u00f3n sist\u00e9mica, penetra a trav\u00e9s de los estomas de la planta y se trastoca hasta los meristemos, en los cuales produce un crecimiento excesivo, a menudo notorio por la presencia de deformaciones en hojas y tallos.<\/p>\n<p>Para obtener mejores resultados aplique <strong>SLIDER 240 SL<\/strong> cuando las malezas est\u00e9n creciendo vigorosamente, condiciones que se presentan cuando se ha establecido el per\u00edodo de lluvias o cuando existe suficiente humedad en el suelo.<\/p>\n","protected":false},"excerpt":{"rendered":"<p><img loading=\"lazy\" decoding=\"async\" class=\"alignnone size-full wp-image-15809\" src=\"https:\/\/www.agroserag.com\/site\/wp-content\/uploads\/2021\/08\/Slider-1.jpg\" alt=\"\" width=\"190\" height=\"60\" \/><br \/>\nI.A: Picloram<br \/>\nREGISTRO ICA: 2032<br \/>\nCATEGOR\u00cdA TOXICOL\u00d3GICA: III LIGERAMENTE PELIGROSO<\/p>\n","protected":false},"featured_media":15637,"template":"","meta":{"om_disable_all_campaigns":false,"_uag_custom_page_level_css":"","_monsterinsights_skip_tracking":false,"_monsterinsights_sitenote_active":false,"_monsterinsights_sitenote_note":"","_monsterinsights_sitenote_category":0},"product_brand":[],"product_cat":[19,18],"product_tag":[],"class_list":{"0":"post-1441","1":"product","2":"type-product","3":"status-publish","4":"has-post-thumbnail","6":"product_cat-herbicidas","7":"product_cat-proteccion","9":"first","10":"instock","11":"taxable","12":"shipping-taxable","13":"product-type-simple"},"aioseo_notices":[],"uagb_featured_image_src":{"full":["https:\/\/www.agroserag.com\/site\/wp-content\/uploads\/2021\/08\/Slider.jpg",500,500,false],"thumbnail":["https:\/\/www.agroserag.com\/site\/wp-content\/uploads\/2021\/08\/Slider.jpg",150,150,false],"medium":["https:\/\/www.agroserag.com\/site\/wp-content\/uploads\/2021\/08\/Slider.jpg",300,300,false],"medium_large":["https:\/\/www.agroserag.com\/site\/wp-content\/uploads\/2021\/08\/Slider.jpg",500,500,false],"large":["https:\/\/www.agroserag.com\/site\/wp-content\/uploads\/2021\/08\/Slider.jpg",500,500,false],"1536x1536":["https:\/\/www.agroserag.com\/site\/wp-content\/uploads\/2021\/08\/Slider.jpg",500,500,false],"2048x2048":["https:\/\/www.agroserag.com\/site\/wp-content\/uploads\/2021\/08\/Slider.jpg",500,500,false],"woocommerce_thumbnail":["https:\/\/www.agroserag.com\/site\/wp-content\/uploads\/2021\/08\/Slider.jpg",265,265,false],"woocommerce_single":["https:\/\/www.agroserag.com\/site\/wp-content\/uploads\/2021\/08\/Slider.jpg",450,450,false],"woocommerce_gallery_thumbnail":["https:\/\/www.agroserag.com\/site\/wp-content\/uploads\/2021\/08\/Slider.jpg",100,100,false],"sow-carousel-default":["https:\/\/www.agroserag.com\/site\/wp-content\/uploads\/2021\/08\/Slider.jpg",182,182,false]},"uagb_author_info":{"display_name":"Mar\u00eda Fernanda Figueroa","author_link":false},"uagb_comment_info":0,"uagb_excerpt":"I.A: Picloram REGISTRO ICA: 2032 CATEGOR\u00cdA TOXICOL\u00d3GICA: III LIGERAMENTE PELIGROSO","_links":{"self":[{"href":"https:\/\/www.agroserag.com\/site\/wp-json\/wp\/v2\/product\/1441","targetHints":{"allow":["GET"]}}],"collection":[{"href":"https:\/\/www.agroserag.com\/site\/wp-json\/wp\/v2\/product"}],"about":[{"href":"https:\/\/www.agroserag.com\/site\/wp-json\/wp\/v2\/types\/product"}],"wp:featuredmedia":[{"embeddable":true,"href":"https:\/\/www.agroserag.com\/site\/wp-json\/wp\/v2\/media\/15637"}],"wp:attachment":[{"href":"https:\/\/www.agroserag.com\/site\/wp-json\/wp\/v2\/media?parent=1441"}],"wp:term":[{"taxonomy":"product_brand","embeddable":true,"href":"https:\/\/www.agroserag.com\/site\/wp-json\/wp\/v2\/product_brand?post=1441"},{"taxonomy":"product_cat","embeddable":true,"href":"https:\/\/www.agroserag.com\/site\/wp-json\/wp\/v2\/product_cat?post=1441"},{"taxonomy":"product_tag","embeddable":true,"href":"https:\/\/www.agroserag.com\/site\/wp-json\/wp\/v2\/product_tag?post=1441"}],"curies":[{"name":"wp","href":"https:\/\/api.w.org\/{rel}","templated":true}]}}