{"id":1449,"date":"2019-07-07T14:43:23","date_gmt":"2019-07-07T19:43:23","guid":{"rendered":"https:\/\/www.agroserag.com\/site\/?post_type=product&#038;p=1449"},"modified":"2026-04-27T10:34:58","modified_gmt":"2026-04-27T15:34:58","slug":"cavalier-325-c","status":"publish","type":"product","link":"https:\/\/www.agroserag.com\/site\/shop\/proteccion\/fungicidas\/cavalier-325-c\/","title":{"rendered":"CAVALIER 325 SC"},"content":{"rendered":"<p>CAVALIER 325 SC es un fungicida preventivo y fuertemente curativo, que mezcla dos ingredientes activos: Azoxystrobin y Difenoconazole. El Azoxystrobin inhibe la respiraci\u00f3n mitocondrial de las c\u00e9lulas de los hongos, al impedir la transferencia de electrones entre el citocromo b y el c1, evitando la formaci\u00f3n de energ\u00eda (ATP) necesaria para su crecimiento y desarrollo. Difenoconazole inhibe la s\u00edntesis de ergosterol, que causa un incremento del lanosterol, lo cual a su vez ocasiona un incremento de la permeabilidad de la membrana, disturbios en el transporte de nutrientes, desequilibrio en la bios\u00edntesis de quitina y en el balance enzim\u00e1tico deteniendo el crecimiento del micelio del hongo<\/p>\n","protected":false},"excerpt":{"rendered":"<p>I.A: Azoxystrobin + Difenoconazole<br \/>\nREGISTRO ICA: PL0002822022<br \/>\nCATEGOR\u00cdA TOXICOL\u00d3GICA: II MODERADAMENTE PELIGROSO<\/p>\n","protected":false},"featured_media":15512,"template":"","meta":{"om_disable_all_campaigns":false,"_uag_custom_page_level_css":"","_monsterinsights_skip_tracking":false,"_monsterinsights_sitenote_active":false,"_monsterinsights_sitenote_note":"","_monsterinsights_sitenote_category":0},"product_brand":[],"product_cat":[27,18],"product_tag":[],"class_list":{"0":"post-1449","1":"product","2":"type-product","3":"status-publish","4":"has-post-thumbnail","6":"product_cat-fungicidas","7":"product_cat-proteccion","9":"first","10":"instock","11":"taxable","12":"shipping-taxable","13":"product-type-simple"},"aioseo_notices":[],"uagb_featured_image_src":{"full":["https:\/\/www.agroserag.com\/site\/wp-content\/uploads\/2021\/01\/Cavalier_325SC.jpg",500,500,false],"thumbnail":["https:\/\/www.agroserag.com\/site\/wp-content\/uploads\/2021\/01\/Cavalier_325SC.jpg",150,150,false],"medium":["https:\/\/www.agroserag.com\/site\/wp-content\/uploads\/2021\/01\/Cavalier_325SC.jpg",300,300,false],"medium_large":["https:\/\/www.agroserag.com\/site\/wp-content\/uploads\/2021\/01\/Cavalier_325SC.jpg",500,500,false],"large":["https:\/\/www.agroserag.com\/site\/wp-content\/uploads\/2021\/01\/Cavalier_325SC.jpg",500,500,false],"1536x1536":["https:\/\/www.agroserag.com\/site\/wp-content\/uploads\/2021\/01\/Cavalier_325SC.jpg",500,500,false],"2048x2048":["https:\/\/www.agroserag.com\/site\/wp-content\/uploads\/2021\/01\/Cavalier_325SC.jpg",500,500,false],"woocommerce_thumbnail":["https:\/\/www.agroserag.com\/site\/wp-content\/uploads\/2021\/01\/Cavalier_325SC-265x265.jpg",265,265,true],"woocommerce_single":["https:\/\/www.agroserag.com\/site\/wp-content\/uploads\/2021\/01\/Cavalier_325SC-450x450.jpg",450,450,true],"woocommerce_gallery_thumbnail":["https:\/\/www.agroserag.com\/site\/wp-content\/uploads\/2021\/01\/Cavalier_325SC-100x100.jpg",100,100,true],"sow-carousel-default":["https:\/\/www.agroserag.com\/site\/wp-content\/uploads\/2021\/01\/Cavalier_325SC.jpg",182,182,false]},"uagb_author_info":{"display_name":"Mar\u00eda Fernanda Figueroa","author_link":false},"uagb_comment_info":0,"uagb_excerpt":"I.A: Azoxystrobin + Difenoconazole REGISTRO ICA: PL0002822022 CATEGOR\u00cdA TOXICOL\u00d3GICA: II MODERADAMENTE PELIGROSO","_links":{"self":[{"href":"https:\/\/www.agroserag.com\/site\/wp-json\/wp\/v2\/product\/1449","targetHints":{"allow":["GET"]}}],"collection":[{"href":"https:\/\/www.agroserag.com\/site\/wp-json\/wp\/v2\/product"}],"about":[{"href":"https:\/\/www.agroserag.com\/site\/wp-json\/wp\/v2\/types\/product"}],"wp:featuredmedia":[{"embeddable":true,"href":"https:\/\/www.agroserag.com\/site\/wp-json\/wp\/v2\/media\/15512"}],"wp:attachment":[{"href":"https:\/\/www.agroserag.com\/site\/wp-json\/wp\/v2\/media?parent=1449"}],"wp:term":[{"taxonomy":"product_brand","embeddable":true,"href":"https:\/\/www.agroserag.com\/site\/wp-json\/wp\/v2\/product_brand?post=1449"},{"taxonomy":"product_cat","embeddable":true,"href":"https:\/\/www.agroserag.com\/site\/wp-json\/wp\/v2\/product_cat?post=1449"},{"taxonomy":"product_tag","embeddable":true,"href":"https:\/\/www.agroserag.com\/site\/wp-json\/wp\/v2\/product_tag?post=1449"}],"curies":[{"name":"wp","href":"https:\/\/api.w.org\/{rel}","templated":true}]}}