{"id":1463,"date":"2019-07-07T17:39:37","date_gmt":"2019-07-07T22:39:37","guid":{"rendered":"https:\/\/www.agroserag.com\/site\/?post_type=product&#038;p=1463"},"modified":"2023-06-05T12:28:31","modified_gmt":"2023-06-05T17:28:31","slug":"funcloraz-40-ec","status":"publish","type":"product","link":"https:\/\/www.agroserag.com\/site\/shop\/proteccion\/fungicidas\/funcloraz-40-ec\/","title":{"rendered":"FUNCLORAZ 40 EC"},"content":{"rendered":"<p><strong>FUNCLORAZ<sup>\u00ae<\/sup> 40 EC, <\/strong>es un fungicida de amplio espectro, que act\u00faa como un\u00a0 protectante y como erradicante, especialmente contra Ascomicetos y hongos imperfectos en varios cultivos. No es sist\u00e9mico pero tiene acci\u00f3n traslaminar, atravesando las l\u00e1minas de las hojas localmente.<\/p>\n","protected":false},"excerpt":{"rendered":"<p><img loading=\"lazy\" decoding=\"async\" class=\"alignnone wp-image-16563 size-full\" src=\"https:\/\/www.agroserag.com\/site\/wp-content\/uploads\/2019\/07\/Logo-Funcloraz_miniatura.png\" alt=\"\" width=\"190\" height=\"60\" \/><br \/>\nI.A: Prochloraz<br \/>\nREGISTRO ICA: 2696<br \/>\nCATEGOR\u00cdA TOXICOL\u00d3GICA: III MEDIANAMENTE TOXICO<\/p>\n","protected":false},"featured_media":16564,"template":"","meta":{"om_disable_all_campaigns":false,"_uag_custom_page_level_css":"","_monsterinsights_skip_tracking":false,"_monsterinsights_sitenote_active":false,"_monsterinsights_sitenote_note":"","_monsterinsights_sitenote_category":0},"product_brand":[],"product_cat":[27,18],"product_tag":[],"class_list":{"0":"post-1463","1":"product","2":"type-product","3":"status-publish","4":"has-post-thumbnail","6":"product_cat-fungicidas","7":"product_cat-proteccion","9":"first","10":"instock","11":"taxable","12":"shipping-taxable","13":"product-type-simple"},"aioseo_notices":[],"uagb_featured_image_src":{"full":["https:\/\/www.agroserag.com\/site\/wp-content\/uploads\/2019\/07\/Logo-Funcloraz-2023.png",500,500,false],"thumbnail":["https:\/\/www.agroserag.com\/site\/wp-content\/uploads\/2019\/07\/Logo-Funcloraz-2023.png",150,150,false],"medium":["https:\/\/www.agroserag.com\/site\/wp-content\/uploads\/2019\/07\/Logo-Funcloraz-2023.png",300,300,false],"medium_large":["https:\/\/www.agroserag.com\/site\/wp-content\/uploads\/2019\/07\/Logo-Funcloraz-2023.png",500,500,false],"large":["https:\/\/www.agroserag.com\/site\/wp-content\/uploads\/2019\/07\/Logo-Funcloraz-2023.png",500,500,false],"1536x1536":["https:\/\/www.agroserag.com\/site\/wp-content\/uploads\/2019\/07\/Logo-Funcloraz-2023.png",500,500,false],"2048x2048":["https:\/\/www.agroserag.com\/site\/wp-content\/uploads\/2019\/07\/Logo-Funcloraz-2023.png",500,500,false],"woocommerce_thumbnail":["https:\/\/www.agroserag.com\/site\/wp-content\/uploads\/2019\/07\/Logo-Funcloraz-2023.png",265,265,false],"woocommerce_single":["https:\/\/www.agroserag.com\/site\/wp-content\/uploads\/2019\/07\/Logo-Funcloraz-2023.png",450,450,false],"woocommerce_gallery_thumbnail":["https:\/\/www.agroserag.com\/site\/wp-content\/uploads\/2019\/07\/Logo-Funcloraz-2023.png",100,100,false],"sow-carousel-default":["https:\/\/www.agroserag.com\/site\/wp-content\/uploads\/2019\/07\/Logo-Funcloraz-2023.png",182,182,false]},"uagb_author_info":{"display_name":"Mar\u00eda Fernanda Figueroa","author_link":false},"uagb_comment_info":0,"uagb_excerpt":"I.A: Prochloraz REGISTRO ICA: 2696 CATEGOR\u00cdA TOXICOL\u00d3GICA: III MEDIANAMENTE TOXICO","_links":{"self":[{"href":"https:\/\/www.agroserag.com\/site\/wp-json\/wp\/v2\/product\/1463","targetHints":{"allow":["GET"]}}],"collection":[{"href":"https:\/\/www.agroserag.com\/site\/wp-json\/wp\/v2\/product"}],"about":[{"href":"https:\/\/www.agroserag.com\/site\/wp-json\/wp\/v2\/types\/product"}],"wp:featuredmedia":[{"embeddable":true,"href":"https:\/\/www.agroserag.com\/site\/wp-json\/wp\/v2\/media\/16564"}],"wp:attachment":[{"href":"https:\/\/www.agroserag.com\/site\/wp-json\/wp\/v2\/media?parent=1463"}],"wp:term":[{"taxonomy":"product_brand","embeddable":true,"href":"https:\/\/www.agroserag.com\/site\/wp-json\/wp\/v2\/product_brand?post=1463"},{"taxonomy":"product_cat","embeddable":true,"href":"https:\/\/www.agroserag.com\/site\/wp-json\/wp\/v2\/product_cat?post=1463"},{"taxonomy":"product_tag","embeddable":true,"href":"https:\/\/www.agroserag.com\/site\/wp-json\/wp\/v2\/product_tag?post=1463"}],"curies":[{"name":"wp","href":"https:\/\/api.w.org\/{rel}","templated":true}]}}