{"id":1464,"date":"2019-07-07T17:44:32","date_gmt":"2019-07-07T22:44:32","guid":{"rendered":"https:\/\/www.agroserag.com\/site\/?post_type=product&#038;p=1464"},"modified":"2022-01-19T19:13:39","modified_gmt":"2022-01-20T00:13:39","slug":"fungazim-80-wp","status":"publish","type":"product","link":"https:\/\/www.agroserag.com\/site\/shop\/proteccion\/fungicidas\/fungazim-80-wp\/","title":{"rendered":"FUNGAZIM 80 WP"},"content":{"rendered":"<p><strong>FUNGAZIM<sup>\u00ae<\/sup> 80 WP <\/strong>es un fungicida sist\u00e9mico recomendado en aplicaciones preventivas sobre vegetales en crecimiento activo, para proteger el interior de la planta contra el ataque de hongos. Al ser absorbido por la planta se metaboliza r\u00e1pidamente y es transportado por la savia al conjunto de la vegetaci\u00f3n, incluyendo las ra\u00edces y los rebrotes que se forman despu\u00e9s de la aplicaci\u00f3n.<\/p>\n","protected":false},"excerpt":{"rendered":"<p><img loading=\"lazy\" decoding=\"async\" class=\"alignnone size-full wp-image-15749\" src=\"https:\/\/www.agroserag.com\/site\/wp-content\/uploads\/2021\/01\/Fungazim-1.jpg\" alt=\"\" width=\"190\" height=\"60\" \/><br \/>\nI.A: Fosetyl de aluminio<br \/>\nREGISTRO ICA: 1214<br \/>\nCATEGORIA TOXICOL\u00d3GICA: III LIGERAMENTE PELIGROSO<\/p>\n","protected":false},"featured_media":15526,"template":"","meta":{"om_disable_all_campaigns":false,"_uag_custom_page_level_css":"","_monsterinsights_skip_tracking":false,"_monsterinsights_sitenote_active":false,"_monsterinsights_sitenote_note":"","_monsterinsights_sitenote_category":0},"product_brand":[],"product_cat":[27,18],"product_tag":[],"class_list":{"0":"post-1464","1":"product","2":"type-product","3":"status-publish","4":"has-post-thumbnail","6":"product_cat-fungicidas","7":"product_cat-proteccion","9":"first","10":"instock","11":"taxable","12":"shipping-taxable","13":"product-type-simple"},"aioseo_notices":[],"uagb_featured_image_src":{"full":["https:\/\/www.agroserag.com\/site\/wp-content\/uploads\/2021\/01\/Fungazim.jpg",500,500,false],"thumbnail":["https:\/\/www.agroserag.com\/site\/wp-content\/uploads\/2021\/01\/Fungazim.jpg",150,150,false],"medium":["https:\/\/www.agroserag.com\/site\/wp-content\/uploads\/2021\/01\/Fungazim.jpg",300,300,false],"medium_large":["https:\/\/www.agroserag.com\/site\/wp-content\/uploads\/2021\/01\/Fungazim.jpg",500,500,false],"large":["https:\/\/www.agroserag.com\/site\/wp-content\/uploads\/2021\/01\/Fungazim.jpg",500,500,false],"1536x1536":["https:\/\/www.agroserag.com\/site\/wp-content\/uploads\/2021\/01\/Fungazim.jpg",500,500,false],"2048x2048":["https:\/\/www.agroserag.com\/site\/wp-content\/uploads\/2021\/01\/Fungazim.jpg",500,500,false],"woocommerce_thumbnail":["https:\/\/www.agroserag.com\/site\/wp-content\/uploads\/2021\/01\/Fungazim-265x265.jpg",265,265,true],"woocommerce_single":["https:\/\/www.agroserag.com\/site\/wp-content\/uploads\/2021\/01\/Fungazim-450x450.jpg",450,450,true],"woocommerce_gallery_thumbnail":["https:\/\/www.agroserag.com\/site\/wp-content\/uploads\/2021\/01\/Fungazim-100x100.jpg",100,100,true],"sow-carousel-default":["https:\/\/www.agroserag.com\/site\/wp-content\/uploads\/2021\/01\/Fungazim.jpg",182,182,false]},"uagb_author_info":{"display_name":"Mar\u00eda Fernanda Figueroa","author_link":false},"uagb_comment_info":0,"uagb_excerpt":"I.A: Fosetyl de aluminio REGISTRO ICA: 1214 CATEGORIA TOXICOL\u00d3GICA: III LIGERAMENTE PELIGROSO","_links":{"self":[{"href":"https:\/\/www.agroserag.com\/site\/wp-json\/wp\/v2\/product\/1464","targetHints":{"allow":["GET"]}}],"collection":[{"href":"https:\/\/www.agroserag.com\/site\/wp-json\/wp\/v2\/product"}],"about":[{"href":"https:\/\/www.agroserag.com\/site\/wp-json\/wp\/v2\/types\/product"}],"wp:featuredmedia":[{"embeddable":true,"href":"https:\/\/www.agroserag.com\/site\/wp-json\/wp\/v2\/media\/15526"}],"wp:attachment":[{"href":"https:\/\/www.agroserag.com\/site\/wp-json\/wp\/v2\/media?parent=1464"}],"wp:term":[{"taxonomy":"product_brand","embeddable":true,"href":"https:\/\/www.agroserag.com\/site\/wp-json\/wp\/v2\/product_brand?post=1464"},{"taxonomy":"product_cat","embeddable":true,"href":"https:\/\/www.agroserag.com\/site\/wp-json\/wp\/v2\/product_cat?post=1464"},{"taxonomy":"product_tag","embeddable":true,"href":"https:\/\/www.agroserag.com\/site\/wp-json\/wp\/v2\/product_tag?post=1464"}],"curies":[{"name":"wp","href":"https:\/\/api.w.org\/{rel}","templated":true}]}}