{"id":1474,"date":"2019-07-07T18:35:03","date_gmt":"2019-07-07T23:35:03","guid":{"rendered":"https:\/\/www.agroserag.com\/site\/?post_type=product&#038;p=1474"},"modified":"2022-01-19T19:08:56","modified_gmt":"2022-01-20T00:08:56","slug":"fungozeb-25-ew","status":"publish","type":"product","link":"https:\/\/www.agroserag.com\/site\/shop\/proteccion\/fungicidas\/fungozeb-25-ew\/","title":{"rendered":"FUNGOZEB 25 EW"},"content":{"rendered":"<p><strong>\u00a0<\/strong><strong>FUNGOZEB<sup>\u00ae<\/sup> 25 EW <\/strong>es un fungicida sist\u00e9mico de acci\u00f3n preventiva, curativa y erradicativa, lo cual significa que el producto puede aplicarse aun despu\u00e9s de la aparici\u00f3n de los s\u00edntomas de la enfermedad.<\/p>\n<p><strong>\u00a0<\/strong><strong>FUNGOZEB<sup>\u00ae<\/sup> 25 EW <\/strong>pertenece al grupo de los IBE (Inhibidores de la s\u00edntesis de ergosterol), sist\u00e9mico de amplio espectro con acci\u00f3n preventiva y curativa.<\/p>\n","protected":false},"excerpt":{"rendered":"<p><img loading=\"lazy\" decoding=\"async\" class=\"alignnone size-full wp-image-15752\" src=\"https:\/\/www.agroserag.com\/site\/wp-content\/uploads\/2021\/01\/Fungozeb_25EW-1.jpg\" alt=\"\" width=\"190\" height=\"60\" \/><br \/>\nI.A: Tebuconazol<br \/>\nREGISTRO ICA:\u00a0 0738<br \/>\nCATEGOR\u00cdA TOXICOL\u00d3GICA: III LIGERAMENTE PELIGROSO<\/p>\n","protected":false},"featured_media":15532,"template":"","meta":{"om_disable_all_campaigns":false,"_uag_custom_page_level_css":"","_monsterinsights_skip_tracking":false,"_monsterinsights_sitenote_active":false,"_monsterinsights_sitenote_note":"","_monsterinsights_sitenote_category":0},"product_brand":[],"product_cat":[27,18],"product_tag":[],"class_list":{"0":"post-1474","1":"product","2":"type-product","3":"status-publish","4":"has-post-thumbnail","6":"product_cat-fungicidas","7":"product_cat-proteccion","9":"first","10":"instock","11":"taxable","12":"shipping-taxable","13":"product-type-simple"},"aioseo_notices":[],"uagb_featured_image_src":{"full":["https:\/\/www.agroserag.com\/site\/wp-content\/uploads\/2021\/01\/Fungozeb_25EW.jpg",500,500,false],"thumbnail":["https:\/\/www.agroserag.com\/site\/wp-content\/uploads\/2021\/01\/Fungozeb_25EW.jpg",150,150,false],"medium":["https:\/\/www.agroserag.com\/site\/wp-content\/uploads\/2021\/01\/Fungozeb_25EW.jpg",300,300,false],"medium_large":["https:\/\/www.agroserag.com\/site\/wp-content\/uploads\/2021\/01\/Fungozeb_25EW.jpg",500,500,false],"large":["https:\/\/www.agroserag.com\/site\/wp-content\/uploads\/2021\/01\/Fungozeb_25EW.jpg",500,500,false],"1536x1536":["https:\/\/www.agroserag.com\/site\/wp-content\/uploads\/2021\/01\/Fungozeb_25EW.jpg",500,500,false],"2048x2048":["https:\/\/www.agroserag.com\/site\/wp-content\/uploads\/2021\/01\/Fungozeb_25EW.jpg",500,500,false],"woocommerce_thumbnail":["https:\/\/www.agroserag.com\/site\/wp-content\/uploads\/2021\/01\/Fungozeb_25EW-265x265.jpg",265,265,true],"woocommerce_single":["https:\/\/www.agroserag.com\/site\/wp-content\/uploads\/2021\/01\/Fungozeb_25EW-450x450.jpg",450,450,true],"woocommerce_gallery_thumbnail":["https:\/\/www.agroserag.com\/site\/wp-content\/uploads\/2021\/01\/Fungozeb_25EW-100x100.jpg",100,100,true],"sow-carousel-default":["https:\/\/www.agroserag.com\/site\/wp-content\/uploads\/2021\/01\/Fungozeb_25EW.jpg",182,182,false]},"uagb_author_info":{"display_name":"Mar\u00eda Fernanda Figueroa","author_link":false},"uagb_comment_info":0,"uagb_excerpt":"I.A: Tebuconazol REGISTRO ICA:\u00a0 0738 CATEGOR\u00cdA TOXICOL\u00d3GICA: III LIGERAMENTE PELIGROSO","_links":{"self":[{"href":"https:\/\/www.agroserag.com\/site\/wp-json\/wp\/v2\/product\/1474","targetHints":{"allow":["GET"]}}],"collection":[{"href":"https:\/\/www.agroserag.com\/site\/wp-json\/wp\/v2\/product"}],"about":[{"href":"https:\/\/www.agroserag.com\/site\/wp-json\/wp\/v2\/types\/product"}],"wp:featuredmedia":[{"embeddable":true,"href":"https:\/\/www.agroserag.com\/site\/wp-json\/wp\/v2\/media\/15532"}],"wp:attachment":[{"href":"https:\/\/www.agroserag.com\/site\/wp-json\/wp\/v2\/media?parent=1474"}],"wp:term":[{"taxonomy":"product_brand","embeddable":true,"href":"https:\/\/www.agroserag.com\/site\/wp-json\/wp\/v2\/product_brand?post=1474"},{"taxonomy":"product_cat","embeddable":true,"href":"https:\/\/www.agroserag.com\/site\/wp-json\/wp\/v2\/product_cat?post=1474"},{"taxonomy":"product_tag","embeddable":true,"href":"https:\/\/www.agroserag.com\/site\/wp-json\/wp\/v2\/product_tag?post=1474"}],"curies":[{"name":"wp","href":"https:\/\/api.w.org\/{rel}","templated":true}]}}