{"id":14916,"date":"2020-05-15T10:12:06","date_gmt":"2020-05-15T15:12:06","guid":{"rendered":"https:\/\/www.agroserag.com\/site\/?post_type=product&#038;p=14916"},"modified":"2024-07-29T13:30:38","modified_gmt":"2024-07-29T18:30:38","slug":"sparta-120-sc","status":"publish","type":"product","link":"https:\/\/www.agroserag.com\/site\/shop\/proteccion\/insecticidas\/sparta-120-sc\/","title":{"rendered":"SPARTA 120 SC"},"content":{"rendered":"<p><strong>SPARTA 120 SC<\/strong> es un insecticida que act\u00faa sobre los receptores nicot\u00ednicos de la acetilcolina. Excitando el sistema nervioso por alteraciones en la funci\u00f3n nicot\u00ednica y los canales i\u00f3nicos del GABA. Despu\u00e9s de la aplicaci\u00f3n los insectos muestran temblores, par\u00e1lisis irreversible, hasta ocasionar la muerte. Act\u00faa sobre los moduladores alost\u00e9ricos del receptor nicot\u00ednico de acetilcolina (nAChR). Debido a que el ingrediente activo Spinosad act\u00faa en sitios distintos a los neonicotinoides, fiproniles y abamectinas, no se espera resistencia cruzada con insecticidas de estos grupos. No rotar con insecticidas con ingrediente activo Spinetoram.<br \/>\nCultivo Plaga a controlar Dosis PC<\/p>\n","protected":false},"excerpt":{"rendered":"<p><img loading=\"lazy\" decoding=\"async\" class=\"alignnone size-full wp-image-15827\" src=\"https:\/\/www.agroserag.com\/site\/wp-content\/uploads\/2021\/03\/Sparta_120SC-1.jpg\" alt=\"\" width=\"190\" height=\"60\" \/><br \/>\nI.A: Spinosad.<br \/>\nREGISTRO ICA: PL0003782022<br \/>\nCATEGORIA TOXICOLOGICA:\u00a0 III LIGERAMENTE PELIGROSO<\/p>\n","protected":false},"featured_media":15676,"template":"","meta":{"om_disable_all_campaigns":false,"_uag_custom_page_level_css":"","_monsterinsights_skip_tracking":false,"_monsterinsights_sitenote_active":false,"_monsterinsights_sitenote_note":"","_monsterinsights_sitenote_category":0},"product_brand":[],"product_cat":[25,18],"product_tag":[],"class_list":{"0":"post-14916","1":"product","2":"type-product","3":"status-publish","4":"has-post-thumbnail","6":"product_cat-insecticidas","7":"product_cat-proteccion","9":"first","10":"instock","11":"taxable","12":"shipping-taxable","13":"product-type-simple"},"aioseo_notices":[],"uagb_featured_image_src":{"full":["https:\/\/www.agroserag.com\/site\/wp-content\/uploads\/2021\/03\/Sparta_120SC.jpg",500,500,false],"thumbnail":["https:\/\/www.agroserag.com\/site\/wp-content\/uploads\/2021\/03\/Sparta_120SC.jpg",150,150,false],"medium":["https:\/\/www.agroserag.com\/site\/wp-content\/uploads\/2021\/03\/Sparta_120SC.jpg",300,300,false],"medium_large":["https:\/\/www.agroserag.com\/site\/wp-content\/uploads\/2021\/03\/Sparta_120SC.jpg",500,500,false],"large":["https:\/\/www.agroserag.com\/site\/wp-content\/uploads\/2021\/03\/Sparta_120SC.jpg",500,500,false],"1536x1536":["https:\/\/www.agroserag.com\/site\/wp-content\/uploads\/2021\/03\/Sparta_120SC.jpg",500,500,false],"2048x2048":["https:\/\/www.agroserag.com\/site\/wp-content\/uploads\/2021\/03\/Sparta_120SC.jpg",500,500,false],"woocommerce_thumbnail":["https:\/\/www.agroserag.com\/site\/wp-content\/uploads\/2021\/03\/Sparta_120SC.jpg",265,265,false],"woocommerce_single":["https:\/\/www.agroserag.com\/site\/wp-content\/uploads\/2021\/03\/Sparta_120SC.jpg",450,450,false],"woocommerce_gallery_thumbnail":["https:\/\/www.agroserag.com\/site\/wp-content\/uploads\/2021\/03\/Sparta_120SC.jpg",100,100,false],"sow-carousel-default":["https:\/\/www.agroserag.com\/site\/wp-content\/uploads\/2021\/03\/Sparta_120SC.jpg",182,182,false]},"uagb_author_info":{"display_name":"Mar\u00eda Fernanda Figueroa","author_link":false},"uagb_comment_info":0,"uagb_excerpt":"I.A: Spinosad. REGISTRO ICA: PL0003782022 CATEGORIA TOXICOLOGICA:\u00a0 III LIGERAMENTE PELIGROSO","_links":{"self":[{"href":"https:\/\/www.agroserag.com\/site\/wp-json\/wp\/v2\/product\/14916","targetHints":{"allow":["GET"]}}],"collection":[{"href":"https:\/\/www.agroserag.com\/site\/wp-json\/wp\/v2\/product"}],"about":[{"href":"https:\/\/www.agroserag.com\/site\/wp-json\/wp\/v2\/types\/product"}],"wp:featuredmedia":[{"embeddable":true,"href":"https:\/\/www.agroserag.com\/site\/wp-json\/wp\/v2\/media\/15676"}],"wp:attachment":[{"href":"https:\/\/www.agroserag.com\/site\/wp-json\/wp\/v2\/media?parent=14916"}],"wp:term":[{"taxonomy":"product_brand","embeddable":true,"href":"https:\/\/www.agroserag.com\/site\/wp-json\/wp\/v2\/product_brand?post=14916"},{"taxonomy":"product_cat","embeddable":true,"href":"https:\/\/www.agroserag.com\/site\/wp-json\/wp\/v2\/product_cat?post=14916"},{"taxonomy":"product_tag","embeddable":true,"href":"https:\/\/www.agroserag.com\/site\/wp-json\/wp\/v2\/product_tag?post=14916"}],"curies":[{"name":"wp","href":"https:\/\/api.w.org\/{rel}","templated":true}]}}