{"id":15071,"date":"2021-03-08T09:12:44","date_gmt":"2021-03-08T14:12:44","guid":{"rendered":"https:\/\/www.agroserag.com\/site\/?post_type=product&#038;p=15071"},"modified":"2022-01-19T17:47:30","modified_gmt":"2022-01-19T22:47:30","slug":"trabuko-50-ec","status":"publish","type":"product","link":"https:\/\/www.agroserag.com\/site\/shop\/proteccion\/insecticidas\/trabuko-50-ec\/","title":{"rendered":"TRABUKO 50 EC"},"content":{"rendered":"<p><strong>\u00a0<\/strong><strong>TRABUKO<sup>\u00ae<\/sup> 50 EC<\/strong>, es un insecticida que pertenece al grupo de los piretroides, act\u00faa por contacto, ingesti\u00f3n sobre una amplia gama de insectos plaga de importancia agr\u00edcola.<br \/>\n<strong>TRABUKO<sup>\u00ae<\/sup> 50 EC<\/strong> afecta el sistema nervioso de los insectos, al afectar el equilibrio de iones sodio\/potasio entre los nervios de la membrana celular causando par\u00e1lisis del sistema nervioso y la muerte del insecto.<\/p>\n","protected":false},"excerpt":{"rendered":"<p><img loading=\"lazy\" decoding=\"async\" class=\"alignnone size-full wp-image-15829\" src=\"https:\/\/www.agroserag.com\/site\/wp-content\/uploads\/2021\/03\/Trabuko_50EC-1.jpg\" alt=\"\" width=\"190\" height=\"60\" \/><br \/>\nI.A: Bifentrin<br \/>\nREGISTRO ICA: 2785<br \/>\nCATEGOR\u00cdA TOXICOL\u00d3GICA: III MODERADAMENTE PELIGROSO<\/p>\n","protected":false},"featured_media":15679,"template":"","meta":{"om_disable_all_campaigns":false,"_uag_custom_page_level_css":"","_monsterinsights_skip_tracking":false,"_monsterinsights_sitenote_active":false,"_monsterinsights_sitenote_note":"","_monsterinsights_sitenote_category":0},"product_brand":[],"product_cat":[25,18],"product_tag":[],"class_list":{"0":"post-15071","1":"product","2":"type-product","3":"status-publish","4":"has-post-thumbnail","6":"product_cat-insecticidas","7":"product_cat-proteccion","9":"first","10":"instock","11":"taxable","12":"shipping-taxable","13":"product-type-simple"},"aioseo_notices":[],"uagb_featured_image_src":{"full":["https:\/\/www.agroserag.com\/site\/wp-content\/uploads\/2021\/03\/Trabuko_50EC.jpg",500,500,false],"thumbnail":["https:\/\/www.agroserag.com\/site\/wp-content\/uploads\/2021\/03\/Trabuko_50EC.jpg",150,150,false],"medium":["https:\/\/www.agroserag.com\/site\/wp-content\/uploads\/2021\/03\/Trabuko_50EC.jpg",300,300,false],"medium_large":["https:\/\/www.agroserag.com\/site\/wp-content\/uploads\/2021\/03\/Trabuko_50EC.jpg",500,500,false],"large":["https:\/\/www.agroserag.com\/site\/wp-content\/uploads\/2021\/03\/Trabuko_50EC.jpg",500,500,false],"1536x1536":["https:\/\/www.agroserag.com\/site\/wp-content\/uploads\/2021\/03\/Trabuko_50EC.jpg",500,500,false],"2048x2048":["https:\/\/www.agroserag.com\/site\/wp-content\/uploads\/2021\/03\/Trabuko_50EC.jpg",500,500,false],"woocommerce_thumbnail":["https:\/\/www.agroserag.com\/site\/wp-content\/uploads\/2021\/03\/Trabuko_50EC.jpg",265,265,false],"woocommerce_single":["https:\/\/www.agroserag.com\/site\/wp-content\/uploads\/2021\/03\/Trabuko_50EC.jpg",450,450,false],"woocommerce_gallery_thumbnail":["https:\/\/www.agroserag.com\/site\/wp-content\/uploads\/2021\/03\/Trabuko_50EC.jpg",100,100,false],"sow-carousel-default":["https:\/\/www.agroserag.com\/site\/wp-content\/uploads\/2021\/03\/Trabuko_50EC.jpg",182,182,false]},"uagb_author_info":{"display_name":"Mar\u00eda Fernanda Figueroa","author_link":false},"uagb_comment_info":0,"uagb_excerpt":"I.A: Bifentrin REGISTRO ICA: 2785 CATEGOR\u00cdA TOXICOL\u00d3GICA: III MODERADAMENTE PELIGROSO","_links":{"self":[{"href":"https:\/\/www.agroserag.com\/site\/wp-json\/wp\/v2\/product\/15071","targetHints":{"allow":["GET"]}}],"collection":[{"href":"https:\/\/www.agroserag.com\/site\/wp-json\/wp\/v2\/product"}],"about":[{"href":"https:\/\/www.agroserag.com\/site\/wp-json\/wp\/v2\/types\/product"}],"wp:featuredmedia":[{"embeddable":true,"href":"https:\/\/www.agroserag.com\/site\/wp-json\/wp\/v2\/media\/15679"}],"wp:attachment":[{"href":"https:\/\/www.agroserag.com\/site\/wp-json\/wp\/v2\/media?parent=15071"}],"wp:term":[{"taxonomy":"product_brand","embeddable":true,"href":"https:\/\/www.agroserag.com\/site\/wp-json\/wp\/v2\/product_brand?post=15071"},{"taxonomy":"product_cat","embeddable":true,"href":"https:\/\/www.agroserag.com\/site\/wp-json\/wp\/v2\/product_cat?post=15071"},{"taxonomy":"product_tag","embeddable":true,"href":"https:\/\/www.agroserag.com\/site\/wp-json\/wp\/v2\/product_tag?post=15071"}],"curies":[{"name":"wp","href":"https:\/\/api.w.org\/{rel}","templated":true}]}}