{"id":15911,"date":"2022-02-04T12:10:04","date_gmt":"2022-02-04T17:10:04","guid":{"rendered":"https:\/\/www.agroserag.com\/site\/?post_type=product&#038;p=15911"},"modified":"2024-02-26T14:31:44","modified_gmt":"2024-02-26T19:31:44","slug":"sistoato-40-ec","status":"publish","type":"product","link":"https:\/\/www.agroserag.com\/site\/shop\/proteccion\/insecticidas\/sistoato-40-ec\/","title":{"rendered":"SISTOATO 40 EC"},"content":{"rendered":"<p><strong>SISTOATO<sup>\u00ae<\/sup> 40 EC, <\/strong>es un insecticida de acci\u00f3n sist\u00e9mica que act\u00faa tambi\u00e9n por contacto e ingesti\u00f3n, efectivo contra \u00e1fidos. <strong>SISTOATO<sup>\u00ae<\/sup> 40 EC<\/strong>, act\u00faa inhibiendo la acci\u00f3n de la acetilcolinesterasa, de modo tal que el insecto muere por sobreexcitaci\u00f3n y descoordinaci\u00f3n al tener un flujo continuo de impulsos en la sinapsis de las c\u00e9lulas nerviosas.<\/p>\n","protected":false},"excerpt":{"rendered":"<p><img loading=\"lazy\" decoding=\"async\" class=\"alignnone size-full wp-image-16595\" src=\"https:\/\/www.agroserag.com\/site\/wp-content\/uploads\/2022\/02\/Logo-Sistoato_miniatura.png\" alt=\"\" width=\"190\" height=\"60\" \/><\/p>\n<p>I.A: Dimetoato<br \/>\nREGISTRO ICA: 2709<br \/>\nCATEGOR\u00cdA TOXICOL\u00d3GICA: II MODERADAMENTE PELIGROSO<\/p>\n","protected":false},"featured_media":16596,"template":"","meta":{"om_disable_all_campaigns":false,"_uag_custom_page_level_css":"","_monsterinsights_skip_tracking":false,"_monsterinsights_sitenote_active":false,"_monsterinsights_sitenote_note":"","_monsterinsights_sitenote_category":0},"product_brand":[],"product_cat":[25,18],"product_tag":[],"class_list":{"0":"post-15911","1":"product","2":"type-product","3":"status-publish","4":"has-post-thumbnail","6":"product_cat-insecticidas","7":"product_cat-proteccion","9":"first","10":"instock","11":"taxable","12":"shipping-taxable","13":"product-type-simple"},"aioseo_notices":[],"uagb_featured_image_src":{"full":["https:\/\/www.agroserag.com\/site\/wp-content\/uploads\/2022\/02\/Logo-Sistoato-2023.png",500,500,false],"thumbnail":["https:\/\/www.agroserag.com\/site\/wp-content\/uploads\/2022\/02\/Logo-Sistoato-2023.png",150,150,false],"medium":["https:\/\/www.agroserag.com\/site\/wp-content\/uploads\/2022\/02\/Logo-Sistoato-2023.png",300,300,false],"medium_large":["https:\/\/www.agroserag.com\/site\/wp-content\/uploads\/2022\/02\/Logo-Sistoato-2023.png",500,500,false],"large":["https:\/\/www.agroserag.com\/site\/wp-content\/uploads\/2022\/02\/Logo-Sistoato-2023.png",500,500,false],"1536x1536":["https:\/\/www.agroserag.com\/site\/wp-content\/uploads\/2022\/02\/Logo-Sistoato-2023.png",500,500,false],"2048x2048":["https:\/\/www.agroserag.com\/site\/wp-content\/uploads\/2022\/02\/Logo-Sistoato-2023.png",500,500,false],"woocommerce_thumbnail":["https:\/\/www.agroserag.com\/site\/wp-content\/uploads\/2022\/02\/Logo-Sistoato-2023.png",265,265,false],"woocommerce_single":["https:\/\/www.agroserag.com\/site\/wp-content\/uploads\/2022\/02\/Logo-Sistoato-2023.png",450,450,false],"woocommerce_gallery_thumbnail":["https:\/\/www.agroserag.com\/site\/wp-content\/uploads\/2022\/02\/Logo-Sistoato-2023.png",100,100,false],"sow-carousel-default":["https:\/\/www.agroserag.com\/site\/wp-content\/uploads\/2022\/02\/Logo-Sistoato-2023.png",182,182,false]},"uagb_author_info":{"display_name":"Mar\u00eda Fernanda Figueroa","author_link":false},"uagb_comment_info":0,"uagb_excerpt":"I.A: Dimetoato REGISTRO ICA: 2709 CATEGOR\u00cdA TOXICOL\u00d3GICA: II MODERADAMENTE PELIGROSO","_links":{"self":[{"href":"https:\/\/www.agroserag.com\/site\/wp-json\/wp\/v2\/product\/15911","targetHints":{"allow":["GET"]}}],"collection":[{"href":"https:\/\/www.agroserag.com\/site\/wp-json\/wp\/v2\/product"}],"about":[{"href":"https:\/\/www.agroserag.com\/site\/wp-json\/wp\/v2\/types\/product"}],"wp:featuredmedia":[{"embeddable":true,"href":"https:\/\/www.agroserag.com\/site\/wp-json\/wp\/v2\/media\/16596"}],"wp:attachment":[{"href":"https:\/\/www.agroserag.com\/site\/wp-json\/wp\/v2\/media?parent=15911"}],"wp:term":[{"taxonomy":"product_brand","embeddable":true,"href":"https:\/\/www.agroserag.com\/site\/wp-json\/wp\/v2\/product_brand?post=15911"},{"taxonomy":"product_cat","embeddable":true,"href":"https:\/\/www.agroserag.com\/site\/wp-json\/wp\/v2\/product_cat?post=15911"},{"taxonomy":"product_tag","embeddable":true,"href":"https:\/\/www.agroserag.com\/site\/wp-json\/wp\/v2\/product_tag?post=15911"}],"curies":[{"name":"wp","href":"https:\/\/api.w.org\/{rel}","templated":true}]}}