{"id":16000,"date":"2022-08-10T16:33:19","date_gmt":"2022-08-10T21:33:19","guid":{"rendered":"https:\/\/www.agroserag.com\/site\/?post_type=product&#038;p=16000"},"modified":"2025-04-23T18:26:05","modified_gmt":"2025-04-23T23:26:05","slug":"pn-plus-2000","status":"publish","type":"product","link":"https:\/\/www.agroserag.com\/site\/shop\/maquinaria\/nogueira\/picapastos\/pn-plus-2000\/","title":{"rendered":"PN Plus 2000"},"content":{"rendered":"<p>Con dise\u00f1o moderno, la picadora\u00a0<strong>PN Plus 2000\u00a0<\/strong>es eficiente en el picado de forrajes para el tracto diario y para elaboraci\u00f3n del silo. Equipada con un moderno rotor de 3 cuchillas, pica con precisi\u00f3n ca\u00f1a de az\u00facar, ma\u00edz, pasto, sorgo y tub\u00e9rculos.<\/p>\n","protected":false},"excerpt":{"rendered":"<p>PRODUCCI\u00d3N EN FORRAJE: 500 &#8211; 2500 Kg\/h<br \/>\nROTACI\u00d3N DE TRABAJO: 2200 RPM<br \/>\nN\u00daMERO DE CUCHILLAS: 3<br \/>\nCONTRACUCHILLAS: 1<br \/>\nMOTOR EL\u00c9CTRICO: 3 &#8211; 5 hp<br \/>\nMOTOR GASOLINA: 6 &#8211; 10 hp<br \/>\nTAMA\u00d1O DEL PICADO: 11 mm aprox.<\/p>\n<p><span style=\"font-size: 13pt;\"><strong>Cont\u00e1ctanos en <i class=\"fa fa-whatsapp fa-2\" aria-hidden=\"true\"><\/i>: +57 314 8137525<\/strong><\/span><\/p>\n","protected":false},"featured_media":17154,"template":"","meta":{"om_disable_all_campaigns":false,"_uag_custom_page_level_css":"","_monsterinsights_skip_tracking":false,"_monsterinsights_sitenote_active":false,"_monsterinsights_sitenote_note":"","_monsterinsights_sitenote_category":0},"product_brand":[],"product_cat":[79,80],"product_tag":[],"class_list":{"0":"post-16000","1":"product","2":"type-product","3":"status-publish","4":"has-post-thumbnail","6":"product_cat-maquinaria","7":"product_cat-picapastos","9":"first","10":"instock","11":"taxable","12":"shipping-taxable","13":"product-type-simple"},"aioseo_notices":[],"uagb_featured_image_src":{"full":["https:\/\/www.agroserag.com\/site\/wp-content\/uploads\/2025\/03\/NOGUEIRA-PN_plus_2000.jpg",1000,1000,false],"thumbnail":["https:\/\/www.agroserag.com\/site\/wp-content\/uploads\/2025\/03\/NOGUEIRA-PN_plus_2000-150x150.jpg",150,150,true],"medium":["https:\/\/www.agroserag.com\/site\/wp-content\/uploads\/2025\/03\/NOGUEIRA-PN_plus_2000-300x300.jpg",300,300,true],"medium_large":["https:\/\/www.agroserag.com\/site\/wp-content\/uploads\/2025\/03\/NOGUEIRA-PN_plus_2000-768x768.jpg",768,768,true],"large":["https:\/\/www.agroserag.com\/site\/wp-content\/uploads\/2025\/03\/NOGUEIRA-PN_plus_2000.jpg",960,960,false],"1536x1536":["https:\/\/www.agroserag.com\/site\/wp-content\/uploads\/2025\/03\/NOGUEIRA-PN_plus_2000.jpg",1000,1000,false],"2048x2048":["https:\/\/www.agroserag.com\/site\/wp-content\/uploads\/2025\/03\/NOGUEIRA-PN_plus_2000.jpg",1000,1000,false],"woocommerce_thumbnail":["https:\/\/www.agroserag.com\/site\/wp-content\/uploads\/2025\/03\/NOGUEIRA-PN_plus_2000-265x265.jpg",265,265,true],"woocommerce_single":["https:\/\/www.agroserag.com\/site\/wp-content\/uploads\/2025\/03\/NOGUEIRA-PN_plus_2000-450x450.jpg",450,450,true],"woocommerce_gallery_thumbnail":["https:\/\/www.agroserag.com\/site\/wp-content\/uploads\/2025\/03\/NOGUEIRA-PN_plus_2000-100x100.jpg",100,100,true],"sow-carousel-default":["https:\/\/www.agroserag.com\/site\/wp-content\/uploads\/2025\/03\/NOGUEIRA-PN_plus_2000.jpg",182,182,false]},"uagb_author_info":{"display_name":"Agroser","author_link":false},"uagb_comment_info":0,"uagb_excerpt":"PRODUCCI\u00d3N EN FORRAJE: 500 - 2500 Kg\/h ROTACI\u00d3N DE TRABAJO: 2200 RPM N\u00daMERO DE CUCHILLAS: 3 CONTRACUCHILLAS: 1 MOTOR EL\u00c9CTRICO: 3 - 5 hp MOTOR GASOLINA: 6 - 10 hp TAMA\u00d1O DEL PICADO: 11 mm aprox. Cont\u00e1ctanos en : +57 314 8137525","_links":{"self":[{"href":"https:\/\/www.agroserag.com\/site\/wp-json\/wp\/v2\/product\/16000","targetHints":{"allow":["GET"]}}],"collection":[{"href":"https:\/\/www.agroserag.com\/site\/wp-json\/wp\/v2\/product"}],"about":[{"href":"https:\/\/www.agroserag.com\/site\/wp-json\/wp\/v2\/types\/product"}],"wp:featuredmedia":[{"embeddable":true,"href":"https:\/\/www.agroserag.com\/site\/wp-json\/wp\/v2\/media\/17154"}],"wp:attachment":[{"href":"https:\/\/www.agroserag.com\/site\/wp-json\/wp\/v2\/media?parent=16000"}],"wp:term":[{"taxonomy":"product_brand","embeddable":true,"href":"https:\/\/www.agroserag.com\/site\/wp-json\/wp\/v2\/product_brand?post=16000"},{"taxonomy":"product_cat","embeddable":true,"href":"https:\/\/www.agroserag.com\/site\/wp-json\/wp\/v2\/product_cat?post=16000"},{"taxonomy":"product_tag","embeddable":true,"href":"https:\/\/www.agroserag.com\/site\/wp-json\/wp\/v2\/product_tag?post=16000"}],"curies":[{"name":"wp","href":"https:\/\/api.w.org\/{rel}","templated":true}]}}