{"id":16014,"date":"2022-08-10T20:04:38","date_gmt":"2022-08-11T01:04:38","guid":{"rendered":"https:\/\/www.agroserag.com\/site\/?post_type=product&#038;p=16014"},"modified":"2025-04-23T17:52:59","modified_gmt":"2025-04-23T22:52:59","slug":"dpm-jr-martillos-fijos","status":"publish","type":"product","link":"https:\/\/www.agroserag.com\/site\/shop\/maquinaria\/nogueira\/desintegrador\/dpm-jr-martillos-fijos\/","title":{"rendered":"DPM Jr Martillos fijos"},"content":{"rendered":"<p>Los <strong>DPM Jr<\/strong> de Nogueira vienen equipados con un potente rotor con cuchillas y martillos; muelen, pican y trituran una amplia variedad de productos.\u00a0Muelen granos y mazorcas de ma\u00edz y sorgo para producci\u00f3n de harina en la preparaci\u00f3n de alimentos concentrados para animales.<\/p>\n<p>Sus cuchillas con dise\u00f1o especial son fabricadas en acero de alta resistencia que pican con rapidez y precisi\u00f3n varios tipos de forrajes como ca\u00f1a de az\u00facar, ma\u00edz, sorgo y pastos para el tracto diario de los animales.<\/p>\n","protected":false},"excerpt":{"rendered":"<p>PRODUCCI\u00d3N EN FORRAJE: 600 &#8211; 1 200 Kg\/h<br \/>\nROTACI\u00d3N DE TRABAJO: 3 500 RPM<br \/>\nN\u00daMERO DE CUCHILLAS: 3<br \/>\nMARTILLOS FIJOS: 3<br \/>\nCONTRACUCHILLAS: 1<br \/>\nMOTOR EL\u00c9CTRICO: 2 &#8211; 3 hp<br \/>\nMOTOR DIESEL\/GASOLINA: 4 &#8211; 6 hp<\/p>\n<p>GRANOS DE MA\u00cdZ:<br \/>\n&#8211; Criba 0.8 mm: 50 &#8211; 60 Kg\/h<br \/>\n&#8211; Criba 3 mm: 250 &#8211; 300 Kg\/h<br \/>\n&#8211; Criba 5 mm: 400 &#8211; 700 Kg\/h<\/p>\n<p>MA\u00cdZ COMPLETO:<br \/>\n&#8211; Criba 5 mm: 150 &#8211; 250 Kg\/h<br \/>\n&#8211; Criba 10 mm: 250 &#8211; 350 Kg\/h<\/p>\n<p><span style=\"font-size: 13pt;\"><strong>Cont\u00e1ctanos en <i class=\"fa fa-whatsapp fa-2\" aria-hidden=\"true\"><\/i>: +57 314 8137525<\/strong><\/span><\/p>\n","protected":false},"featured_media":17157,"template":"","meta":{"om_disable_all_campaigns":false,"_uag_custom_page_level_css":"","_monsterinsights_skip_tracking":false,"_monsterinsights_sitenote_active":false,"_monsterinsights_sitenote_note":"","_monsterinsights_sitenote_category":0},"product_brand":[],"product_cat":[82,79],"product_tag":[],"class_list":{"0":"post-16014","1":"product","2":"type-product","3":"status-publish","4":"has-post-thumbnail","6":"product_cat-desintegrador","7":"product_cat-maquinaria","9":"first","10":"instock","11":"taxable","12":"shipping-taxable","13":"product-type-simple"},"aioseo_notices":[],"uagb_featured_image_src":{"full":["https:\/\/www.agroserag.com\/site\/wp-content\/uploads\/2025\/03\/NOGUEIRA-DPM_Jr.jpg",1000,1000,false],"thumbnail":["https:\/\/www.agroserag.com\/site\/wp-content\/uploads\/2025\/03\/NOGUEIRA-DPM_Jr-150x150.jpg",150,150,true],"medium":["https:\/\/www.agroserag.com\/site\/wp-content\/uploads\/2025\/03\/NOGUEIRA-DPM_Jr-300x300.jpg",300,300,true],"medium_large":["https:\/\/www.agroserag.com\/site\/wp-content\/uploads\/2025\/03\/NOGUEIRA-DPM_Jr-768x768.jpg",768,768,true],"large":["https:\/\/www.agroserag.com\/site\/wp-content\/uploads\/2025\/03\/NOGUEIRA-DPM_Jr.jpg",960,960,false],"1536x1536":["https:\/\/www.agroserag.com\/site\/wp-content\/uploads\/2025\/03\/NOGUEIRA-DPM_Jr.jpg",1000,1000,false],"2048x2048":["https:\/\/www.agroserag.com\/site\/wp-content\/uploads\/2025\/03\/NOGUEIRA-DPM_Jr.jpg",1000,1000,false],"woocommerce_thumbnail":["https:\/\/www.agroserag.com\/site\/wp-content\/uploads\/2025\/03\/NOGUEIRA-DPM_Jr-265x265.jpg",265,265,true],"woocommerce_single":["https:\/\/www.agroserag.com\/site\/wp-content\/uploads\/2025\/03\/NOGUEIRA-DPM_Jr-450x450.jpg",450,450,true],"woocommerce_gallery_thumbnail":["https:\/\/www.agroserag.com\/site\/wp-content\/uploads\/2025\/03\/NOGUEIRA-DPM_Jr-100x100.jpg",100,100,true],"sow-carousel-default":["https:\/\/www.agroserag.com\/site\/wp-content\/uploads\/2025\/03\/NOGUEIRA-DPM_Jr.jpg",182,182,false]},"uagb_author_info":{"display_name":"Agroser","author_link":false},"uagb_comment_info":0,"uagb_excerpt":"PRODUCCI\u00d3N EN FORRAJE: 600 - 1 200 Kg\/h ROTACI\u00d3N DE TRABAJO: 3 500 RPM N\u00daMERO DE CUCHILLAS: 3 MARTILLOS FIJOS: 3 CONTRACUCHILLAS: 1 MOTOR EL\u00c9CTRICO: 2 - 3 hp MOTOR DIESEL\/GASOLINA: 4 - 6 hp GRANOS DE MA\u00cdZ: - Criba 0.8 mm: 50 - 60 Kg\/h - Criba 3 mm: 250 - 300 Kg\/h -&hellip;","_links":{"self":[{"href":"https:\/\/www.agroserag.com\/site\/wp-json\/wp\/v2\/product\/16014","targetHints":{"allow":["GET"]}}],"collection":[{"href":"https:\/\/www.agroserag.com\/site\/wp-json\/wp\/v2\/product"}],"about":[{"href":"https:\/\/www.agroserag.com\/site\/wp-json\/wp\/v2\/types\/product"}],"wp:featuredmedia":[{"embeddable":true,"href":"https:\/\/www.agroserag.com\/site\/wp-json\/wp\/v2\/media\/17157"}],"wp:attachment":[{"href":"https:\/\/www.agroserag.com\/site\/wp-json\/wp\/v2\/media?parent=16014"}],"wp:term":[{"taxonomy":"product_brand","embeddable":true,"href":"https:\/\/www.agroserag.com\/site\/wp-json\/wp\/v2\/product_brand?post=16014"},{"taxonomy":"product_cat","embeddable":true,"href":"https:\/\/www.agroserag.com\/site\/wp-json\/wp\/v2\/product_cat?post=16014"},{"taxonomy":"product_tag","embeddable":true,"href":"https:\/\/www.agroserag.com\/site\/wp-json\/wp\/v2\/product_tag?post=16014"}],"curies":[{"name":"wp","href":"https:\/\/api.w.org\/{rel}","templated":true}]}}