{"id":16025,"date":"2022-08-11T11:29:11","date_gmt":"2022-08-11T16:29:11","guid":{"rendered":"https:\/\/www.agroserag.com\/site\/?post_type=product&#038;p=16025"},"modified":"2025-04-14T22:44:48","modified_gmt":"2025-04-15T03:44:48","slug":"soft-600","status":"publish","type":"product","link":"https:\/\/www.agroserag.com\/site\/shop\/maquinaria\/nogueira\/d-fertilizantes-semillas\/soft-600\/","title":{"rendered":"Soft 900"},"content":{"rendered":"<p>La fertilizadora y sembradora <strong>Soft 900<\/strong> distribuye y aplica con rapidez fertilizantes granulados, cal y semillas. Con mecanismo de f\u00e1cil mantenimiento, operaci\u00f3n y calibraci\u00f3n. Su disco lanzador cuenta con 4 paletas. Su tolva es producida con polietileno de alta calidad que garantiza una vida m\u00e1s larga y resistencia al trabajo.<\/p>\n","protected":false},"excerpt":{"rendered":"<p>ANCHO DE TRABAJO: 9 &#8211; 16 m<br \/>\nROTACI\u00d3N NECESARIA EN LA TDF: 540 RPM<br \/>\nPOTENCIA RECOMENDADA EN LA TDF: A partir de 30 hp<br \/>\nCAPACIDAD DE CARGA: 600 L<br \/>\nPESO EN VAC\u00cdO: 82 Kg<br \/>\nLARGO: 2 350 mm<br \/>\nANCHO: 1 250 mm<br \/>\nALTURA: 1 450 mm<br \/>\nRENDIMIENTO: 6 &#8211; 721 Kg\/ha<\/p>\n<p><span style=\"font-size: 13pt;\"><strong>Cont\u00e1ctanos en <i class=\"fa fa-whatsapp fa-2\" aria-hidden=\"true\"><\/i>: +57 314 8137525<\/strong><\/span><\/p>\n","protected":false},"featured_media":17143,"template":"","meta":{"om_disable_all_campaigns":false,"_uag_custom_page_level_css":"","_monsterinsights_skip_tracking":false,"_monsterinsights_sitenote_active":false,"_monsterinsights_sitenote_note":"","_monsterinsights_sitenote_category":0},"product_brand":[],"product_cat":[83,79],"product_tag":[],"class_list":{"0":"post-16025","1":"product","2":"type-product","3":"status-publish","4":"has-post-thumbnail","6":"product_cat-d-fertilizantes-semillas","7":"product_cat-maquinaria","9":"first","10":"instock","11":"taxable","12":"shipping-taxable","13":"product-type-simple"},"aioseo_notices":[],"uagb_featured_image_src":{"full":["https:\/\/www.agroserag.com\/site\/wp-content\/uploads\/2025\/03\/NOGUEIRA-Soft_900-Maquinaria.jpg",1000,1000,false],"thumbnail":["https:\/\/www.agroserag.com\/site\/wp-content\/uploads\/2025\/03\/NOGUEIRA-Soft_900-Maquinaria-150x150.jpg",150,150,true],"medium":["https:\/\/www.agroserag.com\/site\/wp-content\/uploads\/2025\/03\/NOGUEIRA-Soft_900-Maquinaria-300x300.jpg",300,300,true],"medium_large":["https:\/\/www.agroserag.com\/site\/wp-content\/uploads\/2025\/03\/NOGUEIRA-Soft_900-Maquinaria-768x768.jpg",768,768,true],"large":["https:\/\/www.agroserag.com\/site\/wp-content\/uploads\/2025\/03\/NOGUEIRA-Soft_900-Maquinaria.jpg",960,960,false],"1536x1536":["https:\/\/www.agroserag.com\/site\/wp-content\/uploads\/2025\/03\/NOGUEIRA-Soft_900-Maquinaria.jpg",1000,1000,false],"2048x2048":["https:\/\/www.agroserag.com\/site\/wp-content\/uploads\/2025\/03\/NOGUEIRA-Soft_900-Maquinaria.jpg",1000,1000,false],"woocommerce_thumbnail":["https:\/\/www.agroserag.com\/site\/wp-content\/uploads\/2025\/03\/NOGUEIRA-Soft_900-Maquinaria-265x265.jpg",265,265,true],"woocommerce_single":["https:\/\/www.agroserag.com\/site\/wp-content\/uploads\/2025\/03\/NOGUEIRA-Soft_900-Maquinaria-450x450.jpg",450,450,true],"woocommerce_gallery_thumbnail":["https:\/\/www.agroserag.com\/site\/wp-content\/uploads\/2025\/03\/NOGUEIRA-Soft_900-Maquinaria-100x100.jpg",100,100,true],"sow-carousel-default":["https:\/\/www.agroserag.com\/site\/wp-content\/uploads\/2025\/03\/NOGUEIRA-Soft_900-Maquinaria.jpg",182,182,false]},"uagb_author_info":{"display_name":"Agroser","author_link":false},"uagb_comment_info":0,"uagb_excerpt":"ANCHO DE TRABAJO: 9 - 16 m ROTACI\u00d3N NECESARIA EN LA TDF: 540 RPM POTENCIA RECOMENDADA EN LA TDF: A partir de 30 hp CAPACIDAD DE CARGA: 600 L PESO EN VAC\u00cdO: 82 Kg LARGO: 2 350 mm ANCHO: 1 250 mm ALTURA: 1 450 mm RENDIMIENTO: 6 - 721 Kg\/ha Cont\u00e1ctanos en : +57&hellip;","_links":{"self":[{"href":"https:\/\/www.agroserag.com\/site\/wp-json\/wp\/v2\/product\/16025","targetHints":{"allow":["GET"]}}],"collection":[{"href":"https:\/\/www.agroserag.com\/site\/wp-json\/wp\/v2\/product"}],"about":[{"href":"https:\/\/www.agroserag.com\/site\/wp-json\/wp\/v2\/types\/product"}],"wp:featuredmedia":[{"embeddable":true,"href":"https:\/\/www.agroserag.com\/site\/wp-json\/wp\/v2\/media\/17143"}],"wp:attachment":[{"href":"https:\/\/www.agroserag.com\/site\/wp-json\/wp\/v2\/media?parent=16025"}],"wp:term":[{"taxonomy":"product_brand","embeddable":true,"href":"https:\/\/www.agroserag.com\/site\/wp-json\/wp\/v2\/product_brand?post=16025"},{"taxonomy":"product_cat","embeddable":true,"href":"https:\/\/www.agroserag.com\/site\/wp-json\/wp\/v2\/product_cat?post=16025"},{"taxonomy":"product_tag","embeddable":true,"href":"https:\/\/www.agroserag.com\/site\/wp-json\/wp\/v2\/product_tag?post=16025"}],"curies":[{"name":"wp","href":"https:\/\/api.w.org\/{rel}","templated":true}]}}