{"id":16269,"date":"2022-10-10T16:01:54","date_gmt":"2022-10-10T21:01:54","guid":{"rendered":"https:\/\/www.agroserag.com\/site\/?post_type=product&#038;p=16269"},"modified":"2024-07-12T10:16:07","modified_gmt":"2024-07-12T15:16:07","slug":"exit","status":"publish","type":"product","link":"https:\/\/www.agroserag.com\/site\/shop\/proteccion\/coadyuvantes\/exit\/","title":{"rendered":"EXIT"},"content":{"rendered":"<p><strong>EXIT <\/strong>es un coadyuvante con efecto humectante el cual reduce la tensi\u00f3n superficial de la mezcla, evitando la formaci\u00f3n de gotas grandes y formando una pel\u00edcula uniforme sobre la superficie de la hoja. Este efecto se ve reflejado en una cobertura muy uniforme de la aplicaci\u00f3n sobre la superficie foliar.<\/p>\n<p><strong>EXIT<\/strong> posee un Balance Hidrof\u00edlico-Lipof\u00edlico intermedio por lo que la penetraci\u00f3n se efect\u00faa por ambas rutas (polares y no polares), lo que hace m\u00e1s r\u00e1pida y efectiva la penetraci\u00f3n de los agroqu\u00edmicos sist\u00e9micos y translaminares.<\/p>\n<p><strong>EXIT<\/strong> es un tensioactivo a base de \u00e9steres metilados de \u00e1cidos grasos, en formulaci\u00f3n de concentrado emulsionable (EC).<\/p>\n","protected":false},"excerpt":{"rendered":"<p><img loading=\"lazy\" decoding=\"async\" class=\"alignnone wp-image-16561 size-full\" src=\"https:\/\/www.agroserag.com\/site\/wp-content\/uploads\/2022\/10\/Logo-Exit_miniatura.png\" alt=\"\" width=\"190\" height=\"60\" \/><br \/>\nREGISTRO ICA: 11871<\/p>\n","protected":false},"featured_media":16562,"template":"","meta":{"om_disable_all_campaigns":false,"_uag_custom_page_level_css":"","_monsterinsights_skip_tracking":false,"_monsterinsights_sitenote_active":false,"_monsterinsights_sitenote_note":"","_monsterinsights_sitenote_category":0},"product_brand":[],"product_cat":[26,18],"product_tag":[],"class_list":{"0":"post-16269","1":"product","2":"type-product","3":"status-publish","4":"has-post-thumbnail","6":"product_cat-coadyuvantes","7":"product_cat-proteccion","9":"first","10":"instock","11":"taxable","12":"shipping-taxable","13":"product-type-simple"},"aioseo_notices":[],"uagb_featured_image_src":{"full":["https:\/\/www.agroserag.com\/site\/wp-content\/uploads\/2022\/10\/Logo-Exit-2023.png",500,500,false],"thumbnail":["https:\/\/www.agroserag.com\/site\/wp-content\/uploads\/2022\/10\/Logo-Exit-2023.png",150,150,false],"medium":["https:\/\/www.agroserag.com\/site\/wp-content\/uploads\/2022\/10\/Logo-Exit-2023.png",300,300,false],"medium_large":["https:\/\/www.agroserag.com\/site\/wp-content\/uploads\/2022\/10\/Logo-Exit-2023.png",500,500,false],"large":["https:\/\/www.agroserag.com\/site\/wp-content\/uploads\/2022\/10\/Logo-Exit-2023.png",500,500,false],"1536x1536":["https:\/\/www.agroserag.com\/site\/wp-content\/uploads\/2022\/10\/Logo-Exit-2023.png",500,500,false],"2048x2048":["https:\/\/www.agroserag.com\/site\/wp-content\/uploads\/2022\/10\/Logo-Exit-2023.png",500,500,false],"woocommerce_thumbnail":["https:\/\/www.agroserag.com\/site\/wp-content\/uploads\/2022\/10\/Logo-Exit-2023.png",265,265,false],"woocommerce_single":["https:\/\/www.agroserag.com\/site\/wp-content\/uploads\/2022\/10\/Logo-Exit-2023.png",450,450,false],"woocommerce_gallery_thumbnail":["https:\/\/www.agroserag.com\/site\/wp-content\/uploads\/2022\/10\/Logo-Exit-2023.png",100,100,false],"sow-carousel-default":["https:\/\/www.agroserag.com\/site\/wp-content\/uploads\/2022\/10\/Logo-Exit-2023.png",182,182,false]},"uagb_author_info":{"display_name":"Agroser","author_link":false},"uagb_comment_info":0,"uagb_excerpt":"REGISTRO ICA: 11871","_links":{"self":[{"href":"https:\/\/www.agroserag.com\/site\/wp-json\/wp\/v2\/product\/16269","targetHints":{"allow":["GET"]}}],"collection":[{"href":"https:\/\/www.agroserag.com\/site\/wp-json\/wp\/v2\/product"}],"about":[{"href":"https:\/\/www.agroserag.com\/site\/wp-json\/wp\/v2\/types\/product"}],"wp:featuredmedia":[{"embeddable":true,"href":"https:\/\/www.agroserag.com\/site\/wp-json\/wp\/v2\/media\/16562"}],"wp:attachment":[{"href":"https:\/\/www.agroserag.com\/site\/wp-json\/wp\/v2\/media?parent=16269"}],"wp:term":[{"taxonomy":"product_brand","embeddable":true,"href":"https:\/\/www.agroserag.com\/site\/wp-json\/wp\/v2\/product_brand?post=16269"},{"taxonomy":"product_cat","embeddable":true,"href":"https:\/\/www.agroserag.com\/site\/wp-json\/wp\/v2\/product_cat?post=16269"},{"taxonomy":"product_tag","embeddable":true,"href":"https:\/\/www.agroserag.com\/site\/wp-json\/wp\/v2\/product_tag?post=16269"}],"curies":[{"name":"wp","href":"https:\/\/api.w.org\/{rel}","templated":true}]}}