{"id":16369,"date":"2023-02-07T10:52:23","date_gmt":"2023-02-07T15:52:23","guid":{"rendered":"https:\/\/www.agroserag.com\/site\/?post_type=product&#038;p=16369"},"modified":"2025-03-20T20:17:19","modified_gmt":"2025-03-21T01:17:19","slug":"gardien-x-y-c","status":"publish","type":"product","link":"https:\/\/www.agroserag.com\/site\/shop\/maquinaria\/kuhn\/gardien-x-y-c\/","title":{"rendered":"Gardien X-400 y X-600"},"content":{"rendered":"<p>El<strong> pulverizador Gardien X<\/strong> es desarrollado para aquellos que buscan econom\u00eda y simplicidad. \u00a0Con bajo costo de adquisici\u00f3n y mantenimiento, la f\u00e1cilidad en la operaci\u00f3n son caracter\u00edsticas que lo hacen imbatible. Dise\u00f1ado para cumplir con las m\u00e1s diversas condiciones de terreno: desde llano hasta monta\u00f1oso.\u00a0\u00a0El Gardien es f\u00e1cil de ajustar, simple de operar y con la legendaria calidad de la marca Kuhn. Sus componentes de alta calidad, que atienden eficientemente las exigencias del campo Colombiano. El <strong>Gardien X<\/strong> es f\u00e1cil de transportar y almacenar debido a su conformaci\u00f3n de barra en &#8220;X&#8221;.<\/p>\n","protected":false},"excerpt":{"rendered":"<p><strong>CAPACIDAD DEL TANQUE<\/strong>: 400 L\u00a0 |\u00a0 600 L<br \/>\n<strong>BOMBA MEMBRANA ANNOVI (X-400):<\/strong> 40 L\/min<br \/>\n<strong>BOMBA DE PIST\u00d3N (X-600):<\/strong> 80 L\/min<br \/>\n<strong>COMANDO DE PULVERIZACI\u00d3N:<\/strong> Manual<br \/>\n<strong>BARRA DE PULVERIZACI\u00d3N:<\/strong> 10 m\u00a0 |\u00a0 12 m<br \/>\n<strong>PORTABOQUILLAS UNIJET CON ANTIGOTEO:<\/strong> 20\u00a0 |\u00a0 24<br \/>\n<strong>DISTANCIA ENTRE BOQUILLAS:<\/strong> 50 cm<br \/>\n<strong>CAPACIDAD REABASTECEDOR:<\/strong> 80 L\/min\u00a0 |\u00a0 110 L\/min<br \/>\n<strong>AGITADOR DEL PRODUCTO:<\/strong> Por retorno<br \/>\n<strong>APERTURA DE LOS AGUILONES:<\/strong> Manual<br \/>\n<strong>PESO EN VAC\u00cdO:<\/strong> 240 Kl\u00a0 |\u00a0 315 Kl<\/p>\n<p><span style=\"font-size: 13pt;\"><strong>Cont\u00e1ctanos en <i class=\"fa fa-whatsapp fa-2\" aria-hidden=\"true\"><\/i>: +57 314 8137525<\/strong><\/span><\/p>\n","protected":false},"featured_media":17139,"template":"","meta":{"om_disable_all_campaigns":false,"_uag_custom_page_level_css":"","_monsterinsights_skip_tracking":false,"_monsterinsights_sitenote_active":false,"_monsterinsights_sitenote_note":"","_monsterinsights_sitenote_category":0},"product_brand":[],"product_cat":[93,79],"product_tag":[],"class_list":{"0":"post-16369","1":"product","2":"type-product","3":"status-publish","4":"has-post-thumbnail","6":"product_cat-kuhn","7":"product_cat-maquinaria","9":"first","10":"instock","11":"taxable","12":"shipping-taxable","13":"product-type-simple"},"aioseo_notices":[],"uagb_featured_image_src":{"full":["https:\/\/www.agroserag.com\/site\/wp-content\/uploads\/2025\/03\/Kuhn-Gardien_X-Mockup_web.jpg",1000,1000,false],"thumbnail":["https:\/\/www.agroserag.com\/site\/wp-content\/uploads\/2025\/03\/Kuhn-Gardien_X-Mockup_web.jpg",150,150,false],"medium":["https:\/\/www.agroserag.com\/site\/wp-content\/uploads\/2025\/03\/Kuhn-Gardien_X-Mockup_web.jpg",300,300,false],"medium_large":["https:\/\/www.agroserag.com\/site\/wp-content\/uploads\/2025\/03\/Kuhn-Gardien_X-Mockup_web.jpg",768,768,false],"large":["https:\/\/www.agroserag.com\/site\/wp-content\/uploads\/2025\/03\/Kuhn-Gardien_X-Mockup_web.jpg",960,960,false],"1536x1536":["https:\/\/www.agroserag.com\/site\/wp-content\/uploads\/2025\/03\/Kuhn-Gardien_X-Mockup_web.jpg",1000,1000,false],"2048x2048":["https:\/\/www.agroserag.com\/site\/wp-content\/uploads\/2025\/03\/Kuhn-Gardien_X-Mockup_web.jpg",1000,1000,false],"woocommerce_thumbnail":["https:\/\/www.agroserag.com\/site\/wp-content\/uploads\/2025\/03\/Kuhn-Gardien_X-Mockup_web.jpg",265,265,false],"woocommerce_single":["https:\/\/www.agroserag.com\/site\/wp-content\/uploads\/2025\/03\/Kuhn-Gardien_X-Mockup_web.jpg",450,450,false],"woocommerce_gallery_thumbnail":["https:\/\/www.agroserag.com\/site\/wp-content\/uploads\/2025\/03\/Kuhn-Gardien_X-Mockup_web.jpg",100,100,false],"sow-carousel-default":["https:\/\/www.agroserag.com\/site\/wp-content\/uploads\/2025\/03\/Kuhn-Gardien_X-Mockup_web.jpg",182,182,false]},"uagb_author_info":{"display_name":"Agroser","author_link":false},"uagb_comment_info":0,"uagb_excerpt":"CAPACIDAD DEL TANQUE: 400 L\u00a0 |\u00a0 600 L BOMBA MEMBRANA ANNOVI (X-400): 40 L\/min BOMBA DE PIST\u00d3N (X-600): 80 L\/min COMANDO DE PULVERIZACI\u00d3N: Manual BARRA DE PULVERIZACI\u00d3N: 10 m\u00a0 |\u00a0 12 m PORTABOQUILLAS UNIJET CON ANTIGOTEO: 20\u00a0 |\u00a0 24 DISTANCIA ENTRE BOQUILLAS: 50 cm CAPACIDAD REABASTECEDOR: 80 L\/min\u00a0 |\u00a0 110 L\/min AGITADOR DEL PRODUCTO: Por&hellip;","_links":{"self":[{"href":"https:\/\/www.agroserag.com\/site\/wp-json\/wp\/v2\/product\/16369","targetHints":{"allow":["GET"]}}],"collection":[{"href":"https:\/\/www.agroserag.com\/site\/wp-json\/wp\/v2\/product"}],"about":[{"href":"https:\/\/www.agroserag.com\/site\/wp-json\/wp\/v2\/types\/product"}],"wp:featuredmedia":[{"embeddable":true,"href":"https:\/\/www.agroserag.com\/site\/wp-json\/wp\/v2\/media\/17139"}],"wp:attachment":[{"href":"https:\/\/www.agroserag.com\/site\/wp-json\/wp\/v2\/media?parent=16369"}],"wp:term":[{"taxonomy":"product_brand","embeddable":true,"href":"https:\/\/www.agroserag.com\/site\/wp-json\/wp\/v2\/product_brand?post=16369"},{"taxonomy":"product_cat","embeddable":true,"href":"https:\/\/www.agroserag.com\/site\/wp-json\/wp\/v2\/product_cat?post=16369"},{"taxonomy":"product_tag","embeddable":true,"href":"https:\/\/www.agroserag.com\/site\/wp-json\/wp\/v2\/product_tag?post=16369"}],"curies":[{"name":"wp","href":"https:\/\/api.w.org\/{rel}","templated":true}]}}