{"id":16373,"date":"2023-02-07T11:37:34","date_gmt":"2023-02-07T16:37:34","guid":{"rendered":"https:\/\/www.agroserag.com\/site\/?post_type=product&#038;p=16373"},"modified":"2025-03-20T20:15:03","modified_gmt":"2025-03-21T01:15:03","slug":"gardien-hidraulico","status":"publish","type":"product","link":"https:\/\/www.agroserag.com\/site\/shop\/maquinaria\/kuhn\/gardien-hidraulico\/","title":{"rendered":"Gardien H-800"},"content":{"rendered":"<p>El pulverizador <b>Gardien H<\/b> fue desarrollado para brindar seguridad y rendimiento operativo en el campo.\u00a0Es un equipo con sistema hidr\u00e1ulico independiente, para facilitar y agilizar los ajustes de los aguilones, directamente desde el punto de operaci\u00f3n.\u00a0Resistencia combinada y versatilidad, Cuenta con un comando de pulverizaci\u00f3n con sistema DPM que mantiene la presi\u00f3n constante en situaciones donde se utiliza una o m\u00e1s secciones en remates del cultivo evitando as\u00ed desperdicio del producto y ahorrando dinero.<\/p>\n","protected":false},"excerpt":{"rendered":"<p>CAPACIDAD DEL TANQUE: 800 L<br \/>\nBOMBA DE PIST\u00d3N: 80 L\/min<br \/>\nCOMANDO DE PULVERIZACI\u00d3N: Manual &#8211; 4 secciones con retorno calibrado<br \/>\nBARRA DE PULVERIZACI\u00d3N: 14 m<br \/>\nPORTABOQUILLAS BIJET CON ANTIGOTEO: 28<br \/>\nDISTANCIA ENTRE BOQUILLAS: 50 cm<br \/>\nCAPACIDAD REABASTECEDOR: 110 L\/min<br \/>\nAGITADOR DEL PRODUCTO: Mec\u00e1nico<br \/>\nAPERTURA DE LOS AGUILONES: Hidr\u00e1ulico<br \/>\nPESO EN VAC\u00cdO: 660 Kl<\/p>\n<p><span style=\"font-size: 13pt;\"><strong>Cont\u00e1ctanos en <i class=\"fa fa-whatsapp fa-2\" aria-hidden=\"true\"><\/i>: +57 314 8137525<\/strong><\/span><\/p>\n","protected":false},"featured_media":17131,"template":"","meta":{"om_disable_all_campaigns":false,"_uag_custom_page_level_css":"","_monsterinsights_skip_tracking":false,"_monsterinsights_sitenote_active":false,"_monsterinsights_sitenote_note":"","_monsterinsights_sitenote_category":0},"product_brand":[],"product_cat":[93,79],"product_tag":[],"class_list":{"0":"post-16373","1":"product","2":"type-product","3":"status-publish","4":"has-post-thumbnail","6":"product_cat-kuhn","7":"product_cat-maquinaria","9":"first","10":"instock","11":"taxable","12":"shipping-taxable","13":"product-type-simple"},"aioseo_notices":[],"uagb_featured_image_src":{"full":["https:\/\/www.agroserag.com\/site\/wp-content\/uploads\/2025\/03\/Kuhn-Gardien_H-Mockup_web.jpg",1000,1000,false],"thumbnail":["https:\/\/www.agroserag.com\/site\/wp-content\/uploads\/2025\/03\/Kuhn-Gardien_H-Mockup_web.jpg",150,150,false],"medium":["https:\/\/www.agroserag.com\/site\/wp-content\/uploads\/2025\/03\/Kuhn-Gardien_H-Mockup_web.jpg",300,300,false],"medium_large":["https:\/\/www.agroserag.com\/site\/wp-content\/uploads\/2025\/03\/Kuhn-Gardien_H-Mockup_web.jpg",768,768,false],"large":["https:\/\/www.agroserag.com\/site\/wp-content\/uploads\/2025\/03\/Kuhn-Gardien_H-Mockup_web.jpg",960,960,false],"1536x1536":["https:\/\/www.agroserag.com\/site\/wp-content\/uploads\/2025\/03\/Kuhn-Gardien_H-Mockup_web.jpg",1000,1000,false],"2048x2048":["https:\/\/www.agroserag.com\/site\/wp-content\/uploads\/2025\/03\/Kuhn-Gardien_H-Mockup_web.jpg",1000,1000,false],"woocommerce_thumbnail":["https:\/\/www.agroserag.com\/site\/wp-content\/uploads\/2025\/03\/Kuhn-Gardien_H-Mockup_web.jpg",265,265,false],"woocommerce_single":["https:\/\/www.agroserag.com\/site\/wp-content\/uploads\/2025\/03\/Kuhn-Gardien_H-Mockup_web.jpg",450,450,false],"woocommerce_gallery_thumbnail":["https:\/\/www.agroserag.com\/site\/wp-content\/uploads\/2025\/03\/Kuhn-Gardien_H-Mockup_web.jpg",100,100,false],"sow-carousel-default":["https:\/\/www.agroserag.com\/site\/wp-content\/uploads\/2025\/03\/Kuhn-Gardien_H-Mockup_web.jpg",182,182,false]},"uagb_author_info":{"display_name":"Agroser","author_link":false},"uagb_comment_info":0,"uagb_excerpt":"CAPACIDAD DEL TANQUE: 800 L BOMBA DE PIST\u00d3N: 80 L\/min COMANDO DE PULVERIZACI\u00d3N: Manual - 4 secciones con retorno calibrado BARRA DE PULVERIZACI\u00d3N: 14 m PORTABOQUILLAS BIJET CON ANTIGOTEO: 28 DISTANCIA ENTRE BOQUILLAS: 50 cm CAPACIDAD REABASTECEDOR: 110 L\/min AGITADOR DEL PRODUCTO: Mec\u00e1nico APERTURA DE LOS AGUILONES: Hidr\u00e1ulico PESO EN VAC\u00cdO: 660 Kl Cont\u00e1ctanos en&hellip;","_links":{"self":[{"href":"https:\/\/www.agroserag.com\/site\/wp-json\/wp\/v2\/product\/16373","targetHints":{"allow":["GET"]}}],"collection":[{"href":"https:\/\/www.agroserag.com\/site\/wp-json\/wp\/v2\/product"}],"about":[{"href":"https:\/\/www.agroserag.com\/site\/wp-json\/wp\/v2\/types\/product"}],"wp:featuredmedia":[{"embeddable":true,"href":"https:\/\/www.agroserag.com\/site\/wp-json\/wp\/v2\/media\/17131"}],"wp:attachment":[{"href":"https:\/\/www.agroserag.com\/site\/wp-json\/wp\/v2\/media?parent=16373"}],"wp:term":[{"taxonomy":"product_brand","embeddable":true,"href":"https:\/\/www.agroserag.com\/site\/wp-json\/wp\/v2\/product_brand?post=16373"},{"taxonomy":"product_cat","embeddable":true,"href":"https:\/\/www.agroserag.com\/site\/wp-json\/wp\/v2\/product_cat?post=16373"},{"taxonomy":"product_tag","embeddable":true,"href":"https:\/\/www.agroserag.com\/site\/wp-json\/wp\/v2\/product_tag?post=16373"}],"curies":[{"name":"wp","href":"https:\/\/api.w.org\/{rel}","templated":true}]}}