{"id":16376,"date":"2023-02-07T12:23:13","date_gmt":"2023-02-07T17:23:13","guid":{"rendered":"https:\/\/www.agroserag.com\/site\/?post_type=product&#038;p=16376"},"modified":"2025-03-20T20:13:49","modified_gmt":"2025-03-21T01:13:49","slug":"linha-af","status":"publish","type":"product","link":"https:\/\/www.agroserag.com\/site\/shop\/maquinaria\/kuhn\/linha-af\/","title":{"rendered":"Linha AF-427 y AF-600"},"content":{"rendered":"<p>Kuhn destaca por su experiencia en pulverizadores. Ponemos a su disposici\u00f3n para<span class=\"Apple-converted-space\">\u00a0 <\/span>aquellos agricultores y ganaderos que necesitan aplicar en un mayor rango o a\u00fan enfrentan obst\u00e1culos en el campo, ofrecemos el atomizador tipo ca\u00f1\u00f3n, el pulverizador con el rango de aplicaci\u00f3n m\u00e1s amplio del mercado. Una m\u00e1quina sencilla, pero de alto rendimiento en aplicaciones de agroquimicos, garantizando excelentes resultados en el campo adem\u00e1s de ofrecer una larga vida \u00fatil a todos sus componentes. El ca\u00f1\u00f3n es una m\u00e1quina vers\u00e1til, producida en tres modelos para satisfacer mejor las necesidades del campo, desde el cultivo de cereales, la fruticultura, la floricultura, la horticultura, cereales, palma y pastos. Uno de los modelos puede ser tu soluci\u00f3n.<\/p>\n","protected":false},"excerpt":{"rendered":"<p>CAPACIDAD DEL TANQUE: 400 L \u00a0\/\/ \u00a0600 L<br \/>\nBOMBA CENTR\u00cdFUGA: 90 L\/min<br \/>\nCOMANDO DE PULVERIZACI\u00d3N: Manual<br \/>\nCIRCUITO DE PULVERIZACI\u00d3N: Ca\u00f1\u00f3n 3 secciones<br \/>\nN\u00daMERO DE PORTABOQUILLAS: 4 \u00a0\/\/ \u00a05<br \/>\nVELOCIDAD DEL VIENTO: 400 Km\/h \u00a0\/\/ \u00a0480 Km\/h<br \/>\nTURBINA: 500 mm \u00a0\/\/ \u00a0600 mm<br \/>\nCAPACIDAD REABASTECEDOR: 100 L\/min<br \/>\nAJUSTES GIRO DEL CA\u00d1\u00d3N: Manual \u00a0\/\/ \u00a0El\u00e9ctrico<br \/>\nAGITADOR DEL PRODUCCTO: Hidr\u00e1ulico<br \/>\nFRANJA DE APLICACI\u00d3N: Hasta 50 m<br \/>\nALTO DE APLICACI\u00d3N: 2.30 m \u00a0\/\/ \u00a03.50 m<br \/>\nPESO EN VAC\u00cdO: 260 Kl \u00a0\/\/ \u00a0360 Kl<\/p>\n<p><span style=\"font-size: 13pt;\"><strong>Cont\u00e1ctanos en <i class=\"fa fa-whatsapp fa-2\" aria-hidden=\"true\"><\/i>: +57 314 8137525<\/strong><\/span><\/p>\n","protected":false},"featured_media":16377,"template":"","meta":{"om_disable_all_campaigns":false,"_uag_custom_page_level_css":"","_monsterinsights_skip_tracking":false,"_monsterinsights_sitenote_active":false,"_monsterinsights_sitenote_note":"","_monsterinsights_sitenote_category":0},"product_brand":[],"product_cat":[93,79],"product_tag":[],"class_list":{"0":"post-16376","1":"product","2":"type-product","3":"status-publish","4":"has-post-thumbnail","6":"product_cat-kuhn","7":"product_cat-maquinaria","9":"first","10":"instock","11":"taxable","12":"shipping-taxable","13":"product-type-simple"},"aioseo_notices":[],"uagb_featured_image_src":{"full":["https:\/\/www.agroserag.com\/site\/wp-content\/uploads\/2023\/02\/linha_af.jpg",500,500,false],"thumbnail":["https:\/\/www.agroserag.com\/site\/wp-content\/uploads\/2023\/02\/linha_af.jpg",150,150,false],"medium":["https:\/\/www.agroserag.com\/site\/wp-content\/uploads\/2023\/02\/linha_af.jpg",300,300,false],"medium_large":["https:\/\/www.agroserag.com\/site\/wp-content\/uploads\/2023\/02\/linha_af.jpg",500,500,false],"large":["https:\/\/www.agroserag.com\/site\/wp-content\/uploads\/2023\/02\/linha_af.jpg",500,500,false],"1536x1536":["https:\/\/www.agroserag.com\/site\/wp-content\/uploads\/2023\/02\/linha_af.jpg",500,500,false],"2048x2048":["https:\/\/www.agroserag.com\/site\/wp-content\/uploads\/2023\/02\/linha_af.jpg",500,500,false],"woocommerce_thumbnail":["https:\/\/www.agroserag.com\/site\/wp-content\/uploads\/2023\/02\/linha_af.jpg",265,265,false],"woocommerce_single":["https:\/\/www.agroserag.com\/site\/wp-content\/uploads\/2023\/02\/linha_af.jpg",450,450,false],"woocommerce_gallery_thumbnail":["https:\/\/www.agroserag.com\/site\/wp-content\/uploads\/2023\/02\/linha_af.jpg",100,100,false],"sow-carousel-default":["https:\/\/www.agroserag.com\/site\/wp-content\/uploads\/2023\/02\/linha_af.jpg",182,182,false]},"uagb_author_info":{"display_name":"Agroser","author_link":false},"uagb_comment_info":0,"uagb_excerpt":"CAPACIDAD DEL TANQUE: 400 L \u00a0\/\/ \u00a0600 L BOMBA CENTR\u00cdFUGA: 90 L\/min COMANDO DE PULVERIZACI\u00d3N: Manual CIRCUITO DE PULVERIZACI\u00d3N: Ca\u00f1\u00f3n 3 secciones N\u00daMERO DE PORTABOQUILLAS: 4 \u00a0\/\/ \u00a05 VELOCIDAD DEL VIENTO: 400 Km\/h \u00a0\/\/ \u00a0480 Km\/h TURBINA: 500 mm \u00a0\/\/ \u00a0600 mm CAPACIDAD REABASTECEDOR: 100 L\/min AJUSTES GIRO DEL CA\u00d1\u00d3N: Manual \u00a0\/\/ \u00a0El\u00e9ctrico AGITADOR DEL&hellip;","_links":{"self":[{"href":"https:\/\/www.agroserag.com\/site\/wp-json\/wp\/v2\/product\/16376","targetHints":{"allow":["GET"]}}],"collection":[{"href":"https:\/\/www.agroserag.com\/site\/wp-json\/wp\/v2\/product"}],"about":[{"href":"https:\/\/www.agroserag.com\/site\/wp-json\/wp\/v2\/types\/product"}],"wp:featuredmedia":[{"embeddable":true,"href":"https:\/\/www.agroserag.com\/site\/wp-json\/wp\/v2\/media\/16377"}],"wp:attachment":[{"href":"https:\/\/www.agroserag.com\/site\/wp-json\/wp\/v2\/media?parent=16376"}],"wp:term":[{"taxonomy":"product_brand","embeddable":true,"href":"https:\/\/www.agroserag.com\/site\/wp-json\/wp\/v2\/product_brand?post=16376"},{"taxonomy":"product_cat","embeddable":true,"href":"https:\/\/www.agroserag.com\/site\/wp-json\/wp\/v2\/product_cat?post=16376"},{"taxonomy":"product_tag","embeddable":true,"href":"https:\/\/www.agroserag.com\/site\/wp-json\/wp\/v2\/product_tag?post=16376"}],"curies":[{"name":"wp","href":"https:\/\/api.w.org\/{rel}","templated":true}]}}