{"id":16513,"date":"2023-06-01T19:10:36","date_gmt":"2023-06-02T00:10:36","guid":{"rendered":"https:\/\/www.agroserag.com\/site\/?post_type=product&#038;p=16513"},"modified":"2025-03-20T19:24:18","modified_gmt":"2025-03-21T00:24:18","slug":"jumil-jm2040","status":"publish","type":"product","link":"https:\/\/www.agroserag.com\/site\/shop\/maquinaria\/jumil\/jumil-jm2040\/","title":{"rendered":"JUMIL JM2040"},"content":{"rendered":"<p>Desarrollada para la siembra convencional y directa, la sembradora abonadora <b>JM 2040<\/b> es una m\u00e1quina robusta, con bajo costo de mantenimiento, posee un distribuidor de semillas mec\u00e1nico Jumil; con regulaciones simples que se adaptan a la realidad de peque\u00f1as y medianas propiedades, realiza una siembra de <b>semillas de grano grueso como ma\u00edz, soya, frijol, etc.<\/b><\/p>\n<p>Puede ser configurada con modelos de 2 a 8 l\u00edneas de siembra. Ideal para tractores de baja potencia.<\/p>\n","protected":false},"excerpt":{"rendered":"<p>BARRA PORTA-HERRAMIENTAS: 1.8 m\u00a0 |\u00a0 3m\u00a0 |\u00a0 3.4 m<br \/>\nN\u00daMERO DE L\u00cdNEAS: 2\u00a0 |\u00a0 3\u00a0 |\u00a0 4<br \/>\nDISTANCIA ENTRE L\u00cdNEAS: 55 &#8211; 100 cm<br \/>\nCAPACIDAD DEL DEP\u00d3SITO DE ABONO: 39 L<br \/>\nCAPACIDAD DEL DEP\u00d3SITO DE SEMILLAS: 39 L<br \/>\nCAPACIDAD DE DISTRIBUCI\u00d3N DE ABONO: 100 &#8211; 1 000 Kg\/Hc<br \/>\nPOTENCIA M\u00cdNIMA REQUERIDA: 50 HP\u00a0 |\u00a0 65 HP\u00a0 |\u00a0 80 HP<br \/>\nTIPO DE ENGANCHE: Hidr\u00e1ulico 3 puntos<br \/>\nMARCADOR DE L\u00cdNEA: Aplica 3 y 4 l\u00edneas<\/p>\n<p><span style=\"font-size: 13pt;\"><strong>Cont\u00e1ctanos en <i class=\"fa fa-whatsapp fa-2\" aria-hidden=\"true\"><\/i>: +57 314 8137525<\/strong><\/span><\/p>\n","protected":false},"featured_media":17126,"template":"","meta":{"om_disable_all_campaigns":false,"_uag_custom_page_level_css":"","_monsterinsights_skip_tracking":false,"_monsterinsights_sitenote_active":false,"_monsterinsights_sitenote_note":"","_monsterinsights_sitenote_category":0},"product_brand":[],"product_cat":[94,79],"product_tag":[],"class_list":{"0":"post-16513","1":"product","2":"type-product","3":"status-publish","4":"has-post-thumbnail","6":"product_cat-jumil","7":"product_cat-maquinaria","9":"first","10":"instock","11":"taxable","12":"shipping-taxable","13":"product-type-simple"},"aioseo_notices":[],"uagb_featured_image_src":{"full":["https:\/\/www.agroserag.com\/site\/wp-content\/uploads\/2025\/03\/JUMIL-JM_2040-Mockup_web.jpg",1000,1000,false],"thumbnail":["https:\/\/www.agroserag.com\/site\/wp-content\/uploads\/2025\/03\/JUMIL-JM_2040-Mockup_web.jpg",150,150,false],"medium":["https:\/\/www.agroserag.com\/site\/wp-content\/uploads\/2025\/03\/JUMIL-JM_2040-Mockup_web.jpg",300,300,false],"medium_large":["https:\/\/www.agroserag.com\/site\/wp-content\/uploads\/2025\/03\/JUMIL-JM_2040-Mockup_web.jpg",768,768,false],"large":["https:\/\/www.agroserag.com\/site\/wp-content\/uploads\/2025\/03\/JUMIL-JM_2040-Mockup_web.jpg",960,960,false],"1536x1536":["https:\/\/www.agroserag.com\/site\/wp-content\/uploads\/2025\/03\/JUMIL-JM_2040-Mockup_web.jpg",1000,1000,false],"2048x2048":["https:\/\/www.agroserag.com\/site\/wp-content\/uploads\/2025\/03\/JUMIL-JM_2040-Mockup_web.jpg",1000,1000,false],"woocommerce_thumbnail":["https:\/\/www.agroserag.com\/site\/wp-content\/uploads\/2025\/03\/JUMIL-JM_2040-Mockup_web.jpg",265,265,false],"woocommerce_single":["https:\/\/www.agroserag.com\/site\/wp-content\/uploads\/2025\/03\/JUMIL-JM_2040-Mockup_web.jpg",450,450,false],"woocommerce_gallery_thumbnail":["https:\/\/www.agroserag.com\/site\/wp-content\/uploads\/2025\/03\/JUMIL-JM_2040-Mockup_web.jpg",100,100,false],"sow-carousel-default":["https:\/\/www.agroserag.com\/site\/wp-content\/uploads\/2025\/03\/JUMIL-JM_2040-Mockup_web.jpg",182,182,false]},"uagb_author_info":{"display_name":"Agroser","author_link":false},"uagb_comment_info":0,"uagb_excerpt":"BARRA PORTA-HERRAMIENTAS: 1.8 m\u00a0 |\u00a0 3m\u00a0 |\u00a0 3.4 m N\u00daMERO DE L\u00cdNEAS: 2\u00a0 |\u00a0 3\u00a0 |\u00a0 4 DISTANCIA ENTRE L\u00cdNEAS: 55 - 100 cm CAPACIDAD DEL DEP\u00d3SITO DE ABONO: 39 L CAPACIDAD DEL DEP\u00d3SITO DE SEMILLAS: 39 L CAPACIDAD DE DISTRIBUCI\u00d3N DE ABONO: 100 - 1 000 Kg\/Hc POTENCIA M\u00cdNIMA REQUERIDA: 50 HP\u00a0 |\u00a0 65&hellip;","_links":{"self":[{"href":"https:\/\/www.agroserag.com\/site\/wp-json\/wp\/v2\/product\/16513","targetHints":{"allow":["GET"]}}],"collection":[{"href":"https:\/\/www.agroserag.com\/site\/wp-json\/wp\/v2\/product"}],"about":[{"href":"https:\/\/www.agroserag.com\/site\/wp-json\/wp\/v2\/types\/product"}],"wp:featuredmedia":[{"embeddable":true,"href":"https:\/\/www.agroserag.com\/site\/wp-json\/wp\/v2\/media\/17126"}],"wp:attachment":[{"href":"https:\/\/www.agroserag.com\/site\/wp-json\/wp\/v2\/media?parent=16513"}],"wp:term":[{"taxonomy":"product_brand","embeddable":true,"href":"https:\/\/www.agroserag.com\/site\/wp-json\/wp\/v2\/product_brand?post=16513"},{"taxonomy":"product_cat","embeddable":true,"href":"https:\/\/www.agroserag.com\/site\/wp-json\/wp\/v2\/product_cat?post=16513"},{"taxonomy":"product_tag","embeddable":true,"href":"https:\/\/www.agroserag.com\/site\/wp-json\/wp\/v2\/product_tag?post=16513"}],"curies":[{"name":"wp","href":"https:\/\/api.w.org\/{rel}","templated":true}]}}