{"id":16531,"date":"2023-06-02T15:20:05","date_gmt":"2023-06-02T20:20:05","guid":{"rendered":"https:\/\/www.agroserag.com\/site\/?post_type=product&#038;p=16531"},"modified":"2025-03-20T20:09:11","modified_gmt":"2025-03-21T01:09:11","slug":"suprema-680","status":"publish","type":"product","link":"https:\/\/www.agroserag.com\/site\/shop\/maquinaria\/kuhn\/suprema-680\/","title":{"rendered":"Kuhn Suprema 680"},"content":{"rendered":"<p>Kuhn Suprema es el atomizador acoplado dise\u00f1ado para la fruticultura, una m\u00e1quina con excelente ventilaci\u00f3n y autonom\u00eda. <b>Suprema 680<\/b> cuenta con un modelo espec\u00edfico de turbina axial, especialmente dise\u00f1ado para productores que buscan una buena respuesta de ventilaci\u00f3n en un atomizador acoplado con mayor capacidad de tanque. La Suprema vence la fuerza del viento y lleva las gotas hasta la cima. Es una m\u00e1quina muy utilizada en frutales, cacao, mango, c\u00edtricos y \u00e1rboles con masa foliar densa. Para asegurar un buen desempe\u00f1o en el campo, adem\u00e1s de la estructura reforzada, sus componentes de aspersi\u00f3n son de alta resistencia, para soportar altas presiones de trabajo.<\/p>\n","protected":false},"excerpt":{"rendered":"<p>CAPACIDAD DEL TANQUE: 600 L<br \/>\nCOMANDO DE PULVERIZACI\u00d3N: Manual<br \/>\nBOMBA DE PIST\u00d3N: 80 L\/min<br \/>\nCIRCUITO DE PULVERIZACI\u00d3N: Semi arco 2 secciones<br \/>\nN\u00daMERO DE BOQUILLAS: 14<br \/>\nVELOCIDAD DEL VIENTO: 115 Km\/h<br \/>\nTURBINA: 800 mm<br \/>\nCAPACIDAD REABASTECEDOR: 100 L\/min<br \/>\nPESO EN VAC\u00cdO: 320 Kl<\/p>\n<p><span style=\"font-size: 13pt;\"><strong>Cont\u00e1ctanos en <i class=\"fa fa-whatsapp fa-2\" aria-hidden=\"true\"><\/i>: +57 314 8137525<\/strong><\/span><\/p>\n","protected":false},"featured_media":17132,"template":"","meta":{"om_disable_all_campaigns":false,"_uag_custom_page_level_css":"","_monsterinsights_skip_tracking":false,"_monsterinsights_sitenote_active":false,"_monsterinsights_sitenote_note":"","_monsterinsights_sitenote_category":0},"product_brand":[],"product_cat":[93,79],"product_tag":[],"class_list":{"0":"post-16531","1":"product","2":"type-product","3":"status-publish","4":"has-post-thumbnail","6":"product_cat-kuhn","7":"product_cat-maquinaria","9":"first","10":"instock","11":"taxable","12":"shipping-taxable","13":"product-type-simple"},"aioseo_notices":[],"uagb_featured_image_src":{"full":["https:\/\/www.agroserag.com\/site\/wp-content\/uploads\/2025\/03\/Kuhn-Suprema_680-Mockup_web.jpg",1000,1000,false],"thumbnail":["https:\/\/www.agroserag.com\/site\/wp-content\/uploads\/2025\/03\/Kuhn-Suprema_680-Mockup_web.jpg",150,150,false],"medium":["https:\/\/www.agroserag.com\/site\/wp-content\/uploads\/2025\/03\/Kuhn-Suprema_680-Mockup_web.jpg",300,300,false],"medium_large":["https:\/\/www.agroserag.com\/site\/wp-content\/uploads\/2025\/03\/Kuhn-Suprema_680-Mockup_web.jpg",768,768,false],"large":["https:\/\/www.agroserag.com\/site\/wp-content\/uploads\/2025\/03\/Kuhn-Suprema_680-Mockup_web.jpg",960,960,false],"1536x1536":["https:\/\/www.agroserag.com\/site\/wp-content\/uploads\/2025\/03\/Kuhn-Suprema_680-Mockup_web.jpg",1000,1000,false],"2048x2048":["https:\/\/www.agroserag.com\/site\/wp-content\/uploads\/2025\/03\/Kuhn-Suprema_680-Mockup_web.jpg",1000,1000,false],"woocommerce_thumbnail":["https:\/\/www.agroserag.com\/site\/wp-content\/uploads\/2025\/03\/Kuhn-Suprema_680-Mockup_web.jpg",265,265,false],"woocommerce_single":["https:\/\/www.agroserag.com\/site\/wp-content\/uploads\/2025\/03\/Kuhn-Suprema_680-Mockup_web.jpg",450,450,false],"woocommerce_gallery_thumbnail":["https:\/\/www.agroserag.com\/site\/wp-content\/uploads\/2025\/03\/Kuhn-Suprema_680-Mockup_web.jpg",100,100,false],"sow-carousel-default":["https:\/\/www.agroserag.com\/site\/wp-content\/uploads\/2025\/03\/Kuhn-Suprema_680-Mockup_web.jpg",182,182,false]},"uagb_author_info":{"display_name":"Agroser","author_link":false},"uagb_comment_info":0,"uagb_excerpt":"CAPACIDAD DEL TANQUE: 600 L COMANDO DE PULVERIZACI\u00d3N: Manual BOMBA DE PIST\u00d3N: 80 L\/min CIRCUITO DE PULVERIZACI\u00d3N: Semi arco 2 secciones N\u00daMERO DE BOQUILLAS: 14 VELOCIDAD DEL VIENTO: 115 Km\/h TURBINA: 800 mm CAPACIDAD REABASTECEDOR: 100 L\/min PESO EN VAC\u00cdO: 320 Kl Cont\u00e1ctanos en : +57 314 8137525","_links":{"self":[{"href":"https:\/\/www.agroserag.com\/site\/wp-json\/wp\/v2\/product\/16531","targetHints":{"allow":["GET"]}}],"collection":[{"href":"https:\/\/www.agroserag.com\/site\/wp-json\/wp\/v2\/product"}],"about":[{"href":"https:\/\/www.agroserag.com\/site\/wp-json\/wp\/v2\/types\/product"}],"wp:featuredmedia":[{"embeddable":true,"href":"https:\/\/www.agroserag.com\/site\/wp-json\/wp\/v2\/media\/17132"}],"wp:attachment":[{"href":"https:\/\/www.agroserag.com\/site\/wp-json\/wp\/v2\/media?parent=16531"}],"wp:term":[{"taxonomy":"product_brand","embeddable":true,"href":"https:\/\/www.agroserag.com\/site\/wp-json\/wp\/v2\/product_brand?post=16531"},{"taxonomy":"product_cat","embeddable":true,"href":"https:\/\/www.agroserag.com\/site\/wp-json\/wp\/v2\/product_cat?post=16531"},{"taxonomy":"product_tag","embeddable":true,"href":"https:\/\/www.agroserag.com\/site\/wp-json\/wp\/v2\/product_tag?post=16531"}],"curies":[{"name":"wp","href":"https:\/\/api.w.org\/{rel}","templated":true}]}}