{"id":16700,"date":"2023-09-04T08:05:32","date_gmt":"2023-09-04T13:05:32","guid":{"rendered":"https:\/\/www.agroserag.com\/site\/?post_type=product&#038;p=16700"},"modified":"2023-09-26T21:02:41","modified_gmt":"2023-09-27T02:02:41","slug":"aliado-wg","status":"publish","type":"product","link":"https:\/\/www.agroserag.com\/site\/shop\/proteccion\/fungicidas\/aliado-wg\/","title":{"rendered":"ALIADO WG"},"content":{"rendered":"<p><strong>ALIADO WG<\/strong>, es un fungicida potenciado con base en 2 ingredientes activos de eficaz acci\u00f3n sobre hongos:<br \/>\nFamoxadone que act\u00faa por contacto \u00fanicamente, presentando una buena actividad residual e inhibiendo la<br \/>\nrespiraci\u00f3n f\u00fangica que conduce al cese de la energ\u00eda que requiere funciones celulares y la muerte eventual de<br \/>\nlos hongos afectados y Cymoxanil que es un fungicida que posee actividad sist\u00e9mica de contacto y local,<br \/>\ninhibiendo m\u00faltiples procesos celulares tales como la s\u00edntesis de ADN y ARN, la s\u00edntesis de amino\u00e1cidos, la<br \/>\nrespiraci\u00f3n micelial, la s\u00edntesis de prote\u00ednas, el metabolismo de la uridina y la permeabilidad de la membrana.<\/p>\n","protected":false},"excerpt":{"rendered":"<p><img loading=\"lazy\" decoding=\"async\" class=\"alignnone size-full wp-image-16705\" src=\"https:\/\/www.agroserag.com\/site\/wp-content\/uploads\/2023\/09\/Aliado_WG-1-1.jpg\" alt=\"\" width=\"190\" height=\"60\" \/><\/p>\n<p>I.A: <strong>Famoxadone + Cymoxanil<\/strong><br \/>\nREGISTRO ICA:PL0001302022<br \/>\nCATEGOR\u00cdA TOXICOL\u00d3GICA: III LIGERAMENTE PELIGROSO<\/p>\n","protected":false},"featured_media":16701,"template":"","meta":{"om_disable_all_campaigns":false,"_uag_custom_page_level_css":"","_monsterinsights_skip_tracking":false,"_monsterinsights_sitenote_active":false,"_monsterinsights_sitenote_note":"","_monsterinsights_sitenote_category":0},"product_brand":[],"product_cat":[27,18],"product_tag":[],"class_list":{"0":"post-16700","1":"product","2":"type-product","3":"status-publish","4":"has-post-thumbnail","6":"product_cat-fungicidas","7":"product_cat-proteccion","9":"first","10":"instock","11":"taxable","12":"shipping-taxable","13":"product-type-simple"},"aioseo_notices":[],"uagb_featured_image_src":{"full":["https:\/\/www.agroserag.com\/site\/wp-content\/uploads\/2023\/09\/Aliado_WG.jpg",500,500,false],"thumbnail":["https:\/\/www.agroserag.com\/site\/wp-content\/uploads\/2023\/09\/Aliado_WG.jpg",150,150,false],"medium":["https:\/\/www.agroserag.com\/site\/wp-content\/uploads\/2023\/09\/Aliado_WG.jpg",300,300,false],"medium_large":["https:\/\/www.agroserag.com\/site\/wp-content\/uploads\/2023\/09\/Aliado_WG.jpg",500,500,false],"large":["https:\/\/www.agroserag.com\/site\/wp-content\/uploads\/2023\/09\/Aliado_WG.jpg",500,500,false],"1536x1536":["https:\/\/www.agroserag.com\/site\/wp-content\/uploads\/2023\/09\/Aliado_WG.jpg",500,500,false],"2048x2048":["https:\/\/www.agroserag.com\/site\/wp-content\/uploads\/2023\/09\/Aliado_WG.jpg",500,500,false],"woocommerce_thumbnail":["https:\/\/www.agroserag.com\/site\/wp-content\/uploads\/2023\/09\/Aliado_WG.jpg",265,265,false],"woocommerce_single":["https:\/\/www.agroserag.com\/site\/wp-content\/uploads\/2023\/09\/Aliado_WG.jpg",450,450,false],"woocommerce_gallery_thumbnail":["https:\/\/www.agroserag.com\/site\/wp-content\/uploads\/2023\/09\/Aliado_WG.jpg",100,100,false],"sow-carousel-default":["https:\/\/www.agroserag.com\/site\/wp-content\/uploads\/2023\/09\/Aliado_WG.jpg",182,182,false]},"uagb_author_info":{"display_name":"Mar\u00eda Fernanda Figueroa","author_link":false},"uagb_comment_info":0,"uagb_excerpt":"I.A: Famoxadone + Cymoxanil REGISTRO ICA:PL0001302022 CATEGOR\u00cdA TOXICOL\u00d3GICA: III LIGERAMENTE PELIGROSO","_links":{"self":[{"href":"https:\/\/www.agroserag.com\/site\/wp-json\/wp\/v2\/product\/16700","targetHints":{"allow":["GET"]}}],"collection":[{"href":"https:\/\/www.agroserag.com\/site\/wp-json\/wp\/v2\/product"}],"about":[{"href":"https:\/\/www.agroserag.com\/site\/wp-json\/wp\/v2\/types\/product"}],"wp:featuredmedia":[{"embeddable":true,"href":"https:\/\/www.agroserag.com\/site\/wp-json\/wp\/v2\/media\/16701"}],"wp:attachment":[{"href":"https:\/\/www.agroserag.com\/site\/wp-json\/wp\/v2\/media?parent=16700"}],"wp:term":[{"taxonomy":"product_brand","embeddable":true,"href":"https:\/\/www.agroserag.com\/site\/wp-json\/wp\/v2\/product_brand?post=16700"},{"taxonomy":"product_cat","embeddable":true,"href":"https:\/\/www.agroserag.com\/site\/wp-json\/wp\/v2\/product_cat?post=16700"},{"taxonomy":"product_tag","embeddable":true,"href":"https:\/\/www.agroserag.com\/site\/wp-json\/wp\/v2\/product_tag?post=16700"}],"curies":[{"name":"wp","href":"https:\/\/api.w.org\/{rel}","templated":true}]}}