{"id":16716,"date":"2023-09-04T11:33:41","date_gmt":"2023-09-04T16:33:41","guid":{"rendered":"https:\/\/www.agroserag.com\/site\/?post_type=product&#038;p=16716"},"modified":"2024-11-06T08:27:55","modified_gmt":"2024-11-06T13:27:55","slug":"tagxam-25-wg","status":"publish","type":"product","link":"https:\/\/www.agroserag.com\/site\/shop\/proteccion\/insecticidas\/tagxam-25-wg\/","title":{"rendered":"TAGXAM 25 WG"},"content":{"rendered":"<p><strong>TAGXAM 25 WG<\/strong> es un insecticida sist\u00e9mico, de r\u00e1pida acci\u00f3n y traslocaci\u00f3n que act\u00faa por ingesti\u00f3n y contacto causando la muerte al inhibir la alimentaci\u00f3n y capacidad de movilizacion de los insectos m\u00e1s j\u00f3venes y reduciendo la reproducci\u00f3n de los adultos.<\/p>\n","protected":false},"excerpt":{"rendered":"<p><img loading=\"lazy\" decoding=\"async\" class=\"alignnone wp-image-16718 size-full\" src=\"https:\/\/www.agroserag.com\/site\/wp-content\/uploads\/2023\/09\/Logo-Tagxam-2023_miniatura.png\" alt=\"\" width=\"190\" height=\"60\" \/><br \/>\nI.A: Thiamethoxam<br \/>\nREGISTRO ICA: 2141<\/p>\n","protected":false},"featured_media":16717,"template":"","meta":{"om_disable_all_campaigns":false,"_uag_custom_page_level_css":"","_monsterinsights_skip_tracking":false,"_monsterinsights_sitenote_active":false,"_monsterinsights_sitenote_note":"","_monsterinsights_sitenote_category":0},"product_brand":[],"product_cat":[25,18],"product_tag":[],"class_list":{"0":"post-16716","1":"product","2":"type-product","3":"status-publish","4":"has-post-thumbnail","6":"product_cat-insecticidas","7":"product_cat-proteccion","9":"first","10":"instock","11":"taxable","12":"shipping-taxable","13":"product-type-simple"},"aioseo_notices":[],"uagb_featured_image_src":{"full":["https:\/\/www.agroserag.com\/site\/wp-content\/uploads\/2023\/09\/Logo-Tagxam-2023.png",500,500,false],"thumbnail":["https:\/\/www.agroserag.com\/site\/wp-content\/uploads\/2023\/09\/Logo-Tagxam-2023.png",150,150,false],"medium":["https:\/\/www.agroserag.com\/site\/wp-content\/uploads\/2023\/09\/Logo-Tagxam-2023.png",300,300,false],"medium_large":["https:\/\/www.agroserag.com\/site\/wp-content\/uploads\/2023\/09\/Logo-Tagxam-2023.png",500,500,false],"large":["https:\/\/www.agroserag.com\/site\/wp-content\/uploads\/2023\/09\/Logo-Tagxam-2023.png",500,500,false],"1536x1536":["https:\/\/www.agroserag.com\/site\/wp-content\/uploads\/2023\/09\/Logo-Tagxam-2023.png",500,500,false],"2048x2048":["https:\/\/www.agroserag.com\/site\/wp-content\/uploads\/2023\/09\/Logo-Tagxam-2023.png",500,500,false],"woocommerce_thumbnail":["https:\/\/www.agroserag.com\/site\/wp-content\/uploads\/2023\/09\/Logo-Tagxam-2023.png",265,265,false],"woocommerce_single":["https:\/\/www.agroserag.com\/site\/wp-content\/uploads\/2023\/09\/Logo-Tagxam-2023.png",450,450,false],"woocommerce_gallery_thumbnail":["https:\/\/www.agroserag.com\/site\/wp-content\/uploads\/2023\/09\/Logo-Tagxam-2023.png",100,100,false],"sow-carousel-default":["https:\/\/www.agroserag.com\/site\/wp-content\/uploads\/2023\/09\/Logo-Tagxam-2023.png",182,182,false]},"uagb_author_info":{"display_name":"Agroser","author_link":false},"uagb_comment_info":0,"uagb_excerpt":"I.A: Thiamethoxam REGISTRO ICA: 2141","_links":{"self":[{"href":"https:\/\/www.agroserag.com\/site\/wp-json\/wp\/v2\/product\/16716","targetHints":{"allow":["GET"]}}],"collection":[{"href":"https:\/\/www.agroserag.com\/site\/wp-json\/wp\/v2\/product"}],"about":[{"href":"https:\/\/www.agroserag.com\/site\/wp-json\/wp\/v2\/types\/product"}],"wp:featuredmedia":[{"embeddable":true,"href":"https:\/\/www.agroserag.com\/site\/wp-json\/wp\/v2\/media\/16717"}],"wp:attachment":[{"href":"https:\/\/www.agroserag.com\/site\/wp-json\/wp\/v2\/media?parent=16716"}],"wp:term":[{"taxonomy":"product_brand","embeddable":true,"href":"https:\/\/www.agroserag.com\/site\/wp-json\/wp\/v2\/product_brand?post=16716"},{"taxonomy":"product_cat","embeddable":true,"href":"https:\/\/www.agroserag.com\/site\/wp-json\/wp\/v2\/product_cat?post=16716"},{"taxonomy":"product_tag","embeddable":true,"href":"https:\/\/www.agroserag.com\/site\/wp-json\/wp\/v2\/product_tag?post=16716"}],"curies":[{"name":"wp","href":"https:\/\/api.w.org\/{rel}","templated":true}]}}