{"id":16750,"date":"2023-09-25T07:51:23","date_gmt":"2023-09-25T12:51:23","guid":{"rendered":"https:\/\/www.agroserag.com\/site\/?post_type=product&#038;p=16750"},"modified":"2026-05-12T15:45:04","modified_gmt":"2026-05-12T20:45:04","slug":"destroyer-sl","status":"publish","type":"product","link":"https:\/\/www.agroserag.com\/site\/shop\/proteccion\/herbicidas\/destroyer-sl\/","title":{"rendered":"DESTROYER SL"},"content":{"rendered":"<p><strong>DESTROYER<sup>\u00ae<\/sup> SL<\/strong><strong>,<\/strong> es un herbicida, desecante y defoliante, con actividad por contacto, no selectivo, que es r\u00e1pidamente absorbido por los tejidos verdes de las plantas e interact\u00faa con el proceso fotosint\u00e9tico para producir compuestos que destruyen las c\u00e9lulas de las plantas. <strong>DESTROYER<sup>\u00ae<\/sup> SL<\/strong>\u00a0deseca r\u00e1pidamente cultivos y malezas.<\/p>\n<p><strong>DESTROYER<sup>\u00ae<\/sup> SL<\/strong> se usa como desecante en palmas de aceite afectadas por razones de sanidad, edad o improductividad, causando una muerte r\u00e1pida de la palma (60 d\u00edas) y con una desintegraci\u00f3n lenta, evitando as\u00ed la diseminaci\u00f3n de plagas y\/o enfermedades.<\/p>\n","protected":false},"excerpt":{"rendered":"<p><img loading=\"lazy\" decoding=\"async\" class=\"alignnone size-full wp-image-16757\" src=\"https:\/\/www.agroserag.com\/site\/wp-content\/uploads\/2023\/09\/Destroyer_SL.png\" alt=\"\" width=\"190\" height=\"60\" \/><\/p>\n<p>I.A: <strong>Diquat<\/strong><br \/>\nREGISTRO ICA: PL0001202023<br \/>\nCATEGOR\u00cdA TOXICOL\u00d3GICA: 4 LIGERAMENTE PELIGROSO<\/p>\n","protected":false},"featured_media":16755,"template":"","meta":{"om_disable_all_campaigns":false,"_uag_custom_page_level_css":"","_monsterinsights_skip_tracking":false,"_monsterinsights_sitenote_active":false,"_monsterinsights_sitenote_note":"","_monsterinsights_sitenote_category":0},"product_brand":[],"product_cat":[19,18],"product_tag":[],"class_list":{"0":"post-16750","1":"product","2":"type-product","3":"status-publish","4":"has-post-thumbnail","6":"product_cat-herbicidas","7":"product_cat-proteccion","9":"first","10":"instock","11":"taxable","12":"shipping-taxable","13":"product-type-simple"},"aioseo_notices":[],"uagb_featured_image_src":{"full":["https:\/\/www.agroserag.com\/site\/wp-content\/uploads\/2023\/09\/Destroyer_SL-1.jpg",500,500,false],"thumbnail":["https:\/\/www.agroserag.com\/site\/wp-content\/uploads\/2023\/09\/Destroyer_SL-1-150x150.jpg",150,150,true],"medium":["https:\/\/www.agroserag.com\/site\/wp-content\/uploads\/2023\/09\/Destroyer_SL-1-300x300.jpg",300,300,true],"medium_large":["https:\/\/www.agroserag.com\/site\/wp-content\/uploads\/2023\/09\/Destroyer_SL-1.jpg",500,500,false],"large":["https:\/\/www.agroserag.com\/site\/wp-content\/uploads\/2023\/09\/Destroyer_SL-1.jpg",500,500,false],"1536x1536":["https:\/\/www.agroserag.com\/site\/wp-content\/uploads\/2023\/09\/Destroyer_SL-1.jpg",500,500,false],"2048x2048":["https:\/\/www.agroserag.com\/site\/wp-content\/uploads\/2023\/09\/Destroyer_SL-1.jpg",500,500,false],"woocommerce_thumbnail":["https:\/\/www.agroserag.com\/site\/wp-content\/uploads\/2023\/09\/Destroyer_SL-1-265x265.jpg",265,265,true],"woocommerce_single":["https:\/\/www.agroserag.com\/site\/wp-content\/uploads\/2023\/09\/Destroyer_SL-1-450x450.jpg",450,450,true],"woocommerce_gallery_thumbnail":["https:\/\/www.agroserag.com\/site\/wp-content\/uploads\/2023\/09\/Destroyer_SL-1-100x100.jpg",100,100,true],"sow-carousel-default":["https:\/\/www.agroserag.com\/site\/wp-content\/uploads\/2023\/09\/Destroyer_SL-1.jpg",182,182,false]},"uagb_author_info":{"display_name":"Mar\u00eda Fernanda Figueroa","author_link":false},"uagb_comment_info":0,"uagb_excerpt":"I.A: Diquat REGISTRO ICA: PL0001202023 CATEGOR\u00cdA TOXICOL\u00d3GICA: 4 LIGERAMENTE PELIGROSO","_links":{"self":[{"href":"https:\/\/www.agroserag.com\/site\/wp-json\/wp\/v2\/product\/16750","targetHints":{"allow":["GET"]}}],"collection":[{"href":"https:\/\/www.agroserag.com\/site\/wp-json\/wp\/v2\/product"}],"about":[{"href":"https:\/\/www.agroserag.com\/site\/wp-json\/wp\/v2\/types\/product"}],"wp:featuredmedia":[{"embeddable":true,"href":"https:\/\/www.agroserag.com\/site\/wp-json\/wp\/v2\/media\/16755"}],"wp:attachment":[{"href":"https:\/\/www.agroserag.com\/site\/wp-json\/wp\/v2\/media?parent=16750"}],"wp:term":[{"taxonomy":"product_brand","embeddable":true,"href":"https:\/\/www.agroserag.com\/site\/wp-json\/wp\/v2\/product_brand?post=16750"},{"taxonomy":"product_cat","embeddable":true,"href":"https:\/\/www.agroserag.com\/site\/wp-json\/wp\/v2\/product_cat?post=16750"},{"taxonomy":"product_tag","embeddable":true,"href":"https:\/\/www.agroserag.com\/site\/wp-json\/wp\/v2\/product_tag?post=16750"}],"curies":[{"name":"wp","href":"https:\/\/api.w.org\/{rel}","templated":true}]}}