{"id":16802,"date":"2023-10-18T12:44:32","date_gmt":"2023-10-18T17:44:32","guid":{"rendered":"https:\/\/www.agroserag.com\/site\/?post_type=product&#038;p=16802"},"modified":"2024-07-23T20:01:56","modified_gmt":"2024-07-24T01:01:56","slug":"batuta-sc","status":"publish","type":"product","link":"https:\/\/www.agroserag.com\/site\/shop\/proteccion\/fungicidas\/batuta-sc\/","title":{"rendered":"BATUTA SC"},"content":{"rendered":"<p><strong>BATUTA SC<\/strong> es un fungicida preventivo-curativo por las caracter\u00edsticas que le dan sus ingredientes activos, Trifloxystrobin pertenece a las estrobilurinas, act\u00faa como un inhibidor de la respiraci\u00f3n mediante la interrupci\u00f3n de la transferencia de electrones en las mitocondrias de las c\u00e9lulas f\u00fangicas. El Tebuconazole pertenece a la clase qu\u00edmica de fungicidas Triazoles. Se ha demostrado que su mecanismo de acci\u00f3n se basa en la inhibici\u00f3n de la desmetilaci\u00f3n en la posici\u00f3n\u00a0 C-14 en la bios\u00edntesis de esteroles f\u00fangicos.<\/p>\n","protected":false},"excerpt":{"rendered":"<p><img loading=\"lazy\" decoding=\"async\" class=\"alignnone size-full wp-image-16803\" src=\"https:\/\/www.agroserag.com\/site\/wp-content\/uploads\/2023\/10\/Batuta_SC-1.jpg\" alt=\"\" width=\"190\" height=\"60\" \/><\/p>\n<p>I.A: <strong>Tebuconazole + Trifloxystrobin<\/strong><br \/>\nREGISTRO ICA: 3181<br \/>\nCATEGOR\u00cdA TOXICOL\u00d3GICA: 4 LIGERAMENTE PELIGROSO<\/p>\n","protected":false},"featured_media":16804,"template":"","meta":{"om_disable_all_campaigns":false,"_uag_custom_page_level_css":"","_monsterinsights_skip_tracking":false,"_monsterinsights_sitenote_active":false,"_monsterinsights_sitenote_note":"","_monsterinsights_sitenote_category":0},"product_brand":[],"product_cat":[27,18],"product_tag":[],"class_list":{"0":"post-16802","1":"product","2":"type-product","3":"status-publish","4":"has-post-thumbnail","6":"product_cat-fungicidas","7":"product_cat-proteccion","9":"first","10":"instock","11":"taxable","12":"shipping-taxable","13":"product-type-simple"},"aioseo_notices":[],"uagb_featured_image_src":{"full":["https:\/\/www.agroserag.com\/site\/wp-content\/uploads\/2023\/10\/Batuta_SC.png",500,500,false],"thumbnail":["https:\/\/www.agroserag.com\/site\/wp-content\/uploads\/2023\/10\/Batuta_SC.png",150,150,false],"medium":["https:\/\/www.agroserag.com\/site\/wp-content\/uploads\/2023\/10\/Batuta_SC.png",300,300,false],"medium_large":["https:\/\/www.agroserag.com\/site\/wp-content\/uploads\/2023\/10\/Batuta_SC.png",500,500,false],"large":["https:\/\/www.agroserag.com\/site\/wp-content\/uploads\/2023\/10\/Batuta_SC.png",500,500,false],"1536x1536":["https:\/\/www.agroserag.com\/site\/wp-content\/uploads\/2023\/10\/Batuta_SC.png",500,500,false],"2048x2048":["https:\/\/www.agroserag.com\/site\/wp-content\/uploads\/2023\/10\/Batuta_SC.png",500,500,false],"woocommerce_thumbnail":["https:\/\/www.agroserag.com\/site\/wp-content\/uploads\/2023\/10\/Batuta_SC.png",265,265,false],"woocommerce_single":["https:\/\/www.agroserag.com\/site\/wp-content\/uploads\/2023\/10\/Batuta_SC.png",450,450,false],"woocommerce_gallery_thumbnail":["https:\/\/www.agroserag.com\/site\/wp-content\/uploads\/2023\/10\/Batuta_SC.png",100,100,false],"sow-carousel-default":["https:\/\/www.agroserag.com\/site\/wp-content\/uploads\/2023\/10\/Batuta_SC.png",182,182,false]},"uagb_author_info":{"display_name":"Mar\u00eda Fernanda Figueroa","author_link":false},"uagb_comment_info":0,"uagb_excerpt":"I.A: Tebuconazole + Trifloxystrobin REGISTRO ICA: 3181 CATEGOR\u00cdA TOXICOL\u00d3GICA: 4 LIGERAMENTE PELIGROSO","_links":{"self":[{"href":"https:\/\/www.agroserag.com\/site\/wp-json\/wp\/v2\/product\/16802","targetHints":{"allow":["GET"]}}],"collection":[{"href":"https:\/\/www.agroserag.com\/site\/wp-json\/wp\/v2\/product"}],"about":[{"href":"https:\/\/www.agroserag.com\/site\/wp-json\/wp\/v2\/types\/product"}],"wp:featuredmedia":[{"embeddable":true,"href":"https:\/\/www.agroserag.com\/site\/wp-json\/wp\/v2\/media\/16804"}],"wp:attachment":[{"href":"https:\/\/www.agroserag.com\/site\/wp-json\/wp\/v2\/media?parent=16802"}],"wp:term":[{"taxonomy":"product_brand","embeddable":true,"href":"https:\/\/www.agroserag.com\/site\/wp-json\/wp\/v2\/product_brand?post=16802"},{"taxonomy":"product_cat","embeddable":true,"href":"https:\/\/www.agroserag.com\/site\/wp-json\/wp\/v2\/product_cat?post=16802"},{"taxonomy":"product_tag","embeddable":true,"href":"https:\/\/www.agroserag.com\/site\/wp-json\/wp\/v2\/product_tag?post=16802"}],"curies":[{"name":"wp","href":"https:\/\/api.w.org\/{rel}","templated":true}]}}