{"id":16862,"date":"2024-02-21T09:37:18","date_gmt":"2024-02-21T14:37:18","guid":{"rendered":"https:\/\/www.agroserag.com\/site\/?post_type=product&#038;p=16862"},"modified":"2024-07-29T13:34:30","modified_gmt":"2024-07-29T18:34:30","slug":"big-bang-od","status":"publish","type":"product","link":"https:\/\/www.agroserag.com\/site\/shop\/proteccion\/insecticidas\/big-bang-od\/","title":{"rendered":"BIG BANG\u00ae OD"},"content":{"rendered":"<p><strong>BIG BANG OD <\/strong>es un insecticida que contiene mezcla de un neonicotinoide (cloronicotin\u00edlico) y un piretroide. Imidacloprid es altamente sist\u00e9mico y tiene efecto por ingesti\u00f3n y contacto; act\u00faa como antagonista al unirse a receptores nicot\u00ednicos postsin\u00e1pticos en el sistema nervioso central del insecto. Beta-cyfluthrin tiene efecto de contacto esencialmente; interfiere mediante el bloqueo de los canales de sodio en la membrana nerviosa interrumpiendo la transferencia de iones y la transmisi\u00f3n de impulsos entre las c\u00e9lulas nerviosas.<\/p>\n","protected":false},"excerpt":{"rendered":"<p><img loading=\"lazy\" decoding=\"async\" class=\"alignnone wp-image-16986 size-full\" src=\"https:\/\/www.agroserag.com\/site\/wp-content\/uploads\/2024\/02\/Big-Bang_OD_miniatura.jpg\" alt=\"\" width=\"286\" height=\"90\" \/><\/p>\n<p>I.A: <strong>Imidacloprid + Beta-cyfluthrin<\/strong><br \/>\nREGISTRO ICA: PL0000182024<br \/>\nCATEGOR\u00cdA TOXICOL\u00d3GICA: 4 LIGERAMENTE PELIGROSO<\/p>\n","protected":false},"featured_media":16985,"template":"","meta":{"om_disable_all_campaigns":false,"_uag_custom_page_level_css":"","_monsterinsights_skip_tracking":false,"_monsterinsights_sitenote_active":false,"_monsterinsights_sitenote_note":"","_monsterinsights_sitenote_category":0},"product_brand":[],"product_cat":[25,18],"product_tag":[],"class_list":{"0":"post-16862","1":"product","2":"type-product","3":"status-publish","4":"has-post-thumbnail","6":"product_cat-insecticidas","7":"product_cat-proteccion","9":"first","10":"instock","11":"taxable","12":"shipping-taxable","13":"product-type-simple"},"aioseo_notices":[],"uagb_featured_image_src":{"full":["https:\/\/www.agroserag.com\/site\/wp-content\/uploads\/2024\/02\/Big-Bang_OD.jpg",750,750,false],"thumbnail":["https:\/\/www.agroserag.com\/site\/wp-content\/uploads\/2024\/02\/Big-Bang_OD.jpg",150,150,false],"medium":["https:\/\/www.agroserag.com\/site\/wp-content\/uploads\/2024\/02\/Big-Bang_OD.jpg",300,300,false],"medium_large":["https:\/\/www.agroserag.com\/site\/wp-content\/uploads\/2024\/02\/Big-Bang_OD.jpg",750,750,false],"large":["https:\/\/www.agroserag.com\/site\/wp-content\/uploads\/2024\/02\/Big-Bang_OD.jpg",750,750,false],"1536x1536":["https:\/\/www.agroserag.com\/site\/wp-content\/uploads\/2024\/02\/Big-Bang_OD.jpg",750,750,false],"2048x2048":["https:\/\/www.agroserag.com\/site\/wp-content\/uploads\/2024\/02\/Big-Bang_OD.jpg",750,750,false],"woocommerce_thumbnail":["https:\/\/www.agroserag.com\/site\/wp-content\/uploads\/2024\/02\/Big-Bang_OD.jpg",265,265,false],"woocommerce_single":["https:\/\/www.agroserag.com\/site\/wp-content\/uploads\/2024\/02\/Big-Bang_OD.jpg",450,450,false],"woocommerce_gallery_thumbnail":["https:\/\/www.agroserag.com\/site\/wp-content\/uploads\/2024\/02\/Big-Bang_OD.jpg",100,100,false],"sow-carousel-default":["https:\/\/www.agroserag.com\/site\/wp-content\/uploads\/2024\/02\/Big-Bang_OD.jpg",182,182,false]},"uagb_author_info":{"display_name":"Mar\u00eda Fernanda Figueroa","author_link":false},"uagb_comment_info":0,"uagb_excerpt":"I.A: Imidacloprid + Beta-cyfluthrin REGISTRO ICA: PL0000182024 CATEGOR\u00cdA TOXICOL\u00d3GICA: 4 LIGERAMENTE PELIGROSO","_links":{"self":[{"href":"https:\/\/www.agroserag.com\/site\/wp-json\/wp\/v2\/product\/16862","targetHints":{"allow":["GET"]}}],"collection":[{"href":"https:\/\/www.agroserag.com\/site\/wp-json\/wp\/v2\/product"}],"about":[{"href":"https:\/\/www.agroserag.com\/site\/wp-json\/wp\/v2\/types\/product"}],"wp:featuredmedia":[{"embeddable":true,"href":"https:\/\/www.agroserag.com\/site\/wp-json\/wp\/v2\/media\/16985"}],"wp:attachment":[{"href":"https:\/\/www.agroserag.com\/site\/wp-json\/wp\/v2\/media?parent=16862"}],"wp:term":[{"taxonomy":"product_brand","embeddable":true,"href":"https:\/\/www.agroserag.com\/site\/wp-json\/wp\/v2\/product_brand?post=16862"},{"taxonomy":"product_cat","embeddable":true,"href":"https:\/\/www.agroserag.com\/site\/wp-json\/wp\/v2\/product_cat?post=16862"},{"taxonomy":"product_tag","embeddable":true,"href":"https:\/\/www.agroserag.com\/site\/wp-json\/wp\/v2\/product_tag?post=16862"}],"curies":[{"name":"wp","href":"https:\/\/api.w.org\/{rel}","templated":true}]}}