{"id":16980,"date":"2024-07-29T13:09:15","date_gmt":"2024-07-29T18:09:15","guid":{"rendered":"https:\/\/www.agroserag.com\/site\/?post_type=product&#038;p=16980"},"modified":"2024-12-02T12:35:09","modified_gmt":"2024-12-02T17:35:09","slug":"dante-480-sc","status":"publish","type":"product","link":"https:\/\/www.agroserag.com\/site\/shop\/proteccion\/herbicidas\/dante-480-sc\/","title":{"rendered":"DANTE 480 SC"},"content":{"rendered":"<p><strong>DANTE 480 SC<\/strong> es un herbicida recomendado para el control post-emergente de malezas en cultivos de ma\u00edz y ca\u00f1a de az\u00facar. Es un herbicida sist\u00e9mico residual y selectivo, efectivo contra un amplio rango de malezas que incluyen hojas anchas, gram\u00edneas y ciper\u00e1ceas. Mesotrione es r\u00e1pidamente absorbido por hojas, ra\u00edces y tallos y traslocado tanto por xi lema como por floema. Act\u00faa mediante el bloqueo de la enzima HPPH (p-hidroxi-fenil-piruvato-deshidrogenasa), interrumpiendo la formaci\u00f3n de los pigmentos carotenoides, y produciendo la decoloraci\u00f3n en las hojas (albinismo) y la posterior necrosis y muerte de la planta. <strong>DANTE 480 SC<\/strong> puede ser combinado con herbicidas a base de atrazina o nicosulfuron usados en ma\u00edz.<\/p>\n","protected":false},"excerpt":{"rendered":"<p><img loading=\"lazy\" decoding=\"async\" class=\"alignnone size-full wp-image-16982\" src=\"https:\/\/www.agroserag.com\/site\/wp-content\/uploads\/2024\/07\/Dante_480SC_miniatura.jpg\" alt=\"\" width=\"286\" height=\"90\" \/><br \/>\nI.A: Mesotrione.<br \/>\nREGISTRO ICA: PL0000252024<br \/>\nCATEGOR\u00cdA TOXICOL\u00d3GICA: 4 LIGERAMENTE PELIGROSO<\/p>\n","protected":false},"featured_media":16981,"template":"","meta":{"om_disable_all_campaigns":false,"_uag_custom_page_level_css":"","_monsterinsights_skip_tracking":false,"_monsterinsights_sitenote_active":false,"_monsterinsights_sitenote_note":"","_monsterinsights_sitenote_category":0},"product_brand":[],"product_cat":[19,18],"product_tag":[],"class_list":{"0":"post-16980","1":"product","2":"type-product","3":"status-publish","4":"has-post-thumbnail","6":"product_cat-herbicidas","7":"product_cat-proteccion","9":"first","10":"instock","11":"taxable","12":"shipping-taxable","13":"product-type-simple"},"aioseo_notices":[],"uagb_featured_image_src":{"full":["https:\/\/www.agroserag.com\/site\/wp-content\/uploads\/2024\/07\/Dante_480SC.jpg",750,750,false],"thumbnail":["https:\/\/www.agroserag.com\/site\/wp-content\/uploads\/2024\/07\/Dante_480SC.jpg",150,150,false],"medium":["https:\/\/www.agroserag.com\/site\/wp-content\/uploads\/2024\/07\/Dante_480SC.jpg",300,300,false],"medium_large":["https:\/\/www.agroserag.com\/site\/wp-content\/uploads\/2024\/07\/Dante_480SC.jpg",750,750,false],"large":["https:\/\/www.agroserag.com\/site\/wp-content\/uploads\/2024\/07\/Dante_480SC.jpg",750,750,false],"1536x1536":["https:\/\/www.agroserag.com\/site\/wp-content\/uploads\/2024\/07\/Dante_480SC.jpg",750,750,false],"2048x2048":["https:\/\/www.agroserag.com\/site\/wp-content\/uploads\/2024\/07\/Dante_480SC.jpg",750,750,false],"woocommerce_thumbnail":["https:\/\/www.agroserag.com\/site\/wp-content\/uploads\/2024\/07\/Dante_480SC.jpg",265,265,false],"woocommerce_single":["https:\/\/www.agroserag.com\/site\/wp-content\/uploads\/2024\/07\/Dante_480SC.jpg",450,450,false],"woocommerce_gallery_thumbnail":["https:\/\/www.agroserag.com\/site\/wp-content\/uploads\/2024\/07\/Dante_480SC.jpg",100,100,false],"sow-carousel-default":["https:\/\/www.agroserag.com\/site\/wp-content\/uploads\/2024\/07\/Dante_480SC.jpg",182,182,false]},"uagb_author_info":{"display_name":"Agroser","author_link":false},"uagb_comment_info":0,"uagb_excerpt":"I.A: Mesotrione. REGISTRO ICA: PL0000252024 CATEGOR\u00cdA TOXICOL\u00d3GICA: 4 LIGERAMENTE PELIGROSO","_links":{"self":[{"href":"https:\/\/www.agroserag.com\/site\/wp-json\/wp\/v2\/product\/16980","targetHints":{"allow":["GET"]}}],"collection":[{"href":"https:\/\/www.agroserag.com\/site\/wp-json\/wp\/v2\/product"}],"about":[{"href":"https:\/\/www.agroserag.com\/site\/wp-json\/wp\/v2\/types\/product"}],"wp:featuredmedia":[{"embeddable":true,"href":"https:\/\/www.agroserag.com\/site\/wp-json\/wp\/v2\/media\/16981"}],"wp:attachment":[{"href":"https:\/\/www.agroserag.com\/site\/wp-json\/wp\/v2\/media?parent=16980"}],"wp:term":[{"taxonomy":"product_brand","embeddable":true,"href":"https:\/\/www.agroserag.com\/site\/wp-json\/wp\/v2\/product_brand?post=16980"},{"taxonomy":"product_cat","embeddable":true,"href":"https:\/\/www.agroserag.com\/site\/wp-json\/wp\/v2\/product_cat?post=16980"},{"taxonomy":"product_tag","embeddable":true,"href":"https:\/\/www.agroserag.com\/site\/wp-json\/wp\/v2\/product_tag?post=16980"}],"curies":[{"name":"wp","href":"https:\/\/api.w.org\/{rel}","templated":true}]}}