{"id":16993,"date":"2024-07-29T13:54:23","date_gmt":"2024-07-29T18:54:23","guid":{"rendered":"https:\/\/www.agroserag.com\/site\/?post_type=product&#038;p=16993"},"modified":"2024-11-12T16:08:18","modified_gmt":"2024-11-12T21:08:18","slug":"scopus-250-ec","status":"publish","type":"product","link":"https:\/\/www.agroserag.com\/site\/shop\/proteccion\/fungicidas\/scopus-250-ec\/","title":{"rendered":"SCOPUS\u00ae 250 EC"},"content":{"rendered":"<p><strong>SCOPUS<sup>\u00ae<\/sup> 250 EC<\/strong> es un fungicida formulado con base en el ingrediente activo Prothioconazole (250 g\/L), recomendado para el control de una variedad de enfermedades en cereales y otros cultivos. Se trata de un fungicida sist\u00e9mico con acci\u00f3n preventiva, curativa y erradicante que inhibe la bios\u00edntesis de esteroles.<\/p>\n","protected":false},"excerpt":{"rendered":"<p><img loading=\"lazy\" decoding=\"async\" class=\"alignnone wp-image-16995 size-full\" src=\"https:\/\/www.agroserag.com\/site\/wp-content\/uploads\/2024\/07\/Scopus_250EC_miniatura.jpg\" alt=\"\" width=\"286\" height=\"90\" \/><br \/>\nI.A: Prothioconazole.<br \/>\nREGISTRO ICA: PL0000682024<br \/>\nCATEGOR\u00cdA TOXICOL\u00d3GICA: 4 LIGERAMENTE PELIGROSO<\/p>\n","protected":false},"featured_media":16994,"template":"","meta":{"om_disable_all_campaigns":false,"_uag_custom_page_level_css":"","_monsterinsights_skip_tracking":false,"_monsterinsights_sitenote_active":false,"_monsterinsights_sitenote_note":"","_monsterinsights_sitenote_category":0},"product_brand":[],"product_cat":[27,18],"product_tag":[],"class_list":{"0":"post-16993","1":"product","2":"type-product","3":"status-publish","4":"has-post-thumbnail","6":"product_cat-fungicidas","7":"product_cat-proteccion","9":"first","10":"instock","11":"taxable","12":"shipping-taxable","13":"product-type-simple"},"aioseo_notices":[],"uagb_featured_image_src":{"full":["https:\/\/www.agroserag.com\/site\/wp-content\/uploads\/2024\/07\/Scopus_250EC.jpg",750,750,false],"thumbnail":["https:\/\/www.agroserag.com\/site\/wp-content\/uploads\/2024\/07\/Scopus_250EC.jpg",150,150,false],"medium":["https:\/\/www.agroserag.com\/site\/wp-content\/uploads\/2024\/07\/Scopus_250EC.jpg",300,300,false],"medium_large":["https:\/\/www.agroserag.com\/site\/wp-content\/uploads\/2024\/07\/Scopus_250EC.jpg",750,750,false],"large":["https:\/\/www.agroserag.com\/site\/wp-content\/uploads\/2024\/07\/Scopus_250EC.jpg",750,750,false],"1536x1536":["https:\/\/www.agroserag.com\/site\/wp-content\/uploads\/2024\/07\/Scopus_250EC.jpg",750,750,false],"2048x2048":["https:\/\/www.agroserag.com\/site\/wp-content\/uploads\/2024\/07\/Scopus_250EC.jpg",750,750,false],"woocommerce_thumbnail":["https:\/\/www.agroserag.com\/site\/wp-content\/uploads\/2024\/07\/Scopus_250EC.jpg",265,265,false],"woocommerce_single":["https:\/\/www.agroserag.com\/site\/wp-content\/uploads\/2024\/07\/Scopus_250EC.jpg",450,450,false],"woocommerce_gallery_thumbnail":["https:\/\/www.agroserag.com\/site\/wp-content\/uploads\/2024\/07\/Scopus_250EC.jpg",100,100,false],"sow-carousel-default":["https:\/\/www.agroserag.com\/site\/wp-content\/uploads\/2024\/07\/Scopus_250EC.jpg",182,182,false]},"uagb_author_info":{"display_name":"Agroser","author_link":false},"uagb_comment_info":0,"uagb_excerpt":"I.A: Prothioconazole. REGISTRO ICA: PL0000682024 CATEGOR\u00cdA TOXICOL\u00d3GICA: 4 LIGERAMENTE PELIGROSO","_links":{"self":[{"href":"https:\/\/www.agroserag.com\/site\/wp-json\/wp\/v2\/product\/16993","targetHints":{"allow":["GET"]}}],"collection":[{"href":"https:\/\/www.agroserag.com\/site\/wp-json\/wp\/v2\/product"}],"about":[{"href":"https:\/\/www.agroserag.com\/site\/wp-json\/wp\/v2\/types\/product"}],"wp:featuredmedia":[{"embeddable":true,"href":"https:\/\/www.agroserag.com\/site\/wp-json\/wp\/v2\/media\/16994"}],"wp:attachment":[{"href":"https:\/\/www.agroserag.com\/site\/wp-json\/wp\/v2\/media?parent=16993"}],"wp:term":[{"taxonomy":"product_brand","embeddable":true,"href":"https:\/\/www.agroserag.com\/site\/wp-json\/wp\/v2\/product_brand?post=16993"},{"taxonomy":"product_cat","embeddable":true,"href":"https:\/\/www.agroserag.com\/site\/wp-json\/wp\/v2\/product_cat?post=16993"},{"taxonomy":"product_tag","embeddable":true,"href":"https:\/\/www.agroserag.com\/site\/wp-json\/wp\/v2\/product_tag?post=16993"}],"curies":[{"name":"wp","href":"https:\/\/api.w.org\/{rel}","templated":true}]}}