{"id":16996,"date":"2024-07-29T14:04:49","date_gmt":"2024-07-29T19:04:49","guid":{"rendered":"https:\/\/www.agroserag.com\/site\/?post_type=product&#038;p=16996"},"modified":"2024-11-12T16:05:47","modified_gmt":"2024-11-12T21:05:47","slug":"metralla-350-wg","status":"publish","type":"product","link":"https:\/\/www.agroserag.com\/site\/shop\/proteccion\/insecticidas\/metralla-350-wg\/","title":{"rendered":"METRALLA\u00ae 350 WG"},"content":{"rendered":"<p><strong>METRALLA<sup>\u00ae<\/sup> 350 WG<\/strong> es un insecticida formulado con base en los ingredientes activos Thiamethoxam (150 g\/Kg) y Pymetrozine (200 g\/Kg), como gr\u00e1nulos dispersables &#8211; WG. El producto se recomienda para el control de plagas en diversos cultivos. <strong>METRALLA<sup>\u00ae<\/sup> 350 WG<\/strong>\u00a0es un insecticida de amplio espectro, sist\u00e9mico, con actividad por contacto e ingesti\u00f3n que combina los mecanismos de acci\u00f3n del Thiamethoxam que es un insecticida Neonicotinoide (Modulador competitivo del receptor nicot\u00ednico de acetilcolina (nAChR)) y del Pymetrozine, un insecticida del grupo de las piridinas que act\u00faa como inhibidor neural selectivo del comportamiento de alimentaci\u00f3n que eventualmente mata de hambre al insecto. Es un modulador del canal TRPV del \u00f3rgano cordotonal. No aplique el producto si se espera lluvia una hora despu\u00e9s de la aplicaci\u00f3n, pues el nivel de control puede disminuir.<\/p>\n","protected":false},"excerpt":{"rendered":"<p><img loading=\"lazy\" decoding=\"async\" class=\"alignnone wp-image-16998 size-full\" src=\"https:\/\/www.agroserag.com\/site\/wp-content\/uploads\/2024\/07\/Metralla_350WG_miniatura.jpg\" alt=\"\" width=\"286\" height=\"90\" \/><br \/>\nI.A: Thiamethoxam + Pymetrozine.<br \/>\nREGISTRO ICA: PL0002942024<br \/>\nCATEGOR\u00cdA TOXICOL\u00d3GICA: 4 Ligeramente Peligroso<\/p>\n","protected":false},"featured_media":16997,"template":"","meta":{"om_disable_all_campaigns":false,"_uag_custom_page_level_css":"","_monsterinsights_skip_tracking":false,"_monsterinsights_sitenote_active":false,"_monsterinsights_sitenote_note":"","_monsterinsights_sitenote_category":0},"product_brand":[],"product_cat":[25,18],"product_tag":[],"class_list":{"0":"post-16996","1":"product","2":"type-product","3":"status-publish","4":"has-post-thumbnail","6":"product_cat-insecticidas","7":"product_cat-proteccion","9":"first","10":"instock","11":"taxable","12":"shipping-taxable","13":"product-type-simple"},"aioseo_notices":[],"uagb_featured_image_src":{"full":["https:\/\/www.agroserag.com\/site\/wp-content\/uploads\/2024\/07\/Metralla_350WG.jpg",750,750,false],"thumbnail":["https:\/\/www.agroserag.com\/site\/wp-content\/uploads\/2024\/07\/Metralla_350WG.jpg",150,150,false],"medium":["https:\/\/www.agroserag.com\/site\/wp-content\/uploads\/2024\/07\/Metralla_350WG.jpg",300,300,false],"medium_large":["https:\/\/www.agroserag.com\/site\/wp-content\/uploads\/2024\/07\/Metralla_350WG.jpg",750,750,false],"large":["https:\/\/www.agroserag.com\/site\/wp-content\/uploads\/2024\/07\/Metralla_350WG.jpg",750,750,false],"1536x1536":["https:\/\/www.agroserag.com\/site\/wp-content\/uploads\/2024\/07\/Metralla_350WG.jpg",750,750,false],"2048x2048":["https:\/\/www.agroserag.com\/site\/wp-content\/uploads\/2024\/07\/Metralla_350WG.jpg",750,750,false],"woocommerce_thumbnail":["https:\/\/www.agroserag.com\/site\/wp-content\/uploads\/2024\/07\/Metralla_350WG.jpg",265,265,false],"woocommerce_single":["https:\/\/www.agroserag.com\/site\/wp-content\/uploads\/2024\/07\/Metralla_350WG.jpg",450,450,false],"woocommerce_gallery_thumbnail":["https:\/\/www.agroserag.com\/site\/wp-content\/uploads\/2024\/07\/Metralla_350WG.jpg",100,100,false],"sow-carousel-default":["https:\/\/www.agroserag.com\/site\/wp-content\/uploads\/2024\/07\/Metralla_350WG.jpg",182,182,false]},"uagb_author_info":{"display_name":"Agroser","author_link":false},"uagb_comment_info":0,"uagb_excerpt":"I.A: Thiamethoxam + Pymetrozine. REGISTRO ICA: PL0002942024 CATEGOR\u00cdA TOXICOL\u00d3GICA: 4 Ligeramente Peligroso","_links":{"self":[{"href":"https:\/\/www.agroserag.com\/site\/wp-json\/wp\/v2\/product\/16996","targetHints":{"allow":["GET"]}}],"collection":[{"href":"https:\/\/www.agroserag.com\/site\/wp-json\/wp\/v2\/product"}],"about":[{"href":"https:\/\/www.agroserag.com\/site\/wp-json\/wp\/v2\/types\/product"}],"wp:featuredmedia":[{"embeddable":true,"href":"https:\/\/www.agroserag.com\/site\/wp-json\/wp\/v2\/media\/16997"}],"wp:attachment":[{"href":"https:\/\/www.agroserag.com\/site\/wp-json\/wp\/v2\/media?parent=16996"}],"wp:term":[{"taxonomy":"product_brand","embeddable":true,"href":"https:\/\/www.agroserag.com\/site\/wp-json\/wp\/v2\/product_brand?post=16996"},{"taxonomy":"product_cat","embeddable":true,"href":"https:\/\/www.agroserag.com\/site\/wp-json\/wp\/v2\/product_cat?post=16996"},{"taxonomy":"product_tag","embeddable":true,"href":"https:\/\/www.agroserag.com\/site\/wp-json\/wp\/v2\/product_tag?post=16996"}],"curies":[{"name":"wp","href":"https:\/\/api.w.org\/{rel}","templated":true}]}}