{"id":17097,"date":"2025-02-24T19:51:29","date_gmt":"2025-02-25T00:51:29","guid":{"rendered":"https:\/\/www.agroserag.com\/site\/?post_type=product&#038;p=17097"},"modified":"2025-04-23T18:29:51","modified_gmt":"2025-04-23T23:29:51","slug":"segadora-de-disco-sdn-210","status":"publish","type":"product","link":"https:\/\/www.agroserag.com\/site\/shop\/maquinaria\/nogueira\/segadora-de-disco-sdn-210\/","title":{"rendered":"Segadora de disco SDN 210"},"content":{"rendered":"<p><b>La segadora SDN 210<\/b> fue desarrollada para hacer m\u00e1s r\u00e1pidas las tareas de henificaci\u00f3n. Su dise\u00f1o moderno cuenta con una barra de corte de 5 discos ovalados con 10 cuchillas, son 2 cuchillas de alta calidad por disco, lo que permite un corte limpio y preciso, detalles esenciales para un r\u00e1pido rebrote y desarrollo del pasto.<\/p>\n<p>Su ancho de corte de hasta 2.10 m permite cortar una \u00e1rea mayor con menos consumo de combustible y disminuye la compactaci\u00f3n en el suelo. El dise\u00f1o interno de la barra de corte es proyectado para altos rendimientos, cuenta con engranajes resistentes de dientes rectos, que reduce desgaste interno y ruidos, ya que este dise\u00f1o permite una lubricaci\u00f3n m\u00e1s eficiente.<\/p>\n","protected":false},"excerpt":{"rendered":"<p>ANCHO DE CORTE: 2.1 m<br \/>\nRENDIMIENTO: Hasta 2.5 ha\/h<br \/>\nCANTIDAD DE DISCOS: 5<br \/>\nCANTIDAD DE CUCHILLAS: 10 (2 por disco)<br \/>\nACCIONAMIENTO: TDF Tractor (540 RPM)<br \/>\nROTACI\u00d3N DE DISCOS: 2 800 RPM<br \/>\nPOTENCIA RECOMENDADA EN LA TDF: 35 hp<br \/>\nSISTEMA DE ENGANCHE: Categor\u00edas I &amp; II<br \/>\nPESO APROXIMADO: 432 Kl<\/p>\n<p><span style=\"font-size: 13pt;\"><strong>Cont\u00e1ctanos en <i class=\"fa fa-whatsapp fa-2\" aria-hidden=\"true\"><\/i>: +57 314 8137525<\/strong><\/span><\/p>\n","protected":false},"featured_media":17134,"template":"","meta":{"om_disable_all_campaigns":false,"_uag_custom_page_level_css":"","_monsterinsights_skip_tracking":false,"_monsterinsights_sitenote_active":false,"_monsterinsights_sitenote_note":"","_monsterinsights_sitenote_category":0},"product_brand":[],"product_cat":[79,92],"product_tag":[],"class_list":{"0":"post-17097","1":"product","2":"type-product","3":"status-publish","4":"has-post-thumbnail","6":"product_cat-maquinaria","7":"product_cat-nogueira","9":"first","10":"instock","11":"taxable","12":"shipping-taxable","13":"product-type-simple"},"aioseo_notices":[],"uagb_featured_image_src":{"full":["https:\/\/www.agroserag.com\/site\/wp-content\/uploads\/2025\/03\/NOGUEIRA-SDN_210-Maquinaria.jpg",1000,1000,false],"thumbnail":["https:\/\/www.agroserag.com\/site\/wp-content\/uploads\/2025\/03\/NOGUEIRA-SDN_210-Maquinaria-150x150.jpg",150,150,true],"medium":["https:\/\/www.agroserag.com\/site\/wp-content\/uploads\/2025\/03\/NOGUEIRA-SDN_210-Maquinaria-300x300.jpg",300,300,true],"medium_large":["https:\/\/www.agroserag.com\/site\/wp-content\/uploads\/2025\/03\/NOGUEIRA-SDN_210-Maquinaria-768x768.jpg",768,768,true],"large":["https:\/\/www.agroserag.com\/site\/wp-content\/uploads\/2025\/03\/NOGUEIRA-SDN_210-Maquinaria.jpg",960,960,false],"1536x1536":["https:\/\/www.agroserag.com\/site\/wp-content\/uploads\/2025\/03\/NOGUEIRA-SDN_210-Maquinaria.jpg",1000,1000,false],"2048x2048":["https:\/\/www.agroserag.com\/site\/wp-content\/uploads\/2025\/03\/NOGUEIRA-SDN_210-Maquinaria.jpg",1000,1000,false],"woocommerce_thumbnail":["https:\/\/www.agroserag.com\/site\/wp-content\/uploads\/2025\/03\/NOGUEIRA-SDN_210-Maquinaria-265x265.jpg",265,265,true],"woocommerce_single":["https:\/\/www.agroserag.com\/site\/wp-content\/uploads\/2025\/03\/NOGUEIRA-SDN_210-Maquinaria-450x450.jpg",450,450,true],"woocommerce_gallery_thumbnail":["https:\/\/www.agroserag.com\/site\/wp-content\/uploads\/2025\/03\/NOGUEIRA-SDN_210-Maquinaria-100x100.jpg",100,100,true],"sow-carousel-default":["https:\/\/www.agroserag.com\/site\/wp-content\/uploads\/2025\/03\/NOGUEIRA-SDN_210-Maquinaria.jpg",182,182,false]},"uagb_author_info":{"display_name":"Agroser","author_link":false},"uagb_comment_info":0,"uagb_excerpt":"ANCHO DE CORTE: 2.1 m RENDIMIENTO: Hasta 2.5 ha\/h CANTIDAD DE DISCOS: 5 CANTIDAD DE CUCHILLAS: 10 (2 por disco) ACCIONAMIENTO: TDF Tractor (540 RPM) ROTACI\u00d3N DE DISCOS: 2 800 RPM POTENCIA RECOMENDADA EN LA TDF: 35 hp SISTEMA DE ENGANCHE: Categor\u00edas I &amp; II PESO APROXIMADO: 432 Kl Cont\u00e1ctanos en : +57 314 8137525","_links":{"self":[{"href":"https:\/\/www.agroserag.com\/site\/wp-json\/wp\/v2\/product\/17097","targetHints":{"allow":["GET"]}}],"collection":[{"href":"https:\/\/www.agroserag.com\/site\/wp-json\/wp\/v2\/product"}],"about":[{"href":"https:\/\/www.agroserag.com\/site\/wp-json\/wp\/v2\/types\/product"}],"wp:featuredmedia":[{"embeddable":true,"href":"https:\/\/www.agroserag.com\/site\/wp-json\/wp\/v2\/media\/17134"}],"wp:attachment":[{"href":"https:\/\/www.agroserag.com\/site\/wp-json\/wp\/v2\/media?parent=17097"}],"wp:term":[{"taxonomy":"product_brand","embeddable":true,"href":"https:\/\/www.agroserag.com\/site\/wp-json\/wp\/v2\/product_brand?post=17097"},{"taxonomy":"product_cat","embeddable":true,"href":"https:\/\/www.agroserag.com\/site\/wp-json\/wp\/v2\/product_cat?post=17097"},{"taxonomy":"product_tag","embeddable":true,"href":"https:\/\/www.agroserag.com\/site\/wp-json\/wp\/v2\/product_tag?post=17097"}],"curies":[{"name":"wp","href":"https:\/\/api.w.org\/{rel}","templated":true}]}}