{"id":17098,"date":"2025-02-24T20:08:20","date_gmt":"2025-02-25T01:08:20","guid":{"rendered":"https:\/\/www.agroserag.com\/site\/?post_type=product&#038;p=17098"},"modified":"2025-04-23T18:27:34","modified_gmt":"2025-04-23T23:27:34","slug":"rastrillo-hilerador-y-esparcidor-haynog-300","status":"publish","type":"product","link":"https:\/\/www.agroserag.com\/site\/shop\/maquinaria\/nogueira\/rastrillo-hilerador-y-esparcidor-haynog-300\/","title":{"rendered":"Rastrillo Hilerador y Esparcidor Haynog 300"},"content":{"rendered":"<p><b>El Hilerador y Esparcidor Haynog 300<\/b> de Nogueira es reconocido en su seguimiento por su sencillez y por desarrollar doble funci\u00f3n, hilerar y esparcir.<\/p>\n<p>Los resortes de los tambores rotativos se mueven y trabajan por fuerza centr\u00edfuga lo que hace del <b>Haynog 300<\/b> un equipo r\u00e1pido.<\/p>\n<p>Es r\u00e1pido en su funci\u00f3n como hilerador, hace hileras uniformes facilitando la recolecci\u00f3n del forraje por la empacadora Nogueira Express y, en su funci\u00f3n de esparcidor es eficiente, y acelera el proceso de pre-secado para la producci\u00f3n de las pacas o ensilaje de pre-secado de alta calidad nutricional.<\/p>\n","protected":false},"excerpt":{"rendered":"<p>ANCHO DE TRABAJO: 3 m<br \/>\nRENDIMIENTO: 3 ha\/h<br \/>\nCANTIDAD DE ROTORES: 2<br \/>\nCANTIDAD DE RESORTES: 20 (10 por rotor)<br \/>\nACCIONAMIENTO: TDF Tractor (540 RPM)<br \/>\nROTACI\u00d3N DE DISCOS: 2 800 RPM<br \/>\nPOTENCIA RECOMENDADA EN LA TDF: 15 hp<br \/>\nSISTEMA DE ENGANCHE: Categor\u00edas I &amp; II<br \/>\nANCHO DE TRANSPORTE: 2.8 m<br \/>\nLLANTAS: 15&#215;6.00-6V-61 4PR<br \/>\nPESO APROXIMADO: 300 Kl<\/p>\n<p><span style=\"font-size: 13pt;\"><strong>Cont\u00e1ctanos en <i class=\"fa fa-whatsapp fa-2\" aria-hidden=\"true\"><\/i>: +57 314 8137525<\/strong><\/span><\/p>\n","protected":false},"featured_media":17133,"template":"","meta":{"om_disable_all_campaigns":false,"_uag_custom_page_level_css":"","_monsterinsights_skip_tracking":false,"_monsterinsights_sitenote_active":false,"_monsterinsights_sitenote_note":"","_monsterinsights_sitenote_category":0},"product_brand":[],"product_cat":[79,92],"product_tag":[],"class_list":{"0":"post-17098","1":"product","2":"type-product","3":"status-publish","4":"has-post-thumbnail","6":"product_cat-maquinaria","7":"product_cat-nogueira","9":"first","10":"instock","11":"taxable","12":"shipping-taxable","13":"product-type-simple"},"aioseo_notices":[],"uagb_featured_image_src":{"full":["https:\/\/www.agroserag.com\/site\/wp-content\/uploads\/2025\/03\/NOGUEIRA-Haynog_300-Maquinaria.jpg",1000,1000,false],"thumbnail":["https:\/\/www.agroserag.com\/site\/wp-content\/uploads\/2025\/03\/NOGUEIRA-Haynog_300-Maquinaria-150x150.jpg",150,150,true],"medium":["https:\/\/www.agroserag.com\/site\/wp-content\/uploads\/2025\/03\/NOGUEIRA-Haynog_300-Maquinaria-300x300.jpg",300,300,true],"medium_large":["https:\/\/www.agroserag.com\/site\/wp-content\/uploads\/2025\/03\/NOGUEIRA-Haynog_300-Maquinaria-768x768.jpg",768,768,true],"large":["https:\/\/www.agroserag.com\/site\/wp-content\/uploads\/2025\/03\/NOGUEIRA-Haynog_300-Maquinaria.jpg",960,960,false],"1536x1536":["https:\/\/www.agroserag.com\/site\/wp-content\/uploads\/2025\/03\/NOGUEIRA-Haynog_300-Maquinaria.jpg",1000,1000,false],"2048x2048":["https:\/\/www.agroserag.com\/site\/wp-content\/uploads\/2025\/03\/NOGUEIRA-Haynog_300-Maquinaria.jpg",1000,1000,false],"woocommerce_thumbnail":["https:\/\/www.agroserag.com\/site\/wp-content\/uploads\/2025\/03\/NOGUEIRA-Haynog_300-Maquinaria-265x265.jpg",265,265,true],"woocommerce_single":["https:\/\/www.agroserag.com\/site\/wp-content\/uploads\/2025\/03\/NOGUEIRA-Haynog_300-Maquinaria-450x450.jpg",450,450,true],"woocommerce_gallery_thumbnail":["https:\/\/www.agroserag.com\/site\/wp-content\/uploads\/2025\/03\/NOGUEIRA-Haynog_300-Maquinaria-100x100.jpg",100,100,true],"sow-carousel-default":["https:\/\/www.agroserag.com\/site\/wp-content\/uploads\/2025\/03\/NOGUEIRA-Haynog_300-Maquinaria.jpg",182,182,false]},"uagb_author_info":{"display_name":"Agroser","author_link":false},"uagb_comment_info":0,"uagb_excerpt":"ANCHO DE TRABAJO: 3 m RENDIMIENTO: 3 ha\/h CANTIDAD DE ROTORES: 2 CANTIDAD DE RESORTES: 20 (10 por rotor) ACCIONAMIENTO: TDF Tractor (540 RPM) ROTACI\u00d3N DE DISCOS: 2 800 RPM POTENCIA RECOMENDADA EN LA TDF: 15 hp SISTEMA DE ENGANCHE: Categor\u00edas I &amp; II ANCHO DE TRANSPORTE: 2.8 m LLANTAS: 15x6.00-6V-61 4PR PESO APROXIMADO: 300&hellip;","_links":{"self":[{"href":"https:\/\/www.agroserag.com\/site\/wp-json\/wp\/v2\/product\/17098","targetHints":{"allow":["GET"]}}],"collection":[{"href":"https:\/\/www.agroserag.com\/site\/wp-json\/wp\/v2\/product"}],"about":[{"href":"https:\/\/www.agroserag.com\/site\/wp-json\/wp\/v2\/types\/product"}],"wp:featuredmedia":[{"embeddable":true,"href":"https:\/\/www.agroserag.com\/site\/wp-json\/wp\/v2\/media\/17133"}],"wp:attachment":[{"href":"https:\/\/www.agroserag.com\/site\/wp-json\/wp\/v2\/media?parent=17098"}],"wp:term":[{"taxonomy":"product_brand","embeddable":true,"href":"https:\/\/www.agroserag.com\/site\/wp-json\/wp\/v2\/product_brand?post=17098"},{"taxonomy":"product_cat","embeddable":true,"href":"https:\/\/www.agroserag.com\/site\/wp-json\/wp\/v2\/product_cat?post=17098"},{"taxonomy":"product_tag","embeddable":true,"href":"https:\/\/www.agroserag.com\/site\/wp-json\/wp\/v2\/product_tag?post=17098"}],"curies":[{"name":"wp","href":"https:\/\/api.w.org\/{rel}","templated":true}]}}