{"id":17099,"date":"2025-02-24T20:14:30","date_gmt":"2025-02-25T01:14:30","guid":{"rendered":"https:\/\/www.agroserag.com\/site\/?post_type=product&#038;p=17099"},"modified":"2025-04-23T17:20:24","modified_gmt":"2025-04-23T22:20:24","slug":"enfardadora-express-5040","status":"publish","type":"product","link":"https:\/\/www.agroserag.com\/site\/shop\/maquinaria\/nogueira\/enfardadora-express-5040\/","title":{"rendered":"Enfardadora Express 5040"},"content":{"rendered":"<p><b>La empacadora Express 5040<\/b> de Nogueira fue desarrollada para atender demanda de trabajo m\u00e1s fuerte como el empaque de rastrojo de cosecha y algunos pastos tropicales como: alfalfa, avena, cost-cross, tr\u00e9bol, pajas de cultivos como el trigo, la soya y el arroz. Prensan, atan y cortan pacas uniformes y compactas produciendo as\u00ed, formas rectangulares de longitudes predeterminadas. Por eso, su sistema de transmisiones total por medio de caja de transmisi\u00f3n, ejes y engranes para garantizar el buen funcionamiento de su mecanismo. La transmisiones cuentan con cardan con sistema de embrague y com triple perno fusible de protecci\u00f3n contra sobrecarga.<\/p>\n<p>Los recolectores tienen rueda de apoyo y un amortiguador para absorber los impactos y adaptar las imperfecciones del terreno, y un sistema con pist\u00f3n hidr\u00e1ulico para levantarlo. Cuenta con tres posici\u00f3n en la barra de tiro, para facilitar la operaci\u00f3n y tener la mejor efici\u00eancia en la recolecci\u00f3n del producto. Trabaja con 100 golpes por minuto, siendo r\u00e1pida y eficiente en la producci\u00f3n de pacas.<\/p>\n","protected":false},"excerpt":{"rendered":"<p>RENDIMIENTO: 400 &#8211; 600 pacas\/h<br \/>\nANCHO DE RECOLECCI\u00d3N:1.73 m<br \/>\nGOLPES DE LA PRENSA: 100\/min<br \/>\nPOTENCIA RECOMENDADA EN LA TDF: 35 hp (540 RPM)<br \/>\nLLANTA IZQUIERDA: 10.5\/65 &#8211; 16<br \/>\nLLANTA DERECHA: 5.60 &#8211; 15<br \/>\nPESO: 1 460 Kl<\/p>\n<p>DIMENSIONES DE LA PACA:<\/p>\n<p>LARGO (REGULABLE): De 0.50 a 1.20 m<br \/>\nALTURA: 40 cm<br \/>\nANCHO: 50 cm<\/p>\n<p><span style=\"font-size: 13pt;\"><strong>Cont\u00e1ctanos en <i class=\"fa fa-whatsapp fa-2\" aria-hidden=\"true\"><\/i>: +57 314 8137525<\/strong><\/span><\/p>\n","protected":false},"featured_media":17140,"template":"","meta":{"om_disable_all_campaigns":false,"_uag_custom_page_level_css":"","_monsterinsights_skip_tracking":false,"_monsterinsights_sitenote_active":false,"_monsterinsights_sitenote_note":"","_monsterinsights_sitenote_category":0},"product_brand":[],"product_cat":[79,92],"product_tag":[],"class_list":{"0":"post-17099","1":"product","2":"type-product","3":"status-publish","4":"has-post-thumbnail","6":"product_cat-maquinaria","7":"product_cat-nogueira","9":"first","10":"instock","11":"taxable","12":"shipping-taxable","13":"product-type-simple"},"aioseo_notices":[],"uagb_featured_image_src":{"full":["https:\/\/www.agroserag.com\/site\/wp-content\/uploads\/2025\/03\/NOGUEIRA-Express_5040-Maquinaria.jpg",1000,1000,false],"thumbnail":["https:\/\/www.agroserag.com\/site\/wp-content\/uploads\/2025\/03\/NOGUEIRA-Express_5040-Maquinaria-150x150.jpg",150,150,true],"medium":["https:\/\/www.agroserag.com\/site\/wp-content\/uploads\/2025\/03\/NOGUEIRA-Express_5040-Maquinaria-300x300.jpg",300,300,true],"medium_large":["https:\/\/www.agroserag.com\/site\/wp-content\/uploads\/2025\/03\/NOGUEIRA-Express_5040-Maquinaria-768x768.jpg",768,768,true],"large":["https:\/\/www.agroserag.com\/site\/wp-content\/uploads\/2025\/03\/NOGUEIRA-Express_5040-Maquinaria.jpg",960,960,false],"1536x1536":["https:\/\/www.agroserag.com\/site\/wp-content\/uploads\/2025\/03\/NOGUEIRA-Express_5040-Maquinaria.jpg",1000,1000,false],"2048x2048":["https:\/\/www.agroserag.com\/site\/wp-content\/uploads\/2025\/03\/NOGUEIRA-Express_5040-Maquinaria.jpg",1000,1000,false],"woocommerce_thumbnail":["https:\/\/www.agroserag.com\/site\/wp-content\/uploads\/2025\/03\/NOGUEIRA-Express_5040-Maquinaria-265x265.jpg",265,265,true],"woocommerce_single":["https:\/\/www.agroserag.com\/site\/wp-content\/uploads\/2025\/03\/NOGUEIRA-Express_5040-Maquinaria-450x450.jpg",450,450,true],"woocommerce_gallery_thumbnail":["https:\/\/www.agroserag.com\/site\/wp-content\/uploads\/2025\/03\/NOGUEIRA-Express_5040-Maquinaria-100x100.jpg",100,100,true],"sow-carousel-default":["https:\/\/www.agroserag.com\/site\/wp-content\/uploads\/2025\/03\/NOGUEIRA-Express_5040-Maquinaria.jpg",182,182,false]},"uagb_author_info":{"display_name":"Agroser","author_link":false},"uagb_comment_info":0,"uagb_excerpt":"RENDIMIENTO: 400 - 600 pacas\/h ANCHO DE RECOLECCI\u00d3N:1.73 m GOLPES DE LA PRENSA: 100\/min POTENCIA RECOMENDADA EN LA TDF: 35 hp (540 RPM) LLANTA IZQUIERDA: 10.5\/65 - 16 LLANTA DERECHA: 5.60 - 15 PESO: 1 460 Kl DIMENSIONES DE LA PACA: LARGO (REGULABLE): De 0.50 a 1.20 m ALTURA: 40 cm ANCHO: 50 cm Cont\u00e1ctanos&hellip;","_links":{"self":[{"href":"https:\/\/www.agroserag.com\/site\/wp-json\/wp\/v2\/product\/17099","targetHints":{"allow":["GET"]}}],"collection":[{"href":"https:\/\/www.agroserag.com\/site\/wp-json\/wp\/v2\/product"}],"about":[{"href":"https:\/\/www.agroserag.com\/site\/wp-json\/wp\/v2\/types\/product"}],"wp:featuredmedia":[{"embeddable":true,"href":"https:\/\/www.agroserag.com\/site\/wp-json\/wp\/v2\/media\/17140"}],"wp:attachment":[{"href":"https:\/\/www.agroserag.com\/site\/wp-json\/wp\/v2\/media?parent=17099"}],"wp:term":[{"taxonomy":"product_brand","embeddable":true,"href":"https:\/\/www.agroserag.com\/site\/wp-json\/wp\/v2\/product_brand?post=17099"},{"taxonomy":"product_cat","embeddable":true,"href":"https:\/\/www.agroserag.com\/site\/wp-json\/wp\/v2\/product_cat?post=17099"},{"taxonomy":"product_tag","embeddable":true,"href":"https:\/\/www.agroserag.com\/site\/wp-json\/wp\/v2\/product_tag?post=17099"}],"curies":[{"name":"wp","href":"https:\/\/api.w.org\/{rel}","templated":true}]}}