{"id":17102,"date":"2025-02-27T14:53:47","date_gmt":"2025-02-27T19:53:47","guid":{"rendered":"https:\/\/www.agroserag.com\/site\/?post_type=product&#038;p=17102"},"modified":"2025-03-20T19:17:04","modified_gmt":"2025-03-21T00:17:04","slug":"inroda-sp-3400-tf","status":"publish","type":"product","link":"https:\/\/www.agroserag.com\/site\/shop\/maquinaria\/inroda\/inroda-sp-3400-tf\/","title":{"rendered":"INRODA SP-3400 TF"},"content":{"rendered":"<p>La desmalezadora de arrastre <b>SP-3400 TF<\/b> es accionamiento a trav\u00e9s de la toma de fuerza. Aplicada en trabajos en pasturas, malezas y restos culturales. Tiene vigas estructurales para soportar diferentes tipos de trabajo, lo que hace que su estructura sea robusta. Ajuste de corte a trav\u00e9s del eje de cuchilla del cubo de la rueda. Equipado con cuchillas &#8220;DURO CORTE&#8221;, que garantizan durabilidad y seguridad en el trabajo. Rotaci\u00f3n constante de las cuchillas, independientemente de la velocidad del tractor. Altura de corte ajustable y cajas multiplicadoras de giro libre.<\/p>\n","protected":false},"excerpt":{"rendered":"<p>ANCHO DE CORTE: 3.4 m<br \/>\nN\u00daMERO DE CUCHILLAS: 4<br \/>\nALTURA DE CORTE: 5 &#8211; 38 cm<br \/>\nPOTENCIA REQUERIDA: 60 &#8211; 140 hp<br \/>\nTIPO DE ACOPLE: 3\u00ba punto cat. II<br \/>\nROTACI\u00d3N: 540 RPM<br \/>\nPESO APROXIMADO: 1 383 Kl<br \/>\nROTACI\u00d3N DE LAS CUCHILLAS: 1 036 RPM<\/p>\n<p><span style=\"font-size: 13pt;\"><strong>Cont\u00e1ctanos en <i class=\"fa fa-whatsapp fa-2\" aria-hidden=\"true\"><\/i>: +57 314 8137525<\/strong><\/span><\/p>\n","protected":false},"featured_media":17138,"template":"","meta":{"om_disable_all_campaigns":false,"_uag_custom_page_level_css":"","_monsterinsights_skip_tracking":false,"_monsterinsights_sitenote_active":false,"_monsterinsights_sitenote_note":"","_monsterinsights_sitenote_category":0},"product_brand":[],"product_cat":[98,79],"product_tag":[],"class_list":{"0":"post-17102","1":"product","2":"type-product","3":"status-publish","4":"has-post-thumbnail","6":"product_cat-inroda","7":"product_cat-maquinaria","9":"first","10":"instock","11":"taxable","12":"shipping-taxable","13":"product-type-simple"},"aioseo_notices":[],"uagb_featured_image_src":{"full":["https:\/\/www.agroserag.com\/site\/wp-content\/uploads\/2025\/03\/INRODA-SP_3400tf-Mockup_web.jpg",1000,1000,false],"thumbnail":["https:\/\/www.agroserag.com\/site\/wp-content\/uploads\/2025\/03\/INRODA-SP_3400tf-Mockup_web.jpg",150,150,false],"medium":["https:\/\/www.agroserag.com\/site\/wp-content\/uploads\/2025\/03\/INRODA-SP_3400tf-Mockup_web.jpg",300,300,false],"medium_large":["https:\/\/www.agroserag.com\/site\/wp-content\/uploads\/2025\/03\/INRODA-SP_3400tf-Mockup_web.jpg",768,768,false],"large":["https:\/\/www.agroserag.com\/site\/wp-content\/uploads\/2025\/03\/INRODA-SP_3400tf-Mockup_web.jpg",960,960,false],"1536x1536":["https:\/\/www.agroserag.com\/site\/wp-content\/uploads\/2025\/03\/INRODA-SP_3400tf-Mockup_web.jpg",1000,1000,false],"2048x2048":["https:\/\/www.agroserag.com\/site\/wp-content\/uploads\/2025\/03\/INRODA-SP_3400tf-Mockup_web.jpg",1000,1000,false],"woocommerce_thumbnail":["https:\/\/www.agroserag.com\/site\/wp-content\/uploads\/2025\/03\/INRODA-SP_3400tf-Mockup_web.jpg",265,265,false],"woocommerce_single":["https:\/\/www.agroserag.com\/site\/wp-content\/uploads\/2025\/03\/INRODA-SP_3400tf-Mockup_web.jpg",450,450,false],"woocommerce_gallery_thumbnail":["https:\/\/www.agroserag.com\/site\/wp-content\/uploads\/2025\/03\/INRODA-SP_3400tf-Mockup_web.jpg",100,100,false],"sow-carousel-default":["https:\/\/www.agroserag.com\/site\/wp-content\/uploads\/2025\/03\/INRODA-SP_3400tf-Mockup_web.jpg",182,182,false]},"uagb_author_info":{"display_name":"Agroser","author_link":false},"uagb_comment_info":0,"uagb_excerpt":"ANCHO DE CORTE: 3.4 m N\u00daMERO DE CUCHILLAS: 4 ALTURA DE CORTE: 5 - 38 cm POTENCIA REQUERIDA: 60 - 140 hp TIPO DE ACOPLE: 3\u00ba punto cat. II ROTACI\u00d3N: 540 RPM PESO APROXIMADO: 1 383 Kl ROTACI\u00d3N DE LAS CUCHILLAS: 1 036 RPM Cont\u00e1ctanos en : +57 314 8137525","_links":{"self":[{"href":"https:\/\/www.agroserag.com\/site\/wp-json\/wp\/v2\/product\/17102","targetHints":{"allow":["GET"]}}],"collection":[{"href":"https:\/\/www.agroserag.com\/site\/wp-json\/wp\/v2\/product"}],"about":[{"href":"https:\/\/www.agroserag.com\/site\/wp-json\/wp\/v2\/types\/product"}],"wp:featuredmedia":[{"embeddable":true,"href":"https:\/\/www.agroserag.com\/site\/wp-json\/wp\/v2\/media\/17138"}],"wp:attachment":[{"href":"https:\/\/www.agroserag.com\/site\/wp-json\/wp\/v2\/media?parent=17102"}],"wp:term":[{"taxonomy":"product_brand","embeddable":true,"href":"https:\/\/www.agroserag.com\/site\/wp-json\/wp\/v2\/product_brand?post=17102"},{"taxonomy":"product_cat","embeddable":true,"href":"https:\/\/www.agroserag.com\/site\/wp-json\/wp\/v2\/product_cat?post=17102"},{"taxonomy":"product_tag","embeddable":true,"href":"https:\/\/www.agroserag.com\/site\/wp-json\/wp\/v2\/product_tag?post=17102"}],"curies":[{"name":"wp","href":"https:\/\/api.w.org\/{rel}","templated":true}]}}