{"id":17107,"date":"2025-02-27T15:25:24","date_gmt":"2025-02-27T20:25:24","guid":{"rendered":"https:\/\/www.agroserag.com\/site\/?post_type=product&#038;p=17107"},"modified":"2025-03-20T19:02:13","modified_gmt":"2025-03-21T00:02:13","slug":"psi-perforador-de-suelo-12-y-18","status":"publish","type":"product","link":"https:\/\/www.agroserag.com\/site\/shop\/maquinaria\/inroda\/psi-perforador-de-suelo-12-y-18\/","title":{"rendered":"PSI Perforador de suelo 12&#8243; y 18&#8243;"},"content":{"rendered":"<p>Equipo robusto de Inroda para perforaci\u00f3n de suelo para postes, plantaci\u00f3n de nuevos cultivos y similares. Ofrece diferentes di\u00e1metros de barrenas para la mejor versatilidad de trabajo.<\/p>\n<p>Permite perforar hasta 1 metro de profundidad con acoplamiento al tercer punto del tractor y accionado por card\u00e1n a la toma de fuerza del tractor; se puede regular la altura de trabajo y nivelaci\u00f3n de la caja de transmisi\u00f3n, logrando un promedio de 100 a 110 perforaciones por hora.<\/p>\n","protected":false},"excerpt":{"rendered":"<p>ANCHO DE BARRENO: 12&#8243; y 18&#8243;<br \/>\nPROFUNDIDAD DE TRABAJO: 1 m<br \/>\nPOTENCIA REQUERIDA: 50 hp<br \/>\nROTACI\u00d3N DEL BARRENO: 132 RPM<br \/>\nRPM EN LA TDF: 540 RPM<br \/>\nLARGO TOTAL: 2 m<br \/>\nALTURA TOTAL: 1.85 m<br \/>\nCAPACIDAD DE PERFORACI\u00d3N: 100 &#8211; 110\/h<br \/>\nPESO: 163 &#8211; 167 Kl<\/p>\n<p><span style=\"font-size: 13pt;\"><strong>Cont\u00e1ctanos en <i class=\"fa fa-whatsapp fa-2\" aria-hidden=\"true\"><\/i>: +57 314 8137525<\/strong><\/span><\/p>\n","protected":false},"featured_media":17136,"template":"","meta":{"om_disable_all_campaigns":false,"_uag_custom_page_level_css":"","_monsterinsights_skip_tracking":false,"_monsterinsights_sitenote_active":false,"_monsterinsights_sitenote_note":"","_monsterinsights_sitenote_category":0},"product_brand":[],"product_cat":[98,79],"product_tag":[],"class_list":{"0":"post-17107","1":"product","2":"type-product","3":"status-publish","4":"has-post-thumbnail","6":"product_cat-inroda","7":"product_cat-maquinaria","9":"first","10":"instock","11":"taxable","12":"shipping-taxable","13":"product-type-simple"},"aioseo_notices":[],"uagb_featured_image_src":{"full":["https:\/\/www.agroserag.com\/site\/wp-content\/uploads\/2025\/03\/INRODA-PSI_Perforadora-Mockup_web.jpg",1000,1000,false],"thumbnail":["https:\/\/www.agroserag.com\/site\/wp-content\/uploads\/2025\/03\/INRODA-PSI_Perforadora-Mockup_web.jpg",150,150,false],"medium":["https:\/\/www.agroserag.com\/site\/wp-content\/uploads\/2025\/03\/INRODA-PSI_Perforadora-Mockup_web.jpg",300,300,false],"medium_large":["https:\/\/www.agroserag.com\/site\/wp-content\/uploads\/2025\/03\/INRODA-PSI_Perforadora-Mockup_web.jpg",768,768,false],"large":["https:\/\/www.agroserag.com\/site\/wp-content\/uploads\/2025\/03\/INRODA-PSI_Perforadora-Mockup_web.jpg",960,960,false],"1536x1536":["https:\/\/www.agroserag.com\/site\/wp-content\/uploads\/2025\/03\/INRODA-PSI_Perforadora-Mockup_web.jpg",1000,1000,false],"2048x2048":["https:\/\/www.agroserag.com\/site\/wp-content\/uploads\/2025\/03\/INRODA-PSI_Perforadora-Mockup_web.jpg",1000,1000,false],"woocommerce_thumbnail":["https:\/\/www.agroserag.com\/site\/wp-content\/uploads\/2025\/03\/INRODA-PSI_Perforadora-Mockup_web.jpg",265,265,false],"woocommerce_single":["https:\/\/www.agroserag.com\/site\/wp-content\/uploads\/2025\/03\/INRODA-PSI_Perforadora-Mockup_web.jpg",450,450,false],"woocommerce_gallery_thumbnail":["https:\/\/www.agroserag.com\/site\/wp-content\/uploads\/2025\/03\/INRODA-PSI_Perforadora-Mockup_web.jpg",100,100,false],"sow-carousel-default":["https:\/\/www.agroserag.com\/site\/wp-content\/uploads\/2025\/03\/INRODA-PSI_Perforadora-Mockup_web.jpg",182,182,false]},"uagb_author_info":{"display_name":"Agroser","author_link":false},"uagb_comment_info":0,"uagb_excerpt":"ANCHO DE BARRENO: 12\" y 18\" PROFUNDIDAD DE TRABAJO: 1 m POTENCIA REQUERIDA: 50 hp ROTACI\u00d3N DEL BARRENO: 132 RPM RPM EN LA TDF: 540 RPM LARGO TOTAL: 2 m ALTURA TOTAL: 1.85 m CAPACIDAD DE PERFORACI\u00d3N: 100 - 110\/h PESO: 163 - 167 Kl Cont\u00e1ctanos en : +57 314 8137525","_links":{"self":[{"href":"https:\/\/www.agroserag.com\/site\/wp-json\/wp\/v2\/product\/17107","targetHints":{"allow":["GET"]}}],"collection":[{"href":"https:\/\/www.agroserag.com\/site\/wp-json\/wp\/v2\/product"}],"about":[{"href":"https:\/\/www.agroserag.com\/site\/wp-json\/wp\/v2\/types\/product"}],"wp:featuredmedia":[{"embeddable":true,"href":"https:\/\/www.agroserag.com\/site\/wp-json\/wp\/v2\/media\/17136"}],"wp:attachment":[{"href":"https:\/\/www.agroserag.com\/site\/wp-json\/wp\/v2\/media?parent=17107"}],"wp:term":[{"taxonomy":"product_brand","embeddable":true,"href":"https:\/\/www.agroserag.com\/site\/wp-json\/wp\/v2\/product_brand?post=17107"},{"taxonomy":"product_cat","embeddable":true,"href":"https:\/\/www.agroserag.com\/site\/wp-json\/wp\/v2\/product_cat?post=17107"},{"taxonomy":"product_tag","embeddable":true,"href":"https:\/\/www.agroserag.com\/site\/wp-json\/wp\/v2\/product_tag?post=17107"}],"curies":[{"name":"wp","href":"https:\/\/api.w.org\/{rel}","templated":true}]}}