{"id":17112,"date":"2025-02-27T18:00:16","date_gmt":"2025-02-27T23:00:16","guid":{"rendered":"https:\/\/www.agroserag.com\/site\/?post_type=product&#038;p=17112"},"modified":"2025-03-20T19:59:43","modified_gmt":"2025-03-21T00:59:43","slug":"accura-1-200","status":"publish","type":"product","link":"https:\/\/www.agroserag.com\/site\/shop\/maquinaria\/kuhn\/accura-1-200\/","title":{"rendered":"ACCURA 1 200"},"content":{"rendered":"<p>La abonadora<b> Accura 1 200<\/b>, dise\u00f1ada con una capacidad volum\u00e9trica m\u00e1xima de 1 200 litros y un ancho de trabajo que oscila entre 10 y 24 metros, es una abonadora de larga vida \u00fatil y bajo mantenimiento. Adem\u00e1s, ofrece la placa graduada de Control de Flujo Directo (DFC), que facilita el ajuste de la dosis de aplicaci\u00f3n y realiza una distribuci\u00f3n precisa de fertilizantes y semillas.<\/p>\n<p>Con paletas regulables, los discos del sistema Multi-Disc (MDS) son capaces de esparcir todo tipo de fertilizante granulado, semillas peque\u00f1as, cebos para caracoles y babosas, adem\u00e1s de cubrir semillas de cultivos con alta precisi\u00f3n y amplio patr\u00f3n de distribuci\u00f3n.<\/p>\n<p><b><i>\u00a1Alta precisi\u00f3n en la distribuci\u00f3n de fertilizantes y semillas!<\/i><\/b><\/p>\n","protected":false},"excerpt":{"rendered":"<p>CAPACIDAD DEL DEP\u00d3SITO: 1 200 L<br \/>\nANCHO DE TRABAJO: 10 &#8211; 24 m<br \/>\nROTACI\u00d3N NECESARIA EN LA TDF: 540 RPM<br \/>\nMATERIAL DEL DEP\u00d3SITO: Polietileno<br \/>\nREGULACI\u00d3N ANCHO DE TRABAJO: Sistema multidisco MDS<br \/>\nACCIONAMIENTO DE LAS COMPUERTAS: Hidr\u00e1ulico<br \/>\nCONEXI\u00d3N HIDR\u00c1ULICA PARA EL TRACTOR: 2 v\u00e1lvulas doble acci\u00f3n<br \/>\nTIPO DE ENGANCHE: 3 puntos Cat. II<br \/>\nCAPACIDAD M\u00cdNIMA LEVANTE HIDR\u00c1ULICO: 2 500 Kg<br \/>\nLARGO: 1.30 m<br \/>\nALTO: 1.34 m<br \/>\nANCHO: 2.02 m<br \/>\nVELOCIDAD DE TRABAJO: M\u00e1ximo 8 a 12 Km\/h<br \/>\nPESO AL VAC\u00cdO: 250 Kl<\/p>\n<p><span style=\"font-size: 13pt;\"><strong>Cont\u00e1ctanos en <i class=\"fa fa-whatsapp fa-2\" aria-hidden=\"true\"><\/i>: +57 314 8137525<\/strong><\/span><\/p>\n","protected":false},"featured_media":17128,"template":"","meta":{"om_disable_all_campaigns":false,"_uag_custom_page_level_css":"","_monsterinsights_skip_tracking":false,"_monsterinsights_sitenote_active":false,"_monsterinsights_sitenote_note":"","_monsterinsights_sitenote_category":0},"product_brand":[],"product_cat":[93,79],"product_tag":[],"class_list":{"0":"post-17112","1":"product","2":"type-product","3":"status-publish","4":"has-post-thumbnail","6":"product_cat-kuhn","7":"product_cat-maquinaria","9":"first","10":"instock","11":"taxable","12":"shipping-taxable","13":"product-type-simple"},"aioseo_notices":[],"uagb_featured_image_src":{"full":["https:\/\/www.agroserag.com\/site\/wp-content\/uploads\/2025\/03\/Kuhn-Accura_1200-Mockup_web.jpg",1000,1000,false],"thumbnail":["https:\/\/www.agroserag.com\/site\/wp-content\/uploads\/2025\/03\/Kuhn-Accura_1200-Mockup_web.jpg",150,150,false],"medium":["https:\/\/www.agroserag.com\/site\/wp-content\/uploads\/2025\/03\/Kuhn-Accura_1200-Mockup_web.jpg",300,300,false],"medium_large":["https:\/\/www.agroserag.com\/site\/wp-content\/uploads\/2025\/03\/Kuhn-Accura_1200-Mockup_web.jpg",768,768,false],"large":["https:\/\/www.agroserag.com\/site\/wp-content\/uploads\/2025\/03\/Kuhn-Accura_1200-Mockup_web.jpg",960,960,false],"1536x1536":["https:\/\/www.agroserag.com\/site\/wp-content\/uploads\/2025\/03\/Kuhn-Accura_1200-Mockup_web.jpg",1000,1000,false],"2048x2048":["https:\/\/www.agroserag.com\/site\/wp-content\/uploads\/2025\/03\/Kuhn-Accura_1200-Mockup_web.jpg",1000,1000,false],"woocommerce_thumbnail":["https:\/\/www.agroserag.com\/site\/wp-content\/uploads\/2025\/03\/Kuhn-Accura_1200-Mockup_web.jpg",265,265,false],"woocommerce_single":["https:\/\/www.agroserag.com\/site\/wp-content\/uploads\/2025\/03\/Kuhn-Accura_1200-Mockup_web.jpg",450,450,false],"woocommerce_gallery_thumbnail":["https:\/\/www.agroserag.com\/site\/wp-content\/uploads\/2025\/03\/Kuhn-Accura_1200-Mockup_web.jpg",100,100,false],"sow-carousel-default":["https:\/\/www.agroserag.com\/site\/wp-content\/uploads\/2025\/03\/Kuhn-Accura_1200-Mockup_web.jpg",182,182,false]},"uagb_author_info":{"display_name":"Agroser","author_link":false},"uagb_comment_info":0,"uagb_excerpt":"CAPACIDAD DEL DEP\u00d3SITO: 1 200 L ANCHO DE TRABAJO: 10 - 24 m ROTACI\u00d3N NECESARIA EN LA TDF: 540 RPM MATERIAL DEL DEP\u00d3SITO: Polietileno REGULACI\u00d3N ANCHO DE TRABAJO: Sistema multidisco MDS ACCIONAMIENTO DE LAS COMPUERTAS: Hidr\u00e1ulico CONEXI\u00d3N HIDR\u00c1ULICA PARA EL TRACTOR: 2 v\u00e1lvulas doble acci\u00f3n TIPO DE ENGANCHE: 3 puntos Cat. II CAPACIDAD M\u00cdNIMA LEVANTE&hellip;","_links":{"self":[{"href":"https:\/\/www.agroserag.com\/site\/wp-json\/wp\/v2\/product\/17112","targetHints":{"allow":["GET"]}}],"collection":[{"href":"https:\/\/www.agroserag.com\/site\/wp-json\/wp\/v2\/product"}],"about":[{"href":"https:\/\/www.agroserag.com\/site\/wp-json\/wp\/v2\/types\/product"}],"wp:featuredmedia":[{"embeddable":true,"href":"https:\/\/www.agroserag.com\/site\/wp-json\/wp\/v2\/media\/17128"}],"wp:attachment":[{"href":"https:\/\/www.agroserag.com\/site\/wp-json\/wp\/v2\/media?parent=17112"}],"wp:term":[{"taxonomy":"product_brand","embeddable":true,"href":"https:\/\/www.agroserag.com\/site\/wp-json\/wp\/v2\/product_brand?post=17112"},{"taxonomy":"product_cat","embeddable":true,"href":"https:\/\/www.agroserag.com\/site\/wp-json\/wp\/v2\/product_cat?post=17112"},{"taxonomy":"product_tag","embeddable":true,"href":"https:\/\/www.agroserag.com\/site\/wp-json\/wp\/v2\/product_tag?post=17112"}],"curies":[{"name":"wp","href":"https:\/\/api.w.org\/{rel}","templated":true}]}}