{"id":17113,"date":"2025-02-27T18:08:31","date_gmt":"2025-02-27T23:08:31","guid":{"rendered":"https:\/\/www.agroserag.com\/site\/?post_type=product&#038;p=17113"},"modified":"2025-03-20T19:54:36","modified_gmt":"2025-03-21T00:54:36","slug":"arbo-360","status":"publish","type":"product","link":"https:\/\/www.agroserag.com\/site\/shop\/maquinaria\/kuhn\/arbo-360\/","title":{"rendered":"ARBO 360"},"content":{"rendered":"<p>Turbina m\u00e1s compacta, alto rendimiento y robustez <b>ARBO<\/b> es el atomizador m\u00e1s compacto de las m\u00e1quinas frut\u00edcolas.<\/p>\n<p>Fue desarrollada para satisfacer las necesidades de los peque\u00f1os productores frut\u00edcolas, dise\u00f1ada para los sitios de m\u00e1s dif\u00edcil acceso, acoplada a peque\u00f1os tractores para peque\u00f1as propiedades, exigiendo mucho del desempe\u00f1o de este conjunto tractor+pulverizador.<\/p>\n","protected":false},"excerpt":{"rendered":"<p>CAPACIDAD DEL TANQUE: 300 L<br \/>\nCOMANDO DE PULVERIZACI\u00d3N: Manual<br \/>\nBOMBA MEMBRANA ANNOVI: 40 L\/min<br \/>\nCIRCUITO DE PULVERIZACI\u00d3N: Semi arco 2 secciones<br \/>\nN\u00daMERO DE BOQUILLAS BIJET: 12<br \/>\nVOLUMEN DE AIRE: 14 901 m<sup>3<\/sup>\/h<br \/>\nTURBINA: 615 mm<br \/>\nCAPACIDAD REABASTECEDOR: 80 L\/min<br \/>\nPESO EN VAC\u00cdO: 149 Kl<\/p>\n<p><span style=\"font-size: 13pt;\"><strong>Cont\u00e1ctanos en <i class=\"fa fa-whatsapp fa-2\" aria-hidden=\"true\"><\/i>: +57 314 8137525<\/strong><\/span><\/p>\n","protected":false},"featured_media":17129,"template":"","meta":{"om_disable_all_campaigns":false,"_uag_custom_page_level_css":"","_monsterinsights_skip_tracking":false,"_monsterinsights_sitenote_active":false,"_monsterinsights_sitenote_note":"","_monsterinsights_sitenote_category":0},"product_brand":[],"product_cat":[93,79],"product_tag":[],"class_list":{"0":"post-17113","1":"product","2":"type-product","3":"status-publish","4":"has-post-thumbnail","6":"product_cat-kuhn","7":"product_cat-maquinaria","9":"first","10":"instock","11":"taxable","12":"shipping-taxable","13":"product-type-simple"},"aioseo_notices":[],"uagb_featured_image_src":{"full":["https:\/\/www.agroserag.com\/site\/wp-content\/uploads\/2025\/03\/Kuhn-Arbo_360-Mockup_web.jpg",1000,1000,false],"thumbnail":["https:\/\/www.agroserag.com\/site\/wp-content\/uploads\/2025\/03\/Kuhn-Arbo_360-Mockup_web.jpg",150,150,false],"medium":["https:\/\/www.agroserag.com\/site\/wp-content\/uploads\/2025\/03\/Kuhn-Arbo_360-Mockup_web.jpg",300,300,false],"medium_large":["https:\/\/www.agroserag.com\/site\/wp-content\/uploads\/2025\/03\/Kuhn-Arbo_360-Mockup_web.jpg",768,768,false],"large":["https:\/\/www.agroserag.com\/site\/wp-content\/uploads\/2025\/03\/Kuhn-Arbo_360-Mockup_web.jpg",960,960,false],"1536x1536":["https:\/\/www.agroserag.com\/site\/wp-content\/uploads\/2025\/03\/Kuhn-Arbo_360-Mockup_web.jpg",1000,1000,false],"2048x2048":["https:\/\/www.agroserag.com\/site\/wp-content\/uploads\/2025\/03\/Kuhn-Arbo_360-Mockup_web.jpg",1000,1000,false],"woocommerce_thumbnail":["https:\/\/www.agroserag.com\/site\/wp-content\/uploads\/2025\/03\/Kuhn-Arbo_360-Mockup_web.jpg",265,265,false],"woocommerce_single":["https:\/\/www.agroserag.com\/site\/wp-content\/uploads\/2025\/03\/Kuhn-Arbo_360-Mockup_web.jpg",450,450,false],"woocommerce_gallery_thumbnail":["https:\/\/www.agroserag.com\/site\/wp-content\/uploads\/2025\/03\/Kuhn-Arbo_360-Mockup_web.jpg",100,100,false],"sow-carousel-default":["https:\/\/www.agroserag.com\/site\/wp-content\/uploads\/2025\/03\/Kuhn-Arbo_360-Mockup_web.jpg",182,182,false]},"uagb_author_info":{"display_name":"Agroser","author_link":false},"uagb_comment_info":0,"uagb_excerpt":"CAPACIDAD DEL TANQUE: 300 L COMANDO DE PULVERIZACI\u00d3N: Manual BOMBA MEMBRANA ANNOVI: 40 L\/min CIRCUITO DE PULVERIZACI\u00d3N: Semi arco 2 secciones N\u00daMERO DE BOQUILLAS BIJET: 12 VOLUMEN DE AIRE: 14 901 m3\/h TURBINA: 615 mm CAPACIDAD REABASTECEDOR: 80 L\/min PESO EN VAC\u00cdO: 149 Kl Cont\u00e1ctanos en : +57 314 8137525","_links":{"self":[{"href":"https:\/\/www.agroserag.com\/site\/wp-json\/wp\/v2\/product\/17113","targetHints":{"allow":["GET"]}}],"collection":[{"href":"https:\/\/www.agroserag.com\/site\/wp-json\/wp\/v2\/product"}],"about":[{"href":"https:\/\/www.agroserag.com\/site\/wp-json\/wp\/v2\/types\/product"}],"wp:featuredmedia":[{"embeddable":true,"href":"https:\/\/www.agroserag.com\/site\/wp-json\/wp\/v2\/media\/17129"}],"wp:attachment":[{"href":"https:\/\/www.agroserag.com\/site\/wp-json\/wp\/v2\/media?parent=17113"}],"wp:term":[{"taxonomy":"product_brand","embeddable":true,"href":"https:\/\/www.agroserag.com\/site\/wp-json\/wp\/v2\/product_brand?post=17113"},{"taxonomy":"product_cat","embeddable":true,"href":"https:\/\/www.agroserag.com\/site\/wp-json\/wp\/v2\/product_cat?post=17113"},{"taxonomy":"product_tag","embeddable":true,"href":"https:\/\/www.agroserag.com\/site\/wp-json\/wp\/v2\/product_tag?post=17113"}],"curies":[{"name":"wp","href":"https:\/\/api.w.org\/{rel}","templated":true}]}}