{"id":17151,"date":"2025-03-06T23:18:57","date_gmt":"2025-03-07T04:18:57","guid":{"rendered":"https:\/\/www.agroserag.com\/site\/?post_type=product&#038;p=17151"},"modified":"2025-03-20T18:57:31","modified_gmt":"2025-03-20T23:57:31","slug":"gardien-c-600-y-c-800","status":"publish","type":"product","link":"https:\/\/www.agroserag.com\/site\/shop\/maquinaria\/kuhn\/gardien-c-600-y-c-800\/","title":{"rendered":"Gardien C-600 y C-800"},"content":{"rendered":"<p>La <strong>fumigadora GARDIEN C<\/strong> entre las opciones de los equipos KUHN sobresale por ser una m\u00e1quina sencilla, compacta, que ofrece una buena relaci\u00f3n coste-beneficio para peque\u00f1as y medianas propiedades y puede utilizarse en diferentes cultivos brindando mayor cobertura y autonom\u00eda, economizando tiempo y combustible, adem\u00e1s refleja excelencia en sus componentes dise\u00f1ados bajo los est\u00e1ndares de calidad de la reconocida marca KUHN, cumpliendo eficientemente con los requerimientos del campo.<\/p>\n<p>Desarrollada para usuarios que necesitan rentabilidad y simplicidad, <strong>Gardien C<\/strong> combina bajos costos de adquisici\u00f3n y mantenimiento con una f\u00e1cil operaci\u00f3n, caracter\u00edsticas que lo hacen \u00fanico. <strong>Gardien C<\/strong> es una m\u00e1quina con ajustes simples y f\u00e1cil de operar gracias al uso de trinquetes para ajustar el sistema de inclinaci\u00f3n de las barras de pulverizaci\u00f3n.<\/p>\n","protected":false},"excerpt":{"rendered":"<p><strong>CAPACIDAD DEL TANQUE:<\/strong> 600 L\u00a0 |\u00a0 800 L<strong><br \/>\nBOMBA DE PIST\u00d3N:<\/strong> 80 L\/min<strong><br \/>\nCOMANDO DE PULVERIZACI\u00d3N:<\/strong> Manual<strong><br \/>\nBARRA DE PULVERIZACI\u00d3N:<\/strong> 14 m, 4 secciones<strong><br \/>\nPORTABOQUILLAS UNIJET CON ANTIGOTEO:\u00a0<\/strong>28<strong><br \/>\nFILTRO DE L\u00cdNEA:<\/strong> 4 malla 80<strong><br \/>\nFILTRO PRINCIPAL:\u00a0<\/strong>1 malla 50<strong><br \/>\nDISTANCIA ENTRE BOQUILLAS:<\/strong> 50 cm<strong><br \/>\nCAPACIDAD REABASTECEDOR:<\/strong> 110 L\/min<br \/>\n<strong>AGITADOR DEL PRODUCTO:<\/strong> Por retorno<strong><br \/>\nAPERTURA DE LOS AGUILONES:<\/strong> Manual con poleas y trinquetes<br \/>\n<strong>PESO AL VAC\u00cdO:<\/strong> 330 Kl\u00a0 |\u00a0 340 Kl<\/p>\n<p><span style=\"font-size: 13pt;\"><strong>Cont\u00e1ctanos en <i class=\"fa fa-whatsapp fa-2\" aria-hidden=\"true\"><\/i>: +57 314 8137525<\/strong><\/span><\/p>\n","protected":false},"featured_media":17162,"template":"","meta":{"om_disable_all_campaigns":false,"_uag_custom_page_level_css":"","_monsterinsights_skip_tracking":false,"_monsterinsights_sitenote_active":false,"_monsterinsights_sitenote_note":"","_monsterinsights_sitenote_category":0},"product_brand":[],"product_cat":[93,79],"product_tag":[],"class_list":{"0":"post-17151","1":"product","2":"type-product","3":"status-publish","4":"has-post-thumbnail","6":"product_cat-kuhn","7":"product_cat-maquinaria","9":"first","10":"instock","11":"taxable","12":"shipping-taxable","13":"product-type-simple"},"aioseo_notices":[],"uagb_featured_image_src":{"full":["https:\/\/www.agroserag.com\/site\/wp-content\/uploads\/2025\/03\/Kuhn-Gardien_C-Mockup_web.jpg",1000,1000,false],"thumbnail":["https:\/\/www.agroserag.com\/site\/wp-content\/uploads\/2025\/03\/Kuhn-Gardien_C-Mockup_web.jpg",150,150,false],"medium":["https:\/\/www.agroserag.com\/site\/wp-content\/uploads\/2025\/03\/Kuhn-Gardien_C-Mockup_web.jpg",300,300,false],"medium_large":["https:\/\/www.agroserag.com\/site\/wp-content\/uploads\/2025\/03\/Kuhn-Gardien_C-Mockup_web.jpg",768,768,false],"large":["https:\/\/www.agroserag.com\/site\/wp-content\/uploads\/2025\/03\/Kuhn-Gardien_C-Mockup_web.jpg",960,960,false],"1536x1536":["https:\/\/www.agroserag.com\/site\/wp-content\/uploads\/2025\/03\/Kuhn-Gardien_C-Mockup_web.jpg",1000,1000,false],"2048x2048":["https:\/\/www.agroserag.com\/site\/wp-content\/uploads\/2025\/03\/Kuhn-Gardien_C-Mockup_web.jpg",1000,1000,false],"woocommerce_thumbnail":["https:\/\/www.agroserag.com\/site\/wp-content\/uploads\/2025\/03\/Kuhn-Gardien_C-Mockup_web.jpg",265,265,false],"woocommerce_single":["https:\/\/www.agroserag.com\/site\/wp-content\/uploads\/2025\/03\/Kuhn-Gardien_C-Mockup_web.jpg",450,450,false],"woocommerce_gallery_thumbnail":["https:\/\/www.agroserag.com\/site\/wp-content\/uploads\/2025\/03\/Kuhn-Gardien_C-Mockup_web.jpg",100,100,false],"sow-carousel-default":["https:\/\/www.agroserag.com\/site\/wp-content\/uploads\/2025\/03\/Kuhn-Gardien_C-Mockup_web.jpg",182,182,false]},"uagb_author_info":{"display_name":"Agroser","author_link":false},"uagb_comment_info":0,"uagb_excerpt":"CAPACIDAD DEL TANQUE: 600 L\u00a0 |\u00a0 800 L BOMBA DE PIST\u00d3N: 80 L\/min COMANDO DE PULVERIZACI\u00d3N: Manual BARRA DE PULVERIZACI\u00d3N: 14 m, 4 secciones PORTABOQUILLAS UNIJET CON ANTIGOTEO:\u00a028 FILTRO DE L\u00cdNEA: 4 malla 80 FILTRO PRINCIPAL:\u00a01 malla 50 DISTANCIA ENTRE BOQUILLAS: 50 cm CAPACIDAD REABASTECEDOR: 110 L\/min AGITADOR DEL PRODUCTO: Por retorno APERTURA DE LOS&hellip;","_links":{"self":[{"href":"https:\/\/www.agroserag.com\/site\/wp-json\/wp\/v2\/product\/17151","targetHints":{"allow":["GET"]}}],"collection":[{"href":"https:\/\/www.agroserag.com\/site\/wp-json\/wp\/v2\/product"}],"about":[{"href":"https:\/\/www.agroserag.com\/site\/wp-json\/wp\/v2\/types\/product"}],"wp:featuredmedia":[{"embeddable":true,"href":"https:\/\/www.agroserag.com\/site\/wp-json\/wp\/v2\/media\/17162"}],"wp:attachment":[{"href":"https:\/\/www.agroserag.com\/site\/wp-json\/wp\/v2\/media?parent=17151"}],"wp:term":[{"taxonomy":"product_brand","embeddable":true,"href":"https:\/\/www.agroserag.com\/site\/wp-json\/wp\/v2\/product_brand?post=17151"},{"taxonomy":"product_cat","embeddable":true,"href":"https:\/\/www.agroserag.com\/site\/wp-json\/wp\/v2\/product_cat?post=17151"},{"taxonomy":"product_tag","embeddable":true,"href":"https:\/\/www.agroserag.com\/site\/wp-json\/wp\/v2\/product_tag?post=17151"}],"curies":[{"name":"wp","href":"https:\/\/api.w.org\/{rel}","templated":true}]}}