{"id":17177,"date":"2025-03-31T12:02:16","date_gmt":"2025-03-31T17:02:16","guid":{"rendered":"https:\/\/www.agroserag.com\/site\/?post_type=product&#038;p=17177"},"modified":"2026-04-22T17:12:07","modified_gmt":"2026-04-22T22:12:07","slug":"senda-600-wg","status":"publish","type":"product","link":"https:\/\/www.agroserag.com\/site\/shop\/proteccion\/fungicida-insecticida\/senda-600-wg\/","title":{"rendered":"SENDA\u00ae 600 WG"},"content":{"rendered":"<p>SENDA\u00ae 600 WG es un fungicida-insecticida compuesto por dos ingredientes activos: Thiamethoxam: insecticida que act\u00faa sobre el sistema nervioso de los insectos interfiriendo los receptores de acetilcolina y Cyproconazole: fungicida sist\u00e9mico con acci\u00f3n protectora, curativa y erradicante que altera la funci\u00f3n de la membrana, actuando como inhibidor de la bios\u00edntesis de ergosterol.<\/p>\n","protected":false},"excerpt":{"rendered":"<p>I.A: Ciproconazole + Thiamethoxam<br \/>\nREGISTRO ICA: PL0005902024<br \/>\nCATEGOR\u00cdA TOXICOL\u00d3GICA: 4 LIGERAMENTE PELIGROSO<\/p>\n","protected":false},"featured_media":17182,"template":"","meta":{"om_disable_all_campaigns":false,"_uag_custom_page_level_css":"","_monsterinsights_skip_tracking":false,"_monsterinsights_sitenote_active":false,"_monsterinsights_sitenote_note":"","_monsterinsights_sitenote_category":0},"product_brand":[],"product_cat":[99,18],"product_tag":[],"class_list":{"0":"post-17177","1":"product","2":"type-product","3":"status-publish","4":"has-post-thumbnail","6":"product_cat-fungicida-insecticida","7":"product_cat-proteccion","9":"first","10":"instock","11":"taxable","12":"shipping-taxable","13":"product-type-simple"},"aioseo_notices":[],"uagb_featured_image_src":{"full":["https:\/\/www.agroserag.com\/site\/wp-content\/uploads\/2025\/03\/Logo-Senda-600WG-scaled.jpg",2560,1280,false],"thumbnail":["https:\/\/www.agroserag.com\/site\/wp-content\/uploads\/2025\/03\/Logo-Senda-600WG-scaled-150x150.jpg",150,150,true],"medium":["https:\/\/www.agroserag.com\/site\/wp-content\/uploads\/2025\/03\/Logo-Senda-600WG-scaled-300x150.jpg",300,150,true],"medium_large":["https:\/\/www.agroserag.com\/site\/wp-content\/uploads\/2025\/03\/Logo-Senda-600WG-scaled-768x384.jpg",768,384,true],"large":["https:\/\/www.agroserag.com\/site\/wp-content\/uploads\/2025\/03\/Logo-Senda-600WG-scaled-1024x512.jpg",960,480,true],"1536x1536":["https:\/\/www.agroserag.com\/site\/wp-content\/uploads\/2025\/03\/Logo-Senda-600WG-scaled.jpg",1536,768,false],"2048x2048":["https:\/\/www.agroserag.com\/site\/wp-content\/uploads\/2025\/03\/Logo-Senda-600WG-scaled.jpg",2048,1024,false],"woocommerce_thumbnail":["https:\/\/www.agroserag.com\/site\/wp-content\/uploads\/2025\/03\/Logo-Senda-600WG-scaled-265x133.jpg",265,133,true],"woocommerce_single":["https:\/\/www.agroserag.com\/site\/wp-content\/uploads\/2025\/03\/Logo-Senda-600WG-scaled-450x225.jpg",450,225,true],"woocommerce_gallery_thumbnail":["https:\/\/www.agroserag.com\/site\/wp-content\/uploads\/2025\/03\/Logo-Senda-600WG-scaled-100x100.jpg",100,100,true],"sow-carousel-default":["https:\/\/www.agroserag.com\/site\/wp-content\/uploads\/2025\/03\/Logo-Senda-600WG-scaled.jpg",272,136,false]},"uagb_author_info":{"display_name":"Mar\u00eda Fernanda Figueroa","author_link":false},"uagb_comment_info":0,"uagb_excerpt":"I.A: Ciproconazole + Thiamethoxam REGISTRO ICA: PL0005902024 CATEGOR\u00cdA TOXICOL\u00d3GICA: 4 LIGERAMENTE PELIGROSO","_links":{"self":[{"href":"https:\/\/www.agroserag.com\/site\/wp-json\/wp\/v2\/product\/17177","targetHints":{"allow":["GET"]}}],"collection":[{"href":"https:\/\/www.agroserag.com\/site\/wp-json\/wp\/v2\/product"}],"about":[{"href":"https:\/\/www.agroserag.com\/site\/wp-json\/wp\/v2\/types\/product"}],"wp:featuredmedia":[{"embeddable":true,"href":"https:\/\/www.agroserag.com\/site\/wp-json\/wp\/v2\/media\/17182"}],"wp:attachment":[{"href":"https:\/\/www.agroserag.com\/site\/wp-json\/wp\/v2\/media?parent=17177"}],"wp:term":[{"taxonomy":"product_brand","embeddable":true,"href":"https:\/\/www.agroserag.com\/site\/wp-json\/wp\/v2\/product_brand?post=17177"},{"taxonomy":"product_cat","embeddable":true,"href":"https:\/\/www.agroserag.com\/site\/wp-json\/wp\/v2\/product_cat?post=17177"},{"taxonomy":"product_tag","embeddable":true,"href":"https:\/\/www.agroserag.com\/site\/wp-json\/wp\/v2\/product_tag?post=17177"}],"curies":[{"name":"wp","href":"https:\/\/api.w.org\/{rel}","templated":true}]}}