{"id":17227,"date":"2026-04-22T17:19:22","date_gmt":"2026-04-22T22:19:22","guid":{"rendered":"https:\/\/www.agroserag.com\/site\/?post_type=product&#038;p=17227"},"modified":"2026-04-22T17:29:55","modified_gmt":"2026-04-22T22:29:55","slug":"yakuza","status":"publish","type":"product","link":"https:\/\/www.agroserag.com\/site\/shop\/proteccion\/insecticidas\/yakuza\/","title":{"rendered":"YAKUZA"},"content":{"rendered":"<p>YAKUZA es un insecticida que act\u00faa por contacto e ingesti\u00f3n. Posee un r\u00e1pido efecto de choque y residual, con movimiento translaminar a trav\u00e9s del tejido de la hoja. Causa excitaci\u00f3n del sistema nervioso del insecto alterando la funci\u00f3n nicot\u00ednica y GABA. No interact\u00faa en los mismos sitios de acci\u00f3n de insecticidas neonicotinoides, fiproles y abamectinas, por lo que, no se espera la aparici\u00f3n de resistencia cruzada con insecticidas de estos grupos qu\u00edmicos. Spinetoram comparte el mismo sitio de acci\u00f3n que Spinosad por lo tanto se recomienda no rotar con dicho ingrediente activo.<\/p>\n","protected":false},"excerpt":{"rendered":"<p>I.A: Spinetoram<br \/>\nREGISTRO ICA: PL0002372025<br \/>\nCATEGOR\u00cdA TOXICOL\u00d3GICA: 4 LIGERAMENTE PELIGROSO<\/p>\n","protected":false},"featured_media":17233,"template":"","meta":{"om_disable_all_campaigns":false,"_uag_custom_page_level_css":"","_monsterinsights_skip_tracking":false,"_monsterinsights_sitenote_active":false,"_monsterinsights_sitenote_note":"","_monsterinsights_sitenote_category":0},"product_brand":[],"product_cat":[25,18],"product_tag":[],"class_list":{"0":"post-17227","1":"product","2":"type-product","3":"status-publish","4":"has-post-thumbnail","6":"product_cat-insecticidas","7":"product_cat-proteccion","9":"first","10":"instock","11":"taxable","12":"shipping-taxable","13":"product-type-simple"},"aioseo_notices":[],"uagb_featured_image_src":{"full":["https:\/\/www.agroserag.com\/site\/wp-content\/uploads\/2026\/04\/Logo-Yakuza.jpg",704,357,false],"thumbnail":["https:\/\/www.agroserag.com\/site\/wp-content\/uploads\/2026\/04\/Logo-Yakuza-150x150.jpg",150,150,true],"medium":["https:\/\/www.agroserag.com\/site\/wp-content\/uploads\/2026\/04\/Logo-Yakuza-300x152.jpg",300,152,true],"medium_large":["https:\/\/www.agroserag.com\/site\/wp-content\/uploads\/2026\/04\/Logo-Yakuza.jpg",704,357,false],"large":["https:\/\/www.agroserag.com\/site\/wp-content\/uploads\/2026\/04\/Logo-Yakuza.jpg",704,357,false],"1536x1536":["https:\/\/www.agroserag.com\/site\/wp-content\/uploads\/2026\/04\/Logo-Yakuza.jpg",704,357,false],"2048x2048":["https:\/\/www.agroserag.com\/site\/wp-content\/uploads\/2026\/04\/Logo-Yakuza.jpg",704,357,false],"woocommerce_thumbnail":["https:\/\/www.agroserag.com\/site\/wp-content\/uploads\/2026\/04\/Logo-Yakuza-265x134.jpg",265,134,true],"woocommerce_single":["https:\/\/www.agroserag.com\/site\/wp-content\/uploads\/2026\/04\/Logo-Yakuza-450x228.jpg",450,228,true],"woocommerce_gallery_thumbnail":["https:\/\/www.agroserag.com\/site\/wp-content\/uploads\/2026\/04\/Logo-Yakuza-100x100.jpg",100,100,true],"sow-carousel-default":["https:\/\/www.agroserag.com\/site\/wp-content\/uploads\/2026\/04\/Logo-Yakuza.jpg",272,138,false]},"uagb_author_info":{"display_name":"Mar\u00eda Fernanda Figueroa","author_link":false},"uagb_comment_info":0,"uagb_excerpt":"I.A: Spinetoram REGISTRO ICA: PL0002372025 CATEGOR\u00cdA TOXICOL\u00d3GICA: 4 LIGERAMENTE PELIGROSO","_links":{"self":[{"href":"https:\/\/www.agroserag.com\/site\/wp-json\/wp\/v2\/product\/17227","targetHints":{"allow":["GET"]}}],"collection":[{"href":"https:\/\/www.agroserag.com\/site\/wp-json\/wp\/v2\/product"}],"about":[{"href":"https:\/\/www.agroserag.com\/site\/wp-json\/wp\/v2\/types\/product"}],"wp:featuredmedia":[{"embeddable":true,"href":"https:\/\/www.agroserag.com\/site\/wp-json\/wp\/v2\/media\/17233"}],"wp:attachment":[{"href":"https:\/\/www.agroserag.com\/site\/wp-json\/wp\/v2\/media?parent=17227"}],"wp:term":[{"taxonomy":"product_brand","embeddable":true,"href":"https:\/\/www.agroserag.com\/site\/wp-json\/wp\/v2\/product_brand?post=17227"},{"taxonomy":"product_cat","embeddable":true,"href":"https:\/\/www.agroserag.com\/site\/wp-json\/wp\/v2\/product_cat?post=17227"},{"taxonomy":"product_tag","embeddable":true,"href":"https:\/\/www.agroserag.com\/site\/wp-json\/wp\/v2\/product_tag?post=17227"}],"curies":[{"name":"wp","href":"https:\/\/api.w.org\/{rel}","templated":true}]}}