{"id":1982,"date":"2019-07-10T18:00:37","date_gmt":"2019-07-10T23:00:37","guid":{"rendered":"https:\/\/www.agroserag.com\/site\/?post_type=product&#038;p=1982"},"modified":"2022-10-10T16:34:41","modified_gmt":"2022-10-10T21:34:41","slug":"surfatron-350","status":"publish","type":"product","link":"https:\/\/www.agroserag.com\/site\/shop\/proteccion\/coadyuvantes\/surfatron-350\/","title":{"rendered":"SURFATRON 350"},"content":{"rendered":"<p><strong>SURFATRON<sup>\u00ae<\/sup> 350<\/strong>, es un agente humectante no i\u00f3nico que act\u00faa como coadyuvante o mejorador del efecto de los herbicidas.<\/p>\n<p><strong>SURFATRON<sup>\u00ae<\/sup> 350 <\/strong>disminuye la tensi\u00f3n superficial de las gotas de agua, permitiendo que estas se extiendan y formen una pel\u00edcula continua sobre las hojas, particularmente las cerosas, reduciendo al mismo tiempo, el escurrimiento de la soluci\u00f3n aplicada.<\/p>\n<p><strong>SURFATRON<sup>\u00ae<\/sup> 350 <\/strong>tambi\u00e9n puede emplearse para lavar los equipos de aspersi\u00f3n despu\u00e9s de usar herbicidas, a fin de eliminar residuos que puedan causar da\u00f1os a cultivos susceptibles en aplicaciones posteriores.<\/p>\n","protected":false},"excerpt":{"rendered":"<p><img loading=\"lazy\" decoding=\"async\" class=\"alignnone size-full wp-image-15737\" src=\"https:\/\/www.agroserag.com\/site\/wp-content\/uploads\/2019\/07\/Surfatron_350-1.jpg\" alt=\"\" width=\"190\" height=\"60\" \/><br \/>\nComposici\u00f3n: Alkil aril polieter alcohol<br \/>\nREGISTRO ICA: 3453<br \/>\nCATEGORIA TOXICOLOGICA: IV LIGERAMENTE TOXICO<\/p>\n","protected":false},"featured_media":15504,"template":"","meta":{"om_disable_all_campaigns":false,"_uag_custom_page_level_css":"","_monsterinsights_skip_tracking":false,"_monsterinsights_sitenote_active":false,"_monsterinsights_sitenote_note":"","_monsterinsights_sitenote_category":0},"product_brand":[],"product_cat":[26,18],"product_tag":[],"class_list":{"0":"post-1982","1":"product","2":"type-product","3":"status-publish","4":"has-post-thumbnail","6":"product_cat-coadyuvantes","7":"product_cat-proteccion","9":"first","10":"instock","11":"taxable","12":"shipping-taxable","13":"product-type-simple"},"aioseo_notices":[],"uagb_featured_image_src":{"full":["https:\/\/www.agroserag.com\/site\/wp-content\/uploads\/2019\/07\/Surfatron_350.jpg",500,500,false],"thumbnail":["https:\/\/www.agroserag.com\/site\/wp-content\/uploads\/2019\/07\/Surfatron_350.jpg",150,150,false],"medium":["https:\/\/www.agroserag.com\/site\/wp-content\/uploads\/2019\/07\/Surfatron_350.jpg",300,300,false],"medium_large":["https:\/\/www.agroserag.com\/site\/wp-content\/uploads\/2019\/07\/Surfatron_350.jpg",500,500,false],"large":["https:\/\/www.agroserag.com\/site\/wp-content\/uploads\/2019\/07\/Surfatron_350.jpg",500,500,false],"1536x1536":["https:\/\/www.agroserag.com\/site\/wp-content\/uploads\/2019\/07\/Surfatron_350.jpg",500,500,false],"2048x2048":["https:\/\/www.agroserag.com\/site\/wp-content\/uploads\/2019\/07\/Surfatron_350.jpg",500,500,false],"woocommerce_thumbnail":["https:\/\/www.agroserag.com\/site\/wp-content\/uploads\/2019\/07\/Surfatron_350-265x265.jpg",265,265,true],"woocommerce_single":["https:\/\/www.agroserag.com\/site\/wp-content\/uploads\/2019\/07\/Surfatron_350-450x450.jpg",450,450,true],"woocommerce_gallery_thumbnail":["https:\/\/www.agroserag.com\/site\/wp-content\/uploads\/2019\/07\/Surfatron_350-100x100.jpg",100,100,true],"sow-carousel-default":["https:\/\/www.agroserag.com\/site\/wp-content\/uploads\/2019\/07\/Surfatron_350.jpg",182,182,false]},"uagb_author_info":{"display_name":"Mar\u00eda Fernanda Figueroa","author_link":false},"uagb_comment_info":0,"uagb_excerpt":"Composici\u00f3n: Alkil aril polieter alcohol REGISTRO ICA: 3453 CATEGORIA TOXICOLOGICA: IV LIGERAMENTE TOXICO","_links":{"self":[{"href":"https:\/\/www.agroserag.com\/site\/wp-json\/wp\/v2\/product\/1982","targetHints":{"allow":["GET"]}}],"collection":[{"href":"https:\/\/www.agroserag.com\/site\/wp-json\/wp\/v2\/product"}],"about":[{"href":"https:\/\/www.agroserag.com\/site\/wp-json\/wp\/v2\/types\/product"}],"wp:featuredmedia":[{"embeddable":true,"href":"https:\/\/www.agroserag.com\/site\/wp-json\/wp\/v2\/media\/15504"}],"wp:attachment":[{"href":"https:\/\/www.agroserag.com\/site\/wp-json\/wp\/v2\/media?parent=1982"}],"wp:term":[{"taxonomy":"product_brand","embeddable":true,"href":"https:\/\/www.agroserag.com\/site\/wp-json\/wp\/v2\/product_brand?post=1982"},{"taxonomy":"product_cat","embeddable":true,"href":"https:\/\/www.agroserag.com\/site\/wp-json\/wp\/v2\/product_cat?post=1982"},{"taxonomy":"product_tag","embeddable":true,"href":"https:\/\/www.agroserag.com\/site\/wp-json\/wp\/v2\/product_tag?post=1982"}],"curies":[{"name":"wp","href":"https:\/\/api.w.org\/{rel}","templated":true}]}}