{"id":1985,"date":"2019-07-10T18:10:44","date_gmt":"2019-07-10T23:10:44","guid":{"rendered":"https:\/\/www.agroserag.com\/site\/?post_type=product&#038;p=1985"},"modified":"2024-07-29T13:26:40","modified_gmt":"2024-07-29T18:26:40","slug":"fenothion-50-ec","status":"publish","type":"product","link":"https:\/\/www.agroserag.com\/site\/shop\/proteccion\/insecticidas\/fenothion-50-ec\/","title":{"rendered":"FENOTHION 50 EC"},"content":{"rendered":"<p><strong>FENOTHION<sup>\u00ae<\/sup> 50 EC, <\/strong>es un insecticida que se absorbe r\u00e1pidamente por los tejidos de las plantas, aunque no tiene efecto sist\u00e9mico. Act\u00faa por contacto e ingesti\u00f3n y se recomienda su uso en zonas lluviosas o donde se desee un control inmediato de Lepid\u00f3pteros, D\u00edpteros, Hem\u00edpteros y Cole\u00f3pteros.<\/p>\n","protected":false},"excerpt":{"rendered":"<p><img loading=\"lazy\" decoding=\"async\" class=\"alignnone size-full wp-image-15815\" src=\"https:\/\/www.agroserag.com\/site\/wp-content\/uploads\/2021\/03\/Fenothion_50EC-1.jpg\" alt=\"\" width=\"190\" height=\"60\" \/><br \/>\nI.A: Fenitrothion<br \/>\nREGISTRO ICA:\u00a0 PL0000222023<br \/>\nCATEGOR\u00cdA TOXICOL\u00d3GICA: II MODERADAMENTE PELIGROSO<\/p>\n","protected":false},"featured_media":15652,"template":"","meta":{"om_disable_all_campaigns":false,"_uag_custom_page_level_css":"","_monsterinsights_skip_tracking":false,"_monsterinsights_sitenote_active":false,"_monsterinsights_sitenote_note":"","_monsterinsights_sitenote_category":0},"product_brand":[],"product_cat":[25,18],"product_tag":[],"class_list":{"0":"post-1985","1":"product","2":"type-product","3":"status-publish","4":"has-post-thumbnail","6":"product_cat-insecticidas","7":"product_cat-proteccion","9":"first","10":"instock","11":"taxable","12":"shipping-taxable","13":"product-type-simple"},"aioseo_notices":[],"uagb_featured_image_src":{"full":["https:\/\/www.agroserag.com\/site\/wp-content\/uploads\/2021\/03\/Fenothion_50EC.jpg",500,500,false],"thumbnail":["https:\/\/www.agroserag.com\/site\/wp-content\/uploads\/2021\/03\/Fenothion_50EC.jpg",150,150,false],"medium":["https:\/\/www.agroserag.com\/site\/wp-content\/uploads\/2021\/03\/Fenothion_50EC.jpg",300,300,false],"medium_large":["https:\/\/www.agroserag.com\/site\/wp-content\/uploads\/2021\/03\/Fenothion_50EC.jpg",500,500,false],"large":["https:\/\/www.agroserag.com\/site\/wp-content\/uploads\/2021\/03\/Fenothion_50EC.jpg",500,500,false],"1536x1536":["https:\/\/www.agroserag.com\/site\/wp-content\/uploads\/2021\/03\/Fenothion_50EC.jpg",500,500,false],"2048x2048":["https:\/\/www.agroserag.com\/site\/wp-content\/uploads\/2021\/03\/Fenothion_50EC.jpg",500,500,false],"woocommerce_thumbnail":["https:\/\/www.agroserag.com\/site\/wp-content\/uploads\/2021\/03\/Fenothion_50EC.jpg",265,265,false],"woocommerce_single":["https:\/\/www.agroserag.com\/site\/wp-content\/uploads\/2021\/03\/Fenothion_50EC.jpg",450,450,false],"woocommerce_gallery_thumbnail":["https:\/\/www.agroserag.com\/site\/wp-content\/uploads\/2021\/03\/Fenothion_50EC.jpg",100,100,false],"sow-carousel-default":["https:\/\/www.agroserag.com\/site\/wp-content\/uploads\/2021\/03\/Fenothion_50EC.jpg",182,182,false]},"uagb_author_info":{"display_name":"Mar\u00eda Fernanda Figueroa","author_link":false},"uagb_comment_info":0,"uagb_excerpt":"I.A: Fenitrothion REGISTRO ICA:\u00a0 PL0000222023 CATEGOR\u00cdA TOXICOL\u00d3GICA: II MODERADAMENTE PELIGROSO","_links":{"self":[{"href":"https:\/\/www.agroserag.com\/site\/wp-json\/wp\/v2\/product\/1985","targetHints":{"allow":["GET"]}}],"collection":[{"href":"https:\/\/www.agroserag.com\/site\/wp-json\/wp\/v2\/product"}],"about":[{"href":"https:\/\/www.agroserag.com\/site\/wp-json\/wp\/v2\/types\/product"}],"wp:featuredmedia":[{"embeddable":true,"href":"https:\/\/www.agroserag.com\/site\/wp-json\/wp\/v2\/media\/15652"}],"wp:attachment":[{"href":"https:\/\/www.agroserag.com\/site\/wp-json\/wp\/v2\/media?parent=1985"}],"wp:term":[{"taxonomy":"product_brand","embeddable":true,"href":"https:\/\/www.agroserag.com\/site\/wp-json\/wp\/v2\/product_brand?post=1985"},{"taxonomy":"product_cat","embeddable":true,"href":"https:\/\/www.agroserag.com\/site\/wp-json\/wp\/v2\/product_cat?post=1985"},{"taxonomy":"product_tag","embeddable":true,"href":"https:\/\/www.agroserag.com\/site\/wp-json\/wp\/v2\/product_tag?post=1985"}],"curies":[{"name":"wp","href":"https:\/\/api.w.org\/{rel}","templated":true}]}}