{"id":2027,"date":"2019-07-10T21:43:06","date_gmt":"2019-07-11T02:43:06","guid":{"rendered":"https:\/\/www.agroserag.com\/site\/?post_type=product&#038;p=2027"},"modified":"2022-10-24T18:43:58","modified_gmt":"2022-10-24T23:43:58","slug":"trichocal-boro","status":"publish","type":"product","link":"https:\/\/www.agroserag.com\/site\/shop\/biotec\/trichocal-boro\/","title":{"rendered":"TRICHOCAL BORO"},"content":{"rendered":"<p style=\"text-align: justify;\"><strong>TRICHOCAL BORO<\/strong> es un formulado de calcio y boro complejados, de uso foliar y al suelo para proporcionar un equilibrio nutricional \u00f3ptimo.<\/p>\n<p style=\"text-align: justify;\"><strong>TRICHOCAL BORO<\/strong> regula los desequilibrios h\u00eddricos que provocan fisiopat\u00edas en los vegetales cultivados (Pudrici\u00f3n apical as\u00e9ptica en solan\u00e1ceas, Necrosis foliares, Mal del coraz\u00f3n en remolacha, Cracking de hueso y frutos en \u00e1rboles frutales de hueso y pepita, Rajado de c\u00e1lices y en los entrenados del tallo en clavel, etc..)<\/p>\n","protected":false},"excerpt":{"rendered":"<p>TRICHOCAL BORO es un formulado de calcio y boro complejados, de uso foliar y al suelo para proporcionar un equilibrio nutricional \u00f3ptimo. TRICHOCAL BORO regula los desequilibrios h\u00eddricos que provocan fisiopat\u00edas en los vegetales cultivados (Pudrici\u00f3n apical as\u00e9ptica en solan\u00e1ceas, Necrosis foliares, Mal del coraz\u00f3n en remolacha, Cracking de hueso y frutos en \u00e1rboles frutales [&hellip;]<\/p>\n","protected":false},"featured_media":15716,"template":"","meta":{"om_disable_all_campaigns":false,"_uag_custom_page_level_css":"","_monsterinsights_skip_tracking":false,"_monsterinsights_sitenote_active":false,"_monsterinsights_sitenote_note":"","_monsterinsights_sitenote_category":0},"product_brand":[],"product_cat":[38],"product_tag":[],"class_list":{"0":"post-2027","1":"product","2":"type-product","3":"status-publish","4":"has-post-thumbnail","6":"product_cat-biotec","8":"first","9":"instock","10":"taxable","11":"shipping-taxable","12":"product-type-simple"},"aioseo_notices":[],"uagb_featured_image_src":{"full":["https:\/\/www.agroserag.com\/site\/wp-content\/uploads\/2019\/07\/TrichocalBoro_500.jpg",500,500,false],"thumbnail":["https:\/\/www.agroserag.com\/site\/wp-content\/uploads\/2019\/07\/TrichocalBoro_500.jpg",150,150,false],"medium":["https:\/\/www.agroserag.com\/site\/wp-content\/uploads\/2019\/07\/TrichocalBoro_500.jpg",300,300,false],"medium_large":["https:\/\/www.agroserag.com\/site\/wp-content\/uploads\/2019\/07\/TrichocalBoro_500.jpg",500,500,false],"large":["https:\/\/www.agroserag.com\/site\/wp-content\/uploads\/2019\/07\/TrichocalBoro_500.jpg",500,500,false],"1536x1536":["https:\/\/www.agroserag.com\/site\/wp-content\/uploads\/2019\/07\/TrichocalBoro_500.jpg",500,500,false],"2048x2048":["https:\/\/www.agroserag.com\/site\/wp-content\/uploads\/2019\/07\/TrichocalBoro_500.jpg",500,500,false],"woocommerce_thumbnail":["https:\/\/www.agroserag.com\/site\/wp-content\/uploads\/2019\/07\/TrichocalBoro_500.jpg",265,265,false],"woocommerce_single":["https:\/\/www.agroserag.com\/site\/wp-content\/uploads\/2019\/07\/TrichocalBoro_500.jpg",450,450,false],"woocommerce_gallery_thumbnail":["https:\/\/www.agroserag.com\/site\/wp-content\/uploads\/2019\/07\/TrichocalBoro_500.jpg",100,100,false],"sow-carousel-default":["https:\/\/www.agroserag.com\/site\/wp-content\/uploads\/2019\/07\/TrichocalBoro_500.jpg",182,182,false]},"uagb_author_info":{"display_name":"Agroser","author_link":false},"uagb_comment_info":0,"uagb_excerpt":"TRICHOCAL BORO es un formulado de calcio y boro complejados, de uso foliar y al suelo para proporcionar un equilibrio nutricional \u00f3ptimo. TRICHOCAL BORO regula los desequilibrios h\u00eddricos que provocan fisiopat\u00edas en los vegetales cultivados (Pudrici\u00f3n apical as\u00e9ptica en solan\u00e1ceas, Necrosis foliares, Mal del coraz\u00f3n en remolacha, Cracking de hueso y frutos en \u00e1rboles frutales&hellip;","_links":{"self":[{"href":"https:\/\/www.agroserag.com\/site\/wp-json\/wp\/v2\/product\/2027","targetHints":{"allow":["GET"]}}],"collection":[{"href":"https:\/\/www.agroserag.com\/site\/wp-json\/wp\/v2\/product"}],"about":[{"href":"https:\/\/www.agroserag.com\/site\/wp-json\/wp\/v2\/types\/product"}],"wp:featuredmedia":[{"embeddable":true,"href":"https:\/\/www.agroserag.com\/site\/wp-json\/wp\/v2\/media\/15716"}],"wp:attachment":[{"href":"https:\/\/www.agroserag.com\/site\/wp-json\/wp\/v2\/media?parent=2027"}],"wp:term":[{"taxonomy":"product_brand","embeddable":true,"href":"https:\/\/www.agroserag.com\/site\/wp-json\/wp\/v2\/product_brand?post=2027"},{"taxonomy":"product_cat","embeddable":true,"href":"https:\/\/www.agroserag.com\/site\/wp-json\/wp\/v2\/product_cat?post=2027"},{"taxonomy":"product_tag","embeddable":true,"href":"https:\/\/www.agroserag.com\/site\/wp-json\/wp\/v2\/product_tag?post=2027"}],"curies":[{"name":"wp","href":"https:\/\/api.w.org\/{rel}","templated":true}]}}