{"id":2028,"date":"2019-07-10T21:45:55","date_gmt":"2019-07-11T02:45:55","guid":{"rendered":"https:\/\/www.agroserag.com\/site\/?post_type=product&#038;p=2028"},"modified":"2026-02-07T19:06:29","modified_gmt":"2026-02-08T00:06:29","slug":"bio-root","status":"publish","type":"product","link":"https:\/\/www.agroserag.com\/site\/shop\/biotec\/bio-root\/","title":{"rendered":"BIO ROOT"},"content":{"rendered":"<p style=\"text-align: justify;\"><strong>BIO ROOT, <\/strong>es un producto procedente de extractos vegetales ricos en bionutrientes, entre los que se incluyen prote\u00ednas espec\u00edficas, amino\u00e1cidos, auxinas, citoquinas, vitaminas, \u00e1cidos org\u00e1nicos, microelementos fitoquelatados y otros componentes biol\u00f3gicamente activos.<\/p>\n<p style=\"text-align: justify;\"><strong>BIO ROOT,<\/strong> es utilizado como bioestimulante de los procesos fisiol\u00f3gicos vegetales en los momentos mas cr\u00edticos de las plantas cultivadas (enraizado, floraci\u00f3n, cuajado, etc.) as\u00ed como en la superaci\u00f3n de momentos dif\u00edciles y situaciones adversas (heladas, altas temperaturas, sequ\u00edas, encharcamientos, fitotoxicidades, etc)<\/p>\n","protected":false},"excerpt":{"rendered":"<p>BIO ROOT, es un producto procedente de extractos vegetales ricos en bionutrientes, entre los que se incluyen prote\u00ednas espec\u00edficas, amino\u00e1cidos, auxinas, citoquinas, vitaminas, \u00e1cidos org\u00e1nicos, microelementos fitoquelatados y otros componentes biol\u00f3gicamente activos. BIO ROOT, es utilizado como bioestimulante de los procesos fisiol\u00f3gicos vegetales en los momentos mas cr\u00edticos de las plantas cultivadas (enraizado, floraci\u00f3n, cuajado, [&hellip;]<\/p>\n","protected":false},"featured_media":15719,"template":"","meta":{"om_disable_all_campaigns":false,"_uag_custom_page_level_css":"","_monsterinsights_skip_tracking":false,"_monsterinsights_sitenote_active":false,"_monsterinsights_sitenote_note":"","_monsterinsights_sitenote_category":0},"product_brand":[],"product_cat":[38],"product_tag":[],"class_list":{"0":"post-2028","1":"product","2":"type-product","3":"status-publish","4":"has-post-thumbnail","6":"product_cat-biotec","8":"first","9":"instock","10":"taxable","11":"shipping-taxable","12":"product-type-simple"},"aioseo_notices":[],"uagb_featured_image_src":{"full":["https:\/\/www.agroserag.com\/site\/wp-content\/uploads\/2019\/07\/Bioroot_500.jpg",500,500,false],"thumbnail":["https:\/\/www.agroserag.com\/site\/wp-content\/uploads\/2019\/07\/Bioroot_500-150x150.jpg",150,150,true],"medium":["https:\/\/www.agroserag.com\/site\/wp-content\/uploads\/2019\/07\/Bioroot_500-300x300.jpg",300,300,true],"medium_large":["https:\/\/www.agroserag.com\/site\/wp-content\/uploads\/2019\/07\/Bioroot_500.jpg",500,500,false],"large":["https:\/\/www.agroserag.com\/site\/wp-content\/uploads\/2019\/07\/Bioroot_500.jpg",500,500,false],"1536x1536":["https:\/\/www.agroserag.com\/site\/wp-content\/uploads\/2019\/07\/Bioroot_500.jpg",500,500,false],"2048x2048":["https:\/\/www.agroserag.com\/site\/wp-content\/uploads\/2019\/07\/Bioroot_500.jpg",500,500,false],"woocommerce_thumbnail":["https:\/\/www.agroserag.com\/site\/wp-content\/uploads\/2019\/07\/Bioroot_500-265x265.jpg",265,265,true],"woocommerce_single":["https:\/\/www.agroserag.com\/site\/wp-content\/uploads\/2019\/07\/Bioroot_500-450x450.jpg",450,450,true],"woocommerce_gallery_thumbnail":["https:\/\/www.agroserag.com\/site\/wp-content\/uploads\/2019\/07\/Bioroot_500-100x100.jpg",100,100,true],"sow-carousel-default":["https:\/\/www.agroserag.com\/site\/wp-content\/uploads\/2019\/07\/Bioroot_500.jpg",182,182,false]},"uagb_author_info":{"display_name":"Agroser","author_link":false},"uagb_comment_info":0,"uagb_excerpt":"BIO ROOT, es un producto procedente de extractos vegetales ricos en bionutrientes, entre los que se incluyen prote\u00ednas espec\u00edficas, amino\u00e1cidos, auxinas, citoquinas, vitaminas, \u00e1cidos org\u00e1nicos, microelementos fitoquelatados y otros componentes biol\u00f3gicamente activos. BIO ROOT, es utilizado como bioestimulante de los procesos fisiol\u00f3gicos vegetales en los momentos mas cr\u00edticos de las plantas cultivadas (enraizado, floraci\u00f3n, cuajado,&hellip;","_links":{"self":[{"href":"https:\/\/www.agroserag.com\/site\/wp-json\/wp\/v2\/product\/2028","targetHints":{"allow":["GET"]}}],"collection":[{"href":"https:\/\/www.agroserag.com\/site\/wp-json\/wp\/v2\/product"}],"about":[{"href":"https:\/\/www.agroserag.com\/site\/wp-json\/wp\/v2\/types\/product"}],"wp:featuredmedia":[{"embeddable":true,"href":"https:\/\/www.agroserag.com\/site\/wp-json\/wp\/v2\/media\/15719"}],"wp:attachment":[{"href":"https:\/\/www.agroserag.com\/site\/wp-json\/wp\/v2\/media?parent=2028"}],"wp:term":[{"taxonomy":"product_brand","embeddable":true,"href":"https:\/\/www.agroserag.com\/site\/wp-json\/wp\/v2\/product_brand?post=2028"},{"taxonomy":"product_cat","embeddable":true,"href":"https:\/\/www.agroserag.com\/site\/wp-json\/wp\/v2\/product_cat?post=2028"},{"taxonomy":"product_tag","embeddable":true,"href":"https:\/\/www.agroserag.com\/site\/wp-json\/wp\/v2\/product_tag?post=2028"}],"curies":[{"name":"wp","href":"https:\/\/api.w.org\/{rel}","templated":true}]}}