{"id":2030,"date":"2019-07-10T22:05:21","date_gmt":"2019-07-11T03:05:21","guid":{"rendered":"https:\/\/www.agroserag.com\/site\/?post_type=product&#038;p=2030"},"modified":"2022-10-24T19:02:37","modified_gmt":"2022-10-25T00:02:37","slug":"ecovac","status":"publish","type":"product","link":"https:\/\/www.agroserag.com\/site\/shop\/biotec\/ecovac\/","title":{"rendered":"ECOVAC"},"content":{"rendered":"<p style=\"text-align: justify;\"><strong>ECOVAC<\/strong> es un producto org\u00e1nico de origen natural que contiene en su formulaci\u00f3n microelementos quelatados y vitaminas, el cu\u00e1l es capaz de actuar como regulador del crecimiento vegetal, favorece la germinaci\u00f3n de las semillas, la acci\u00f3n mec\u00e1nica de los estomas foliares y la producci\u00f3n frutal.<br \/>\n<strong>ECOVAC<\/strong> induce a la floraci\u00f3n y la producci\u00f3n de compuestos arom\u00e1ticos por las plantas en asociaci\u00f3n con un incremento de la energ\u00eda calor\u00edfica liberada por estas.<br \/>\n<strong>ECOVAC<\/strong> a alerta, previene y potencia, la acci\u00f3n estimulante de la respuesta hipersensible y de la resistencia sistem\u00e1tica adquirida, las cuales son desplegadas por las plantas en forma de cambios fisiol\u00f3gicos, bioqu\u00edmicos y moleculares frente al ataque de cualquier agente pat\u00f3geno, principalmente <strong>VIRUS, BACTERIAS <\/strong>y<strong> HONGOS.<\/strong><br \/>\n<strong>ECOVAC<\/strong> act\u00faa inhibiendo la acci\u00f3n catal\u00edtica sobre el per\u00f3xido de hidr\u00f3geno y otros compuestos oxigenados presentes en las plantas, permitiendo la incorporaci\u00f3n en la bios\u00edntesis de compuestos fen\u00f3licos y fitoalexinas, activando los genes que codifican las prote\u00ednas relacionadas con las respuestas de defensa frente al pat\u00f3geno.<\/p>\n","protected":false},"excerpt":{"rendered":"<p>ECOVAC es un producto org\u00e1nico de origen natural que contiene en su formulaci\u00f3n microelementos quelatados y vitaminas, el cu\u00e1l es capaz de actuar como regulador del crecimiento vegetal, favorece la germinaci\u00f3n de las semillas, la acci\u00f3n mec\u00e1nica de los estomas foliares y la producci\u00f3n frutal. ECOVAC induce a la floraci\u00f3n y la producci\u00f3n de compuestos [&hellip;]<\/p>\n","protected":false},"featured_media":15721,"template":"","meta":{"om_disable_all_campaigns":false,"_uag_custom_page_level_css":"","_monsterinsights_skip_tracking":false,"_monsterinsights_sitenote_active":false,"_monsterinsights_sitenote_note":"","_monsterinsights_sitenote_category":0},"product_brand":[],"product_cat":[38],"product_tag":[],"class_list":{"0":"post-2030","1":"product","2":"type-product","3":"status-publish","4":"has-post-thumbnail","6":"product_cat-biotec","8":"first","9":"instock","10":"taxable","11":"shipping-taxable","12":"product-type-simple"},"aioseo_notices":[],"uagb_featured_image_src":{"full":["https:\/\/www.agroserag.com\/site\/wp-content\/uploads\/2019\/07\/Ecovac_500.jpg",500,500,false],"thumbnail":["https:\/\/www.agroserag.com\/site\/wp-content\/uploads\/2019\/07\/Ecovac_500.jpg",150,150,false],"medium":["https:\/\/www.agroserag.com\/site\/wp-content\/uploads\/2019\/07\/Ecovac_500.jpg",300,300,false],"medium_large":["https:\/\/www.agroserag.com\/site\/wp-content\/uploads\/2019\/07\/Ecovac_500.jpg",500,500,false],"large":["https:\/\/www.agroserag.com\/site\/wp-content\/uploads\/2019\/07\/Ecovac_500.jpg",500,500,false],"1536x1536":["https:\/\/www.agroserag.com\/site\/wp-content\/uploads\/2019\/07\/Ecovac_500.jpg",500,500,false],"2048x2048":["https:\/\/www.agroserag.com\/site\/wp-content\/uploads\/2019\/07\/Ecovac_500.jpg",500,500,false],"woocommerce_thumbnail":["https:\/\/www.agroserag.com\/site\/wp-content\/uploads\/2019\/07\/Ecovac_500.jpg",265,265,false],"woocommerce_single":["https:\/\/www.agroserag.com\/site\/wp-content\/uploads\/2019\/07\/Ecovac_500.jpg",450,450,false],"woocommerce_gallery_thumbnail":["https:\/\/www.agroserag.com\/site\/wp-content\/uploads\/2019\/07\/Ecovac_500.jpg",100,100,false],"sow-carousel-default":["https:\/\/www.agroserag.com\/site\/wp-content\/uploads\/2019\/07\/Ecovac_500.jpg",182,182,false]},"uagb_author_info":{"display_name":"Agroser","author_link":false},"uagb_comment_info":0,"uagb_excerpt":"ECOVAC es un producto org\u00e1nico de origen natural que contiene en su formulaci\u00f3n microelementos quelatados y vitaminas, el cu\u00e1l es capaz de actuar como regulador del crecimiento vegetal, favorece la germinaci\u00f3n de las semillas, la acci\u00f3n mec\u00e1nica de los estomas foliares y la producci\u00f3n frutal. ECOVAC induce a la floraci\u00f3n y la producci\u00f3n de compuestos&hellip;","_links":{"self":[{"href":"https:\/\/www.agroserag.com\/site\/wp-json\/wp\/v2\/product\/2030","targetHints":{"allow":["GET"]}}],"collection":[{"href":"https:\/\/www.agroserag.com\/site\/wp-json\/wp\/v2\/product"}],"about":[{"href":"https:\/\/www.agroserag.com\/site\/wp-json\/wp\/v2\/types\/product"}],"wp:featuredmedia":[{"embeddable":true,"href":"https:\/\/www.agroserag.com\/site\/wp-json\/wp\/v2\/media\/15721"}],"wp:attachment":[{"href":"https:\/\/www.agroserag.com\/site\/wp-json\/wp\/v2\/media?parent=2030"}],"wp:term":[{"taxonomy":"product_brand","embeddable":true,"href":"https:\/\/www.agroserag.com\/site\/wp-json\/wp\/v2\/product_brand?post=2030"},{"taxonomy":"product_cat","embeddable":true,"href":"https:\/\/www.agroserag.com\/site\/wp-json\/wp\/v2\/product_cat?post=2030"},{"taxonomy":"product_tag","embeddable":true,"href":"https:\/\/www.agroserag.com\/site\/wp-json\/wp\/v2\/product_tag?post=2030"}],"curies":[{"name":"wp","href":"https:\/\/api.w.org\/{rel}","templated":true}]}}