{"id":2174,"date":"2019-07-11T03:00:14","date_gmt":"2019-07-11T08:00:14","guid":{"rendered":"https:\/\/www.agroserag.com\/site\/?post_type=product&#038;p=2174"},"modified":"2022-01-20T10:44:41","modified_gmt":"2022-01-20T15:44:41","slug":"melon-34-778-rz-f1","status":"publish","type":"product","link":"https:\/\/www.agroserag.com\/site\/shop\/semillas\/hortalizas\/melon-34-778-rz-f1\/","title":{"rendered":"MELON 34-778 RZ F1"},"content":{"rendered":"<p style=\"text-align: justify;\">Sistema de siembra: trasplante<br \/>\nSemillero: 12 d\u00edas<br \/>\nPeriodo vegetativo: Aprox. 75 dds.<br \/>\nDensidad de siembra: recomendada 1.6m x 0.4m. Aprox. 16.660 plantas por ha.<br \/>\nRequerimientos de suelo: Se adapta bien a todas las zonas del pa\u00eds donde se cultiva mel\u00f3n, pero se obtienen mejores resultados en suelos francos o franco-arcillosos ricos en materia org\u00e1nica, profundos, bien drenados y con buena aireaci\u00f3n.<br \/>\nSe recomienda uso de mulch para mantener la humedad del suelo, proteger la planta de altas temperaturas y control efectivo de malezas.<br \/>\nLa introducci\u00f3n de polinizadores es importante para garantizar la producci\u00f3n de los cultivos monoicos.<br \/>\nFertilizaci\u00f3n: se sugiere an\u00e1lisis de suelo y suministro de nutrientes mediante sistema de fertirriego con fertilizantes hidrosolubles y de acuerdo con la extracci\u00f3n de nutrientes en las diferentes etapas fenol\u00f3gicas del cultivo.<br \/>\npH: comprendido entre 5.5 y 6.4<br \/>\nTemperatura \u00f3ptima entre 22 y 32\u00b0C dependiendo de la etapa de cultivo.<br \/>\nAltitud: Subregiones naturales Valle Geogr\u00e1fico del R\u00edo Cauca, Valle Geogr\u00e1fico del Rio Magdalena y Santander<\/p>\n","protected":false},"excerpt":{"rendered":"<p><strong>Nombre cient\u00edfico:<\/strong> Cucumis melo L<br \/>\n<strong>Cultivar:<\/strong> 34-778 RZ F1<\/p>\n","protected":false},"featured_media":15736,"template":"","meta":{"om_disable_all_campaigns":false,"_uag_custom_page_level_css":"","_monsterinsights_skip_tracking":false,"_monsterinsights_sitenote_active":false,"_monsterinsights_sitenote_note":"","_monsterinsights_sitenote_category":0},"product_brand":[],"product_cat":[36,29],"product_tag":[],"class_list":{"0":"post-2174","1":"product","2":"type-product","3":"status-publish","4":"has-post-thumbnail","6":"product_cat-hortalizas","7":"product_cat-semillas","9":"first","10":"instock","11":"taxable","12":"shipping-taxable","13":"product-type-simple"},"aioseo_notices":[],"uagb_featured_image_src":{"full":["https:\/\/www.agroserag.com\/site\/wp-content\/uploads\/2021\/12\/Logo_RZ.jpg",500,500,false],"thumbnail":["https:\/\/www.agroserag.com\/site\/wp-content\/uploads\/2021\/12\/Logo_RZ-150x150.jpg",150,150,true],"medium":["https:\/\/www.agroserag.com\/site\/wp-content\/uploads\/2021\/12\/Logo_RZ-300x300.jpg",300,300,true],"medium_large":["https:\/\/www.agroserag.com\/site\/wp-content\/uploads\/2021\/12\/Logo_RZ.jpg",500,500,false],"large":["https:\/\/www.agroserag.com\/site\/wp-content\/uploads\/2021\/12\/Logo_RZ.jpg",500,500,false],"1536x1536":["https:\/\/www.agroserag.com\/site\/wp-content\/uploads\/2021\/12\/Logo_RZ.jpg",500,500,false],"2048x2048":["https:\/\/www.agroserag.com\/site\/wp-content\/uploads\/2021\/12\/Logo_RZ.jpg",500,500,false],"woocommerce_thumbnail":["https:\/\/www.agroserag.com\/site\/wp-content\/uploads\/2021\/12\/Logo_RZ-265x265.jpg",265,265,true],"woocommerce_single":["https:\/\/www.agroserag.com\/site\/wp-content\/uploads\/2021\/12\/Logo_RZ-450x450.jpg",450,450,true],"woocommerce_gallery_thumbnail":["https:\/\/www.agroserag.com\/site\/wp-content\/uploads\/2021\/12\/Logo_RZ-100x100.jpg",100,100,true],"sow-carousel-default":["https:\/\/www.agroserag.com\/site\/wp-content\/uploads\/2021\/12\/Logo_RZ-272x182.jpg",272,182,true]},"uagb_author_info":{"display_name":"Agroser","author_link":false},"uagb_comment_info":0,"uagb_excerpt":"Nombre cient\u00edfico: Cucumis melo L Cultivar: 34-778 RZ F1","_links":{"self":[{"href":"https:\/\/www.agroserag.com\/site\/wp-json\/wp\/v2\/product\/2174","targetHints":{"allow":["GET"]}}],"collection":[{"href":"https:\/\/www.agroserag.com\/site\/wp-json\/wp\/v2\/product"}],"about":[{"href":"https:\/\/www.agroserag.com\/site\/wp-json\/wp\/v2\/types\/product"}],"wp:featuredmedia":[{"embeddable":true,"href":"https:\/\/www.agroserag.com\/site\/wp-json\/wp\/v2\/media\/15736"}],"wp:attachment":[{"href":"https:\/\/www.agroserag.com\/site\/wp-json\/wp\/v2\/media?parent=2174"}],"wp:term":[{"taxonomy":"product_brand","embeddable":true,"href":"https:\/\/www.agroserag.com\/site\/wp-json\/wp\/v2\/product_brand?post=2174"},{"taxonomy":"product_cat","embeddable":true,"href":"https:\/\/www.agroserag.com\/site\/wp-json\/wp\/v2\/product_cat?post=2174"},{"taxonomy":"product_tag","embeddable":true,"href":"https:\/\/www.agroserag.com\/site\/wp-json\/wp\/v2\/product_tag?post=2174"}],"curies":[{"name":"wp","href":"https:\/\/api.w.org\/{rel}","templated":true}]}}