{"id":2234,"date":"2019-07-11T09:44:47","date_gmt":"2019-07-11T14:44:47","guid":{"rendered":"https:\/\/www.agroserag.com\/site\/?post_type=product&#038;p=2234"},"modified":"2024-07-11T10:33:57","modified_gmt":"2024-07-11T15:33:57","slug":"inimectin-1-8-ec","status":"publish","type":"product","link":"https:\/\/www.agroserag.com\/site\/shop\/proteccion\/insecticidas\/inimectin-1-8-ec\/","title":{"rendered":"INIMECTIN 1.8 EC"},"content":{"rendered":"<p><strong>INIMECTIN 1.8 EC<\/strong> es un insecticida-acaricida de acci\u00f3n translaminar, eficaz en el control de los estados m\u00f3viles de los \u00e1caros.<\/p>\n<p><strong>INIMECTIN 1.8 EC<\/strong> act\u00faa por contacto e ingesti\u00f3n ocasionando par\u00e1lisis de la plaga. De esa manera evita que se alimenten, por lo que mueren entre 3 y 7 d\u00edas de efectuado el tratamiento<\/p>\n","protected":false},"excerpt":{"rendered":"<p><img loading=\"lazy\" decoding=\"async\" class=\"alignnone wp-image-16573 size-full\" src=\"https:\/\/www.agroserag.com\/site\/wp-content\/uploads\/2019\/07\/Logo-Inimectin_miniatura.png\" alt=\"\" width=\"190\" height=\"60\" \/><br \/>\nI.A: Abamectina<br \/>\nREGISTRO ICA: <strong>PL0018012023<\/strong><br \/>\nCATEGOR\u00cdA TOXICOL\u00d3GICA: II MODERADAMENTE PELIGROSO<\/p>\n","protected":false},"featured_media":16574,"template":"","meta":{"om_disable_all_campaigns":false,"_uag_custom_page_level_css":"","_monsterinsights_skip_tracking":false,"_monsterinsights_sitenote_active":false,"_monsterinsights_sitenote_note":"","_monsterinsights_sitenote_category":0},"product_brand":[],"product_cat":[25,18],"product_tag":[],"class_list":{"0":"post-2234","1":"product","2":"type-product","3":"status-publish","4":"has-post-thumbnail","6":"product_cat-insecticidas","7":"product_cat-proteccion","9":"first","10":"instock","11":"taxable","12":"shipping-taxable","13":"product-type-simple"},"aioseo_notices":[],"uagb_featured_image_src":{"full":["https:\/\/www.agroserag.com\/site\/wp-content\/uploads\/2019\/07\/Logo-Inimectin-2023.png",500,500,false],"thumbnail":["https:\/\/www.agroserag.com\/site\/wp-content\/uploads\/2019\/07\/Logo-Inimectin-2023.png",150,150,false],"medium":["https:\/\/www.agroserag.com\/site\/wp-content\/uploads\/2019\/07\/Logo-Inimectin-2023.png",300,300,false],"medium_large":["https:\/\/www.agroserag.com\/site\/wp-content\/uploads\/2019\/07\/Logo-Inimectin-2023.png",500,500,false],"large":["https:\/\/www.agroserag.com\/site\/wp-content\/uploads\/2019\/07\/Logo-Inimectin-2023.png",500,500,false],"1536x1536":["https:\/\/www.agroserag.com\/site\/wp-content\/uploads\/2019\/07\/Logo-Inimectin-2023.png",500,500,false],"2048x2048":["https:\/\/www.agroserag.com\/site\/wp-content\/uploads\/2019\/07\/Logo-Inimectin-2023.png",500,500,false],"woocommerce_thumbnail":["https:\/\/www.agroserag.com\/site\/wp-content\/uploads\/2019\/07\/Logo-Inimectin-2023.png",265,265,false],"woocommerce_single":["https:\/\/www.agroserag.com\/site\/wp-content\/uploads\/2019\/07\/Logo-Inimectin-2023.png",450,450,false],"woocommerce_gallery_thumbnail":["https:\/\/www.agroserag.com\/site\/wp-content\/uploads\/2019\/07\/Logo-Inimectin-2023.png",100,100,false],"sow-carousel-default":["https:\/\/www.agroserag.com\/site\/wp-content\/uploads\/2019\/07\/Logo-Inimectin-2023.png",182,182,false]},"uagb_author_info":{"display_name":"Mar\u00eda Fernanda Figueroa","author_link":false},"uagb_comment_info":0,"uagb_excerpt":"I.A: Abamectina REGISTRO ICA: PL0018012023 CATEGOR\u00cdA TOXICOL\u00d3GICA: II MODERADAMENTE PELIGROSO","_links":{"self":[{"href":"https:\/\/www.agroserag.com\/site\/wp-json\/wp\/v2\/product\/2234","targetHints":{"allow":["GET"]}}],"collection":[{"href":"https:\/\/www.agroserag.com\/site\/wp-json\/wp\/v2\/product"}],"about":[{"href":"https:\/\/www.agroserag.com\/site\/wp-json\/wp\/v2\/types\/product"}],"wp:featuredmedia":[{"embeddable":true,"href":"https:\/\/www.agroserag.com\/site\/wp-json\/wp\/v2\/media\/16574"}],"wp:attachment":[{"href":"https:\/\/www.agroserag.com\/site\/wp-json\/wp\/v2\/media?parent=2234"}],"wp:term":[{"taxonomy":"product_brand","embeddable":true,"href":"https:\/\/www.agroserag.com\/site\/wp-json\/wp\/v2\/product_brand?post=2234"},{"taxonomy":"product_cat","embeddable":true,"href":"https:\/\/www.agroserag.com\/site\/wp-json\/wp\/v2\/product_cat?post=2234"},{"taxonomy":"product_tag","embeddable":true,"href":"https:\/\/www.agroserag.com\/site\/wp-json\/wp\/v2\/product_tag?post=2234"}],"curies":[{"name":"wp","href":"https:\/\/api.w.org\/{rel}","templated":true}]}}