{"id":3043,"date":"2019-07-26T18:22:45","date_gmt":"2019-07-26T23:22:45","guid":{"rendered":"https:\/\/www.agroserag.com\/site\/?post_type=product&#038;p=3043"},"modified":"2022-10-06T19:22:24","modified_gmt":"2022-10-07T00:22:24","slug":"libero_rz","status":"publish","type":"product","link":"https:\/\/www.agroserag.com\/site\/shop\/semillas\/hortalizas\/libero_rz\/","title":{"rendered":"REMOLACHA LIBERO RZ"},"content":{"rendered":"<p>Variedad de tipo globosa, roja. De hoja erecta y r\u00fastica, con una fuerte inserci\u00f3n a nivel de cuello, presenta un buen comportamiento ante enfermedades. Piel lisa, carne de textura firme con intenso color rojo y alto contenido en az\u00facar. Variedad precoz, r\u00fastica con buen comportamiento en distintos terrenos, f\u00e1cil adaptabilidad y altas producciones, presenta buena resistencia al espigado. Se adapta a los mercados de manojo e industria.<\/p>\n","protected":false},"excerpt":{"rendered":"<p>Variedad de tipo globosa, roja. De hoja erecta y r\u00fastica, con una fuerte inserci\u00f3n a nivel de cuello, presenta un buen comportamiento ante enfermedades. Piel lisa, carne de textura firme con intenso color rojo y alto contenido en az\u00facar. Variedad precoz, r\u00fastica con buen comportamiento en distintos terrenos, f\u00e1cil adaptabilidad y altas producciones, presenta buena [&hellip;]<\/p>\n","protected":false},"featured_media":16192,"template":"","meta":{"om_disable_all_campaigns":false,"_uag_custom_page_level_css":"","_monsterinsights_skip_tracking":false,"_monsterinsights_sitenote_active":false,"_monsterinsights_sitenote_note":"","_monsterinsights_sitenote_category":0},"product_brand":[],"product_cat":[36,29],"product_tag":[64],"class_list":{"0":"post-3043","1":"product","2":"type-product","3":"status-publish","4":"has-post-thumbnail","6":"product_cat-hortalizas","7":"product_cat-semillas","8":"product_tag-remolacha","10":"first","11":"instock","12":"taxable","13":"shipping-taxable","14":"product-type-simple"},"aioseo_notices":[],"uagb_featured_image_src":{"full":["https:\/\/www.agroserag.com\/site\/wp-content\/uploads\/2022\/10\/FT-Remolacha-Libero-RZ.jpg",800,800,false],"thumbnail":["https:\/\/www.agroserag.com\/site\/wp-content\/uploads\/2022\/10\/FT-Remolacha-Libero-RZ.jpg",150,150,false],"medium":["https:\/\/www.agroserag.com\/site\/wp-content\/uploads\/2022\/10\/FT-Remolacha-Libero-RZ.jpg",300,300,false],"medium_large":["https:\/\/www.agroserag.com\/site\/wp-content\/uploads\/2022\/10\/FT-Remolacha-Libero-RZ.jpg",768,768,false],"large":["https:\/\/www.agroserag.com\/site\/wp-content\/uploads\/2022\/10\/FT-Remolacha-Libero-RZ.jpg",800,800,false],"1536x1536":["https:\/\/www.agroserag.com\/site\/wp-content\/uploads\/2022\/10\/FT-Remolacha-Libero-RZ.jpg",800,800,false],"2048x2048":["https:\/\/www.agroserag.com\/site\/wp-content\/uploads\/2022\/10\/FT-Remolacha-Libero-RZ.jpg",800,800,false],"woocommerce_thumbnail":["https:\/\/www.agroserag.com\/site\/wp-content\/uploads\/2022\/10\/FT-Remolacha-Libero-RZ.jpg",265,265,false],"woocommerce_single":["https:\/\/www.agroserag.com\/site\/wp-content\/uploads\/2022\/10\/FT-Remolacha-Libero-RZ.jpg",450,450,false],"woocommerce_gallery_thumbnail":["https:\/\/www.agroserag.com\/site\/wp-content\/uploads\/2022\/10\/FT-Remolacha-Libero-RZ.jpg",100,100,false],"sow-carousel-default":["https:\/\/www.agroserag.com\/site\/wp-content\/uploads\/2022\/10\/FT-Remolacha-Libero-RZ.jpg",182,182,false]},"uagb_author_info":{"display_name":"Agroser","author_link":false},"uagb_comment_info":0,"uagb_excerpt":"Variedad de tipo globosa, roja. De hoja erecta y r\u00fastica, con una fuerte inserci\u00f3n a nivel de cuello, presenta un buen comportamiento ante enfermedades. Piel lisa, carne de textura firme con intenso color rojo y alto contenido en az\u00facar. Variedad precoz, r\u00fastica con buen comportamiento en distintos terrenos, f\u00e1cil adaptabilidad y altas producciones, presenta buena&hellip;","_links":{"self":[{"href":"https:\/\/www.agroserag.com\/site\/wp-json\/wp\/v2\/product\/3043","targetHints":{"allow":["GET"]}}],"collection":[{"href":"https:\/\/www.agroserag.com\/site\/wp-json\/wp\/v2\/product"}],"about":[{"href":"https:\/\/www.agroserag.com\/site\/wp-json\/wp\/v2\/types\/product"}],"wp:featuredmedia":[{"embeddable":true,"href":"https:\/\/www.agroserag.com\/site\/wp-json\/wp\/v2\/media\/16192"}],"wp:attachment":[{"href":"https:\/\/www.agroserag.com\/site\/wp-json\/wp\/v2\/media?parent=3043"}],"wp:term":[{"taxonomy":"product_brand","embeddable":true,"href":"https:\/\/www.agroserag.com\/site\/wp-json\/wp\/v2\/product_brand?post=3043"},{"taxonomy":"product_cat","embeddable":true,"href":"https:\/\/www.agroserag.com\/site\/wp-json\/wp\/v2\/product_cat?post=3043"},{"taxonomy":"product_tag","embeddable":true,"href":"https:\/\/www.agroserag.com\/site\/wp-json\/wp\/v2\/product_tag?post=3043"}],"curies":[{"name":"wp","href":"https:\/\/api.w.org\/{rel}","templated":true}]}}