{"id":3272,"date":"2019-07-30T15:44:55","date_gmt":"2019-07-30T20:44:55","guid":{"rendered":"https:\/\/www.agroserag.com\/site\/?post_type=product&#038;p=3272"},"modified":"2022-01-20T10:04:37","modified_gmt":"2022-01-20T15:04:37","slug":"zanahoria-morelia","status":"publish","type":"product","link":"https:\/\/www.agroserag.com\/site\/shop\/semillas\/hortalizas\/zanahoria-morelia\/","title":{"rendered":"ZANAHORIA MORELIA"},"content":{"rendered":"<p style=\"text-align: justify;\">Variedad de zanahoria tipo Nantesa de ciclo medio-tard\u00edo, de hoja fuerte y erecta, de color verde oscuro, fuerte inserci\u00f3n en ra\u00edz, con una buna tolerancia a las enfermedades y climatolog\u00eda adversa, con buen aguante al espigado. Ra\u00edz cil\u00edndrica, de intenso color, sin hombros verdes, con alta uniformidad. En campo presenta un comportamiento muy estable en diferentes tipos de suelo, con buena conservaci\u00f3n y altos rendimientos. Enfocada a mercados de pelado con altos par\u00e1metros de calidad. La densidad de siembra recomendada es de 1.500.000 -1.800.000 semillas\/ha dependiendo de la zona, climatolog\u00eda y destino final del producto.<\/p>\n","protected":false},"excerpt":{"rendered":"<p>Variedad de zanahoria tipo Nantesa de ciclo medio-tard\u00edo, de hoja fuerte y erecta, de color verde oscuro, fuerte inserci\u00f3n en ra\u00edz, con una buna tolerancia a las enfermedades y climatolog\u00eda adversa, con buen aguante al espigado. Ra\u00edz cil\u00edndrica, de intenso color, sin hombros verdes, con alta uniformidad. En campo presenta un comportamiento muy estable en [&hellip;]<\/p>\n","protected":false},"featured_media":3274,"template":"","meta":{"om_disable_all_campaigns":false,"_uag_custom_page_level_css":"","_monsterinsights_skip_tracking":false,"_monsterinsights_sitenote_active":false,"_monsterinsights_sitenote_note":"","_monsterinsights_sitenote_category":0},"product_brand":[],"product_cat":[36,29],"product_tag":[59],"class_list":{"0":"post-3272","1":"product","2":"type-product","3":"status-publish","4":"has-post-thumbnail","6":"product_cat-hortalizas","7":"product_cat-semillas","8":"product_tag-zanahoria","10":"first","11":"instock","12":"taxable","13":"shipping-taxable","14":"product-type-simple"},"aioseo_notices":[],"uagb_featured_image_src":{"full":["https:\/\/www.agroserag.com\/site\/wp-content\/uploads\/2019\/07\/morelia_01.jpg",450,450,false],"thumbnail":["https:\/\/www.agroserag.com\/site\/wp-content\/uploads\/2019\/07\/morelia_01-150x150.jpg",150,150,true],"medium":["https:\/\/www.agroserag.com\/site\/wp-content\/uploads\/2019\/07\/morelia_01-300x300.jpg",300,300,true],"medium_large":["https:\/\/www.agroserag.com\/site\/wp-content\/uploads\/2019\/07\/morelia_01.jpg",450,450,false],"large":["https:\/\/www.agroserag.com\/site\/wp-content\/uploads\/2019\/07\/morelia_01.jpg",450,450,false],"1536x1536":["https:\/\/www.agroserag.com\/site\/wp-content\/uploads\/2019\/07\/morelia_01.jpg",450,450,false],"2048x2048":["https:\/\/www.agroserag.com\/site\/wp-content\/uploads\/2019\/07\/morelia_01.jpg",450,450,false],"woocommerce_thumbnail":["https:\/\/www.agroserag.com\/site\/wp-content\/uploads\/2019\/07\/morelia_01-265x265.jpg",265,265,true],"woocommerce_single":["https:\/\/www.agroserag.com\/site\/wp-content\/uploads\/2019\/07\/morelia_01-450x450.jpg",450,450,true],"woocommerce_gallery_thumbnail":["https:\/\/www.agroserag.com\/site\/wp-content\/uploads\/2019\/07\/morelia_01-100x100.jpg",100,100,true],"sow-carousel-default":["https:\/\/www.agroserag.com\/site\/wp-content\/uploads\/2019\/07\/morelia_01-272x182.jpg",272,182,true]},"uagb_author_info":{"display_name":"Agroser","author_link":false},"uagb_comment_info":0,"uagb_excerpt":"Variedad de zanahoria tipo Nantesa de ciclo medio-tard\u00edo, de hoja fuerte y erecta, de color verde oscuro, fuerte inserci\u00f3n en ra\u00edz, con una buna tolerancia a las enfermedades y climatolog\u00eda adversa, con buen aguante al espigado. Ra\u00edz cil\u00edndrica, de intenso color, sin hombros verdes, con alta uniformidad. En campo presenta un comportamiento muy estable en&hellip;","_links":{"self":[{"href":"https:\/\/www.agroserag.com\/site\/wp-json\/wp\/v2\/product\/3272","targetHints":{"allow":["GET"]}}],"collection":[{"href":"https:\/\/www.agroserag.com\/site\/wp-json\/wp\/v2\/product"}],"about":[{"href":"https:\/\/www.agroserag.com\/site\/wp-json\/wp\/v2\/types\/product"}],"wp:featuredmedia":[{"embeddable":true,"href":"https:\/\/www.agroserag.com\/site\/wp-json\/wp\/v2\/media\/3274"}],"wp:attachment":[{"href":"https:\/\/www.agroserag.com\/site\/wp-json\/wp\/v2\/media?parent=3272"}],"wp:term":[{"taxonomy":"product_brand","embeddable":true,"href":"https:\/\/www.agroserag.com\/site\/wp-json\/wp\/v2\/product_brand?post=3272"},{"taxonomy":"product_cat","embeddable":true,"href":"https:\/\/www.agroserag.com\/site\/wp-json\/wp\/v2\/product_cat?post=3272"},{"taxonomy":"product_tag","embeddable":true,"href":"https:\/\/www.agroserag.com\/site\/wp-json\/wp\/v2\/product_tag?post=3272"}],"curies":[{"name":"wp","href":"https:\/\/api.w.org\/{rel}","templated":true}]}}